{"id":1142,"date":"2022-05-17T16:05:20","date_gmt":"2022-05-17T14:05:20","guid":{"rendered":"https:\/\/www.hofosshistorieforening.no\/?page_id=1142"},"modified":"2026-03-25T10:54:35","modified_gmt":"2026-03-25T09:54:35","slug":"gamle-aktualiteter","status":"publish","type":"page","link":"https:\/\/www.hofosshistorieforening.no\/?page_id=1142","title":{"rendered":"Gamle aktualiteter"},"content":{"rendered":"\n<p class=\"has-large-font-size\">Bokutgivelse<\/p>\n\n\n\n<p class=\"has-medium-font-size\"><strong>Olaf Hofoss, den glemte forfatteren fra Finnskogen<\/strong><\/p>\n\n\n\n<div class=\"wp-block-columns is-layout-flex wp-container-core-columns-is-layout-9d6595d7 wp-block-columns-is-layout-flex\">\n<div class=\"wp-block-column is-layout-flow wp-block-column-is-layout-flow\">\n<p>Boka \u00abEn finnskogdikters liv og forfatterskap\u00bb ble lansert p\u00e5 Hofossdagen 24. juni. Dag Kjensjord er redakt\u00f8r for boka og Kongsvinger Kommune og Sparebankstiftelsen Hedmark har gitt tilskudd til prosjektet.<\/p>\n\n\n\n<p>Boka er utgitt p\u00e5 Svein Sandnes bokforlag i samarbeid med Hofoss Historieforening. Kjensjord har samlet stoff om en slektning av seg, forfatteren, dikteren, journalisten og levemannen Olaf Hofoss gjennom mange \u00e5r, noe som har v\u00e6rt litt av et detektivarbeid, ikke minst fordi Hofoss emigrerte til Canada midt p\u00e5 1920-tallet. Ved hjelp av etterkommere av Olaf har Kjensjord klart \u00e5 tegne et bilde av forfatteren, en person som var en ganske sammensatt karakter. E-postutveksling og brev fra slektningene er en del av boka, i likhet med litter\u00e6r omtale av Juel Stubberud og Eva-Marie Syversen, b\u00e5de av forfatteren og forfatterskapet. Avisartikler fra Hofoss sin tid som journalist i Canadiske aviser og tidsskrifter er ogs\u00e5 tatt med.<\/p>\n\n\n\n<p>Fire av b\u00f8kene som forfatteren Olaf Hofoss ga ut p\u00e5 1920-tallet er gjengitt i boka. Innholdet i b\u00f8kene til Hofoss tar utgangspunkt i sagn og fortellinger han har h\u00f8rt. Finnskogen er et omr\u00e5de der det gjennom tidene har v\u00e6rt konflikter mellom folkegrupper og samfunnslag: B\u00f8nder, husmenn, rogfinner, kvener og tatere. Konfliktene har gitt opphav til mange myter og sagn som det ble spunnet videre p\u00e5 og formidlet muntlig til de senere generasjoner.<\/p>\n\n\n\n<p>At denne boka kommer p\u00e5 markedet p\u00e5 samme tid som rapporten om fornorskingsprosessen av minoritetsgrupper blir lagt fram, gj\u00f8r boka enda mer aktuell.<\/p>\n\n\n\n<p>Boka f\u00e5s kj\u00f8pt gjennom Hofoss Historieforening, ved henvendelse til Thor Olsen, tlf <em>95870139<\/em>&nbsp; eller e-post: <em>robinthorol@outlook.com<\/em> og koster kr. 400,-.<\/p>\n\n\n\n<p>Boka vil ogs\u00e5 v\u00e6re til salg p\u00e5 Finnskogdagene 8.-9. juli<\/p>\n\n\n\n<p>Boka er ogs\u00e5 tilgjengelig i alle bokhandlere og p\u00e5 nettet.<\/p>\n<\/div>\n\n\n\n<div class=\"wp-block-column is-layout-flow wp-block-column-is-layout-flow\">\n<figure class=\"wp-block-image size-large\"><img loading=\"lazy\" decoding=\"async\" width=\"1024\" height=\"576\" src=\"https:\/\/www.hofosshistorieforening.no\/wp-content\/uploads\/2023\/08\/Dag-med-bok-1024x576.jpg\" alt=\"\" class=\"wp-image-1212\" srcset=\"https:\/\/www.hofosshistorieforening.no\/wp-content\/uploads\/2023\/08\/Dag-med-bok-1024x576.jpg 1024w, https:\/\/www.hofosshistorieforening.no\/wp-content\/uploads\/2023\/08\/Dag-med-bok-300x169.jpg 300w, https:\/\/www.hofosshistorieforening.no\/wp-content\/uploads\/2023\/08\/Dag-med-bok-768x432.jpg 768w, https:\/\/www.hofosshistorieforening.no\/wp-content\/uploads\/2023\/08\/Dag-med-bok-1536x864.jpg 1536w, https:\/\/www.hofosshistorieforening.no\/wp-content\/uploads\/2023\/08\/Dag-med-bok-2048x1152.jpg 2048w, https:\/\/www.hofosshistorieforening.no\/wp-content\/uploads\/2023\/08\/Dag-med-bok-150x84.jpg 150w\" sizes=\"auto, (max-width: 1024px) 100vw, 1024px\" \/><figcaption class=\"wp-element-caption\">Ved utgangspunktet: Dag Kjensjord med den nye boka der Olaf Hofoss vokste opp med Fjellsj\u00f8en i bakgrunnen, samme motiv som er gjengitt p\u00e5 omslaget av boka. Foto: Reidar Sundal.<\/figcaption><\/figure>\n\n\n\n<p><\/p>\n\n\n\n<p><\/p>\n\n\n\n<p><\/p>\n\n\n\n<figure class=\"wp-block-image size-full\"><img loading=\"lazy\" decoding=\"async\" width=\"989\" height=\"708\" src=\"https:\/\/www.hofosshistorieforening.no\/wp-content\/uploads\/2023\/08\/Omslag-bok-Ole-Hofoss-002.jpg\" alt=\"\" class=\"wp-image-1213\" srcset=\"https:\/\/www.hofosshistorieforening.no\/wp-content\/uploads\/2023\/08\/Omslag-bok-Ole-Hofoss-002.jpg 989w, https:\/\/www.hofosshistorieforening.no\/wp-content\/uploads\/2023\/08\/Omslag-bok-Ole-Hofoss-002-300x215.jpg 300w, https:\/\/www.hofosshistorieforening.no\/wp-content\/uploads\/2023\/08\/Omslag-bok-Ole-Hofoss-002-768x550.jpg 768w, https:\/\/www.hofosshistorieforening.no\/wp-content\/uploads\/2023\/08\/Omslag-bok-Ole-Hofoss-002-150x107.jpg 150w\" sizes=\"auto, (max-width: 989px) 100vw, 989px\" \/><figcaption class=\"wp-element-caption\">Omslaget p\u00e5 boka om Olaf Hofoss<\/figcaption><\/figure>\n<\/div>\n<\/div>\n\n\n\n<hr class=\"wp-block-separator has-alpha-channel-opacity is-style-wide\"\/>\n\n\n\n<p class=\"has-large-font-size\">Innkalling til \u00c5rsm\u00f8te i Hofoss historieforening<\/p>\n\n\n\n<p><strong>Mandag 22.april 2024 kl 19.00<\/strong><br>M\u00f8tet avholdes hos Inger Noer p\u00e5 Hofoss.<\/p>\n\n\n\n<p><strong>Saksliste:<\/strong><\/p>\n\n\n\n<ol class=\"wp-block-list\">\n<li>Godkjenning av innkalling og saksliste<\/li>\n\n\n\n<li>Valg av m\u00f8teleder<\/li>\n\n\n\n<li>Valg av to til \u00e5 underskrive protokollen<\/li>\n\n\n\n<li>Behandle Hofoss historieforenings \u00e5rsmelding<\/li>\n\n\n\n<li>Behandle Hofoss historieforenings regnskap i revidert stand<\/li>\n\n\n\n<li>Behandle innkomne forslag<\/li>\n\n\n\n<li>Fastsette kontingent for 2025<\/li>\n\n\n\n<li>Vedta foreningens budsjett<\/li>\n\n\n\n<li>Valg av styre og styreleder<\/li>\n\n\n\n<li>Valg av revisor og valgkomite<\/li>\n<\/ol>\n\n\n\n<p>Forslag som skal behandles p\u00e5 \u00e5rsm\u00f8te sendes til styret v\/ Dag Kjensjord (dkje@online.no) innen 8. april.<br>S\u00f8rumsand, 2. april 2024<br><br>For styret i Hofoss Historieforening<br>Dag Kjensjord<br>Styreleder<\/p>\n\n\n\n<p class=\"has-large-font-size\">\u00c5rsm\u00f8te 2024<\/p>\n\n\n<a href=\"https:\/\/www.hofosshistorieforening.no\/wp-content\/uploads\/2024\/05\/Arsmotepapirer-2024-samlet.pdf\" class=\"pdfemb-viewer\" style=\"\" data-width=\"max\" data-height=\"max\" data-toolbar=\"bottom\" data-toolbar-fixed=\"on\">Arsmotepapirer-2024-samlet<\/a>\n\n\n<p class=\"has-large-font-size\">Hofossdagen 2023<\/p>\n\n\n\n<figure class=\"wp-block-image size-large\"><img loading=\"lazy\" decoding=\"async\" width=\"685\" height=\"1024\" src=\"https:\/\/www.hofosshistorieforening.no\/wp-content\/uploads\/2023\/05\/IMG_2023-685x1024.jpg\" alt=\"\" class=\"wp-image-1208\" srcset=\"https:\/\/www.hofosshistorieforening.no\/wp-content\/uploads\/2023\/05\/IMG_2023-685x1024.jpg 685w, https:\/\/www.hofosshistorieforening.no\/wp-content\/uploads\/2023\/05\/IMG_2023-201x300.jpg 201w, https:\/\/www.hofosshistorieforening.no\/wp-content\/uploads\/2023\/05\/IMG_2023-768x1148.jpg 768w, https:\/\/www.hofosshistorieforening.no\/wp-content\/uploads\/2023\/05\/IMG_2023-1028x1536.jpg 1028w, https:\/\/www.hofosshistorieforening.no\/wp-content\/uploads\/2023\/05\/IMG_2023-100x150.jpg 100w, https:\/\/www.hofosshistorieforening.no\/wp-content\/uploads\/2023\/05\/IMG_2023.jpg 1370w\" sizes=\"auto, (max-width: 685px) 100vw, 685px\" \/><\/figure>\n\n\n\n<hr class=\"wp-block-separator has-alpha-channel-opacity is-style-wide\"\/>\n\n\n\n<p class=\"has-vivid-cyan-blue-color has-text-color has-medium-font-size\">&nbsp;&nbsp;&nbsp;&nbsp;&nbsp;&nbsp;&nbsp;&nbsp;&nbsp;&nbsp;&nbsp;&nbsp;&nbsp;&nbsp;&nbsp;<strong>&nbsp;&nbsp; Innkalling til \u00c5rsm\u00f8te i Hofoss historieforening<\/strong><\/p>\n\n\n\n<p>&nbsp;&nbsp;&nbsp;&nbsp;&nbsp;&nbsp;&nbsp;&nbsp;&nbsp;&nbsp;&nbsp;&nbsp;&nbsp;&nbsp;&nbsp;&nbsp;&nbsp;&nbsp;&nbsp;&nbsp;&nbsp;&nbsp;&nbsp;&nbsp;&nbsp;&nbsp;&nbsp;&nbsp;&nbsp;&nbsp;&nbsp;&nbsp; torsdag 16. mars 2023 kl 19.00<br>                             M\u00f8tet holdes hos Inger Noer p\u00e5 Hofoss.<\/p>\n\n\n\n<p><strong>Saksliste:<\/strong><\/p>\n\n\n\n<ol style=\"list-style-type:1\" class=\"wp-block-list\">\n<li>Godkjenning av innkalling og saksliste<\/li>\n\n\n\n<li>Valg av m\u00f8teleder<\/li>\n\n\n\n<li>Valg av to til \u00e5 underskrive protokollen<\/li>\n\n\n\n<li>Behandle Hofoss historieforenings \u00e5rsmelding<\/li>\n\n\n\n<li>Behandle Hofoss historieforenings regnskap<\/li>\n\n\n\n<li>Behandle innkomne forslag<\/li>\n\n\n\n<li>Fastsette kontingent for 2024<\/li>\n\n\n\n<li>Vedta foreningens budsjett<\/li>\n\n\n\n<li>Valg<\/li>\n<\/ol>\n\n\n\n<p>Forslag som skal behandles p\u00e5 \u00e5rsm\u00f8te sendes til styret v\/ Dag Kjensjord (dkje@online.no) innen 9. mars.<br>S\u00f8rumsand, 22. februar 2023<br>For styret i Hofoss Historieforening<br>     Dag Kjensjord<br>&nbsp;&nbsp;&nbsp;&nbsp; Styreleder<\/p>\n\n\n\n<hr class=\"wp-block-separator has-alpha-channel-opacity is-style-wide\"\/>\n\n\n\n<h2 class=\"wp-block-heading\">Trond Nordby ute med ny bok<\/h2>\n\n\n\n<p>I sommer kom Trond Nordby u med en ny bok, sin tredje i rekken om livet p\u00e5 Finnskogen. Tittelen p\u00e5 er &#8220;T\u00f8mmerfl\u00f8ting i Skasenvassdraget og Glomma&#8221;. Lanseringen ble markert med en liten tilstelning p\u00e5 Noer g\u00e5rd under strengt smittevernregime. Boken er utgitt p\u00e5 PAX forlag. <\/p>\n\n\n\n<p>I etterkant av markeringen fikk vi f\u00f8lgende melding fra representantene fra PAX: <\/p>\n\n\n\n<div class=\"wp-block-group\"><div class=\"wp-block-group__inner-container is-layout-flow wp-block-group-is-layout-flow\">\n<div class=\"wp-block-group\"><div class=\"wp-block-group__inner-container is-layout-flow wp-block-group-is-layout-flow\">\n<p><em>\u201c100.000 takk for en um\u00e5telig givende stund p\u00e5 Hofoss.<\/em><br><em>Imponerende hva dere utretter for \u00e5 bevare kunnskapen om livene til alle de som bygget landet.<\/em><br><em> <em>Imponerende hva dere utretter for \u00e5 bevare kunnskapen om livene til alle de som bygget landet<\/em> .<\/em><\/p>\n\n\n\n<p><em>Hils de \u00f8vrige ildsjelene.<\/em><br><em>Bj\u00f8rn &amp; Tone\u201d<\/em><\/p>\n<\/div><\/div>\n<\/div><\/div>\n\n\n\n<hr class=\"wp-block-separator has-alpha-channel-opacity is-style-wide\"\/>\n\n\n\n<h2 class=\"wp-block-heading has-medium-font-size\">Vi \u00f8nsker velkommen til \u00e5rets Hofossdag l\u00f8rdag 25.06.2022<\/h2>\n\n\n\n<figure class=\"wp-block-image size-full is-resized\"><img loading=\"lazy\" decoding=\"async\" width=\"526\" height=\"808\" src=\"https:\/\/www.hofosshistorieforening.no\/wp-content\/uploads\/2022\/05\/Invitasjon-2022.jpg\" alt=\"\" class=\"wp-image-1140\" style=\"width:526px;height:808px\" srcset=\"https:\/\/www.hofosshistorieforening.no\/wp-content\/uploads\/2022\/05\/Invitasjon-2022.jpg 526w, https:\/\/www.hofosshistorieforening.no\/wp-content\/uploads\/2022\/05\/Invitasjon-2022-195x300.jpg 195w, https:\/\/www.hofosshistorieforening.no\/wp-content\/uploads\/2022\/05\/Invitasjon-2022-98x150.jpg 98w\" sizes=\"auto, (max-width: 526px) 100vw, 526px\" \/><\/figure>\n\n\n\n<h2 class=\"wp-block-heading\">Hei alle sammen<\/h2>\n\n\n\n<p>P\u00e5 grunn av Coronasituasjonen har Hofoss historieforening valgt \u00e5 UTSETTE \u00e5rets Hofossdagen 26. Juni. Med forbehold tar vi sikte p\u00e5 \u00e5 gjennomf\u00f8re Hofossdagen den&nbsp;<strong>28. August kl. 13.00<\/strong>. \u00c5rets tema blir om t\u00f8mmerfl\u00f8tingen i Skasvassdraget, med k\u00e5seri av Trond Nordby. Vi \u00f8nsker alle en god sommer og h\u00e5per vi kan treffes i august!<\/p>\n\n\n\n<p>Mvh<br><em>Dag Kjensjord<\/em><br>Leder Hofoss HIstorieforening<\/p>\n\n\n\n<figure class=\"wp-block-image size-full\"><img loading=\"lazy\" decoding=\"async\" width=\"756\" height=\"960\" src=\"https:\/\/www.hofosshistorieforening.no\/wp-content\/uploads\/2021\/08\/Invitasjon-2021.jpg\" alt=\"\" class=\"wp-image-1134\" srcset=\"https:\/\/www.hofosshistorieforening.no\/wp-content\/uploads\/2021\/08\/Invitasjon-2021.jpg 756w, https:\/\/www.hofosshistorieforening.no\/wp-content\/uploads\/2021\/08\/Invitasjon-2021-236x300.jpg 236w, https:\/\/www.hofosshistorieforening.no\/wp-content\/uploads\/2021\/08\/Invitasjon-2021-118x150.jpg 118w\" sizes=\"auto, (max-width: 756px) 100vw, 756px\" \/><\/figure>\n\n\n\n<h2 class=\"wp-block-heading\">Hofossdagen 2020 avlyses.<\/h2>\n\n\n\n<p>Vi beklager \u00e5 m\u00e5tte meddele at Hofossdagen, som var planlagt til den 27. juni m\u00e5 avlyses.  <\/p>\n\n\n\n<p>Restriksjonene i forbindelse med Koronapandemien gj\u00f8r det meget vanskelig \u00e5 arrangere sammenkomsten i \u00e5r, men h\u00e5per at vi kan arrangere Hofossdagen i 2021. Den blir i s\u00e5 fall den 26. juni 2021. S\u00e5 sett av datoen!<\/p>\n\n\n\n<p>Vi \u00f8nsker dere en riktig god sommer og\ngleder oss til \u00e5 se dere p\u00e5 Hofossdagen i 2021!<\/p>\n\n\n\n<p>For styret i Hofoss Historieforening<br> <em>Dag Kjensjord<\/em><br> Leder  <\/p>\n","protected":false},"excerpt":{"rendered":"<p>Bokutgivelse Olaf Hofoss, den glemte forfatteren fra Finnskogen Boka \u00abEn finnskogdikters liv og forfatterskap\u00bb ble lansert p\u00e5 Hofossdagen 24. juni. Dag Kjensjord er redakt\u00f8r for boka og Kongsvinger Kommune og Sparebankstiftelsen Hedmark har gitt tilskudd til prosjektet. Boka er utgitt p\u00e5 Svein Sandnes bokforlag i samarbeid med Hofoss Historieforening. Kjensjord&#8230;<\/p>\n<p> <a class=\"continue-reading-link\" href=\"https:\/\/www.hofosshistorieforening.no\/?page_id=1142\"><span>Continue reading<\/span><i class=\"crycon-right-dir\"><\/i><\/a> <\/p>\n","protected":false},"author":2,"featured_media":0,"parent":0,"menu_order":0,"comment_status":"closed","ping_status":"closed","template":"","meta":{"footnotes":""},"class_list":["post-1142","page","type-page","status-publish","hentry"],"_links":{"self":[{"href":"https:\/\/www.hofosshistorieforening.no\/index.php?rest_route=\/wp\/v2\/pages\/1142","targetHints":{"allow":["GET"]}}],"collection":[{"href":"https:\/\/www.hofosshistorieforening.no\/index.php?rest_route=\/wp\/v2\/pages"}],"about":[{"href":"https:\/\/www.hofosshistorieforening.no\/index.php?rest_route=\/wp\/v2\/types\/page"}],"author":[{"embeddable":true,"href":"https:\/\/www.hofosshistorieforening.no\/index.php?rest_route=\/wp\/v2\/users\/2"}],"replies":[{"embeddable":true,"href":"https:\/\/www.hofosshistorieforening.no\/index.php?rest_route=%2Fwp%2Fv2%2Fcomments&post=1142"}],"version-history":[{"count":11,"href":"https:\/\/www.hofosshistorieforening.no\/index.php?rest_route=\/wp\/v2\/pages\/1142\/revisions"}],"predecessor-version":[{"id":1447,"href":"https:\/\/www.hofosshistorieforening.no\/index.php?rest_route=\/wp\/v2\/pages\/1142\/revisions\/1447"}],"wp:attachment":[{"href":"https:\/\/www.hofosshistorieforening.no\/index.php?rest_route=%2Fwp%2Fv2%2Fmedia&parent=1142"}],"curies":[{"name":"wp","href":"https:\/\/api.w.org\/{rel}","templated":true}]}}