{"id":1162,"date":"2023-03-21T16:12:49","date_gmt":"2023-03-21T15:12:49","guid":{"rendered":"https:\/\/www.hofosshistorieforening.no\/?page_id=1162"},"modified":"2023-03-21T16:56:56","modified_gmt":"2023-03-21T15:56:56","slug":"arsmote-2023-dokumenter","status":"publish","type":"page","link":"https:\/\/www.hofosshistorieforening.no\/?page_id=1162","title":{"rendered":"\u00c5rsm\u00f8te 2023 &#8211; Dokumenter"},"content":{"rendered":"\n<p>&nbsp;&nbsp;&nbsp;&nbsp;&nbsp;&nbsp;&nbsp;&nbsp;&nbsp;&nbsp;&nbsp;&nbsp;&nbsp;&nbsp;&nbsp;&nbsp;&nbsp;&nbsp;&nbsp;&nbsp;&nbsp;&nbsp;&nbsp;&nbsp;&nbsp;&nbsp;&nbsp;&nbsp;<\/p>\n\n\n<a href=\"https:\/\/www.hofosshistorieforening.no\/wp-content\/uploads\/2023\/03\/Arsmelding-2022-uten-Brandvalitten.pdf\" class=\"pdfemb-viewer\" style=\"\" data-width=\"max\" data-height=\"max\" data-toolbar=\"bottom\" data-toolbar-fixed=\"on\">Arsmelding-2022-uten-Brandvalitten<\/a>\n<p class=\"wp-block-pdfemb-pdf-embedder-viewer\"><\/p>\n\n\n\n<p><strong>Brandvalitten nr. 3 September 2022 ser du her.<\/strong><\/p>\n\n\n<a href=\"https:\/\/www.hofosshistorieforening.no\/wp-content\/uploads\/2023\/03\/Brandvalitten-nr-3-2022.pdf\" class=\"pdfemb-viewer\" style=\"\" data-width=\"max\" data-height=\"max\" data-toolbar=\"bottom\" data-toolbar-fixed=\"on\">Brandvalitten-nr-3-2022<\/a>\n<p class=\"wp-block-pdfemb-pdf-embedder-viewer\"><\/p>\n\n\n\n<hr class=\"wp-block-separator has-alpha-channel-opacity is-style-wide\"\/>\n\n\n\n<p><\/p>\n\n\n\n<p><strong>Valg p\u00e5 \u00e5rsm\u00f8te til Hofoss historieforening 2023<\/strong><\/p>\n\n\n<a href=\"https:\/\/www.hofosshistorieforening.no\/wp-content\/uploads\/2023\/03\/Vedtak-valg-pa-arsmote-2023.pdf\" class=\"pdfemb-viewer\" style=\"\" data-width=\"max\" data-height=\"max\" data-toolbar=\"bottom\" data-toolbar-fixed=\"on\">Vedtak-valg-pa-arsmote-2023<\/a>\n<p class=\"wp-block-pdfemb-pdf-embedder-viewer\"><\/p>\n\n\n\n<hr class=\"wp-block-separator has-alpha-channel-opacity is-style-wide\"\/>\n\n\n\n<p><strong>\u00c5rsregnskap 2022 &#8211; Hofoss historieforening<\/strong><br><\/p>\n\n\n<a href=\"https:\/\/www.hofosshistorieforening.no\/wp-content\/uploads\/2023\/03\/Regnskap-Hofoss-historieforening-2022.pdf\" class=\"pdfemb-viewer\" style=\"\" data-width=\"max\" data-height=\"max\" data-toolbar=\"bottom\" data-toolbar-fixed=\"on\">Regnskap-Hofoss-historieforening-2022<\/a>\n<p class=\"wp-block-pdfemb-pdf-embedder-viewer\"><\/p>\n\n\n\n<hr class=\"wp-block-separator has-alpha-channel-opacity is-style-wide\"\/>\n\n\n\n<p><strong>Driftsbudsjett Hofoss historieforening &#8211; 2023<\/strong><\/p>\n\n\n<a href=\"https:\/\/www.hofosshistorieforening.no\/wp-content\/uploads\/2023\/03\/Driftsbudsjett-Hofoss-Historieforening-for-2023-korrigert-pa-Arsmotet-16.3.23.pdf\" class=\"pdfemb-viewer\" style=\"\" data-width=\"max\" data-height=\"max\" data-toolbar=\"bottom\" data-toolbar-fixed=\"on\">Driftsbudsjett-Hofoss-Historieforening-for-2023-korrigert-pa-Arsmotet-16.3.23<\/a>\n<p class=\"wp-block-pdfemb-pdf-embedder-viewer\"><\/p>\n","protected":false},"excerpt":{"rendered":"<p>&nbsp;&nbsp;&nbsp;&nbsp;&nbsp;&nbsp;&nbsp;&nbsp;&nbsp;&nbsp;&nbsp;&nbsp;&nbsp;&nbsp;&nbsp;&nbsp;&nbsp;&nbsp;&nbsp;&nbsp;&nbsp;&nbsp;&nbsp;&nbsp;&nbsp;&nbsp;&nbsp;&nbsp; Brandvalitten nr. 3 September 2022 ser du her. Valg p\u00e5 \u00e5rsm\u00f8te til Hofoss historieforening 2023 \u00c5rsregnskap 2022 &#8211; Hofoss historieforening Driftsbudsjett Hofoss historieforening &#8211; 2023<\/p>\n<p> <a class=\"continue-reading-link\" href=\"https:\/\/www.hofosshistorieforening.no\/?page_id=1162\"><span>Continue reading<\/span><i class=\"crycon-right-dir\"><\/i><\/a> <\/p>\n","protected":false},"author":2,"featured_media":0,"parent":0,"menu_order":0,"comment_status":"closed","ping_status":"closed","template":"","meta":{"footnotes":""},"class_list":["post-1162","page","type-page","status-publish","hentry"],"_links":{"self":[{"href":"https:\/\/www.hofosshistorieforening.no\/index.php?rest_route=\/wp\/v2\/pages\/1162","targetHints":{"allow":["GET"]}}],"collection":[{"href":"https:\/\/www.hofosshistorieforening.no\/index.php?rest_route=\/wp\/v2\/pages"}],"about":[{"href":"https:\/\/www.hofosshistorieforening.no\/index.php?rest_route=\/wp\/v2\/types\/page"}],"author":[{"embeddable":true,"href":"https:\/\/www.hofosshistorieforening.no\/index.php?rest_route=\/wp\/v2\/users\/2"}],"replies":[{"embeddable":true,"href":"https:\/\/www.hofosshistorieforening.no\/index.php?rest_route=%2Fwp%2Fv2%2Fcomments&post=1162"}],"version-history":[{"count":12,"href":"https:\/\/www.hofosshistorieforening.no\/index.php?rest_route=\/wp\/v2\/pages\/1162\/revisions"}],"predecessor-version":[{"id":1187,"href":"https:\/\/www.hofosshistorieforening.no\/index.php?rest_route=\/wp\/v2\/pages\/1162\/revisions\/1187"}],"wp:attachment":[{"href":"https:\/\/www.hofosshistorieforening.no\/index.php?rest_route=%2Fwp%2Fv2%2Fmedia&parent=1162"}],"curies":[{"name":"wp","href":"https:\/\/api.w.org\/{rel}","templated":true}]}}