{"id":1234,"date":"2023-11-30T15:01:10","date_gmt":"2023-11-30T14:01:10","guid":{"rendered":"https:\/\/www.hofosshistorieforening.no\/?page_id=1234"},"modified":"2025-12-06T18:31:49","modified_gmt":"2025-12-06T17:31:49","slug":"hofossdagen-2023","status":"publish","type":"page","link":"https:\/\/www.hofosshistorieforening.no\/?page_id=1234","title":{"rendered":"Hofossdagen &#8211; 2023"},"content":{"rendered":"\n<figure class=\"wp-block-image size-large is-resized\"><img loading=\"lazy\" decoding=\"async\" width=\"685\" height=\"1024\" src=\"https:\/\/www.hofosshistorieforening.no\/wp-content\/uploads\/2023\/11\/Invitasjon-2023-685x1024.jpg\" alt=\"\" class=\"wp-image-1236\" style=\"width:840px;height:auto\" srcset=\"https:\/\/www.hofosshistorieforening.no\/wp-content\/uploads\/2023\/11\/Invitasjon-2023-685x1024.jpg 685w, https:\/\/www.hofosshistorieforening.no\/wp-content\/uploads\/2023\/11\/Invitasjon-2023-201x300.jpg 201w, https:\/\/www.hofosshistorieforening.no\/wp-content\/uploads\/2023\/11\/Invitasjon-2023-768x1148.jpg 768w, https:\/\/www.hofosshistorieforening.no\/wp-content\/uploads\/2023\/11\/Invitasjon-2023-1028x1536.jpg 1028w, https:\/\/www.hofosshistorieforening.no\/wp-content\/uploads\/2023\/11\/Invitasjon-2023-100x150.jpg 100w, https:\/\/www.hofosshistorieforening.no\/wp-content\/uploads\/2023\/11\/Invitasjon-2023.jpg 1370w\" sizes=\"auto, (max-width: 685px) 100vw, 685px\" \/><\/figure>\n\n\n\n<hr class=\"wp-block-separator has-alpha-channel-opacity is-style-wide\"\/>\n\n\n\n<p><\/p>\n\n\n\n<figure class=\"wp-block-image size-full\"><img loading=\"lazy\" decoding=\"async\" width=\"960\" height=\"596\" src=\"https:\/\/www.hofosshistorieforening.no\/wp-content\/uploads\/2023\/11\/Bilde-Dag-2.jpg\" alt=\"\" class=\"wp-image-1245\" srcset=\"https:\/\/www.hofosshistorieforening.no\/wp-content\/uploads\/2023\/11\/Bilde-Dag-2.jpg 960w, https:\/\/www.hofosshistorieforening.no\/wp-content\/uploads\/2023\/11\/Bilde-Dag-2-300x186.jpg 300w, https:\/\/www.hofosshistorieforening.no\/wp-content\/uploads\/2023\/11\/Bilde-Dag-2-768x477.jpg 768w, https:\/\/www.hofosshistorieforening.no\/wp-content\/uploads\/2023\/11\/Bilde-Dag-2-150x93.jpg 150w\" sizes=\"auto, (max-width: 960px) 100vw, 960px\" \/><figcaption class=\"wp-element-caption\">Dag Kjensjord, styreleder Hofoss historieforening, har gitt ut bok om Olaf Hofoss. Foto: \u00d8ystein Engh<\/figcaption><\/figure>\n\n\n\n<p class=\"has-medium-font-size\"><strong>Vekket liv i 100 \u00e5r gammel litteratur: \u2013 Dette har v\u00e6rt helt glemt <\/strong><\/p>\n\n\n\n<p>100 \u00e5r etter at Olaf Hofoss skrev sine beretninger, ble han l\u00f8ftet frem i lyset igjen p\u00e5 Hofossdagen.<br><a href=\"mailto:oe@mittkongsvinger.no\"><em>\u00d8ystein&nbsp;Engh<\/em><\/a><em> <\/em><em>JOURNALIST<\/em><br>PUBLISERT&nbsp;L\u00f8rdag 24. juni 2023 &#8211; 19:40&nbsp;SIST OPPDATERT&nbsp;L\u00f8rdag 24. juni 2023 &#8211; 19:41<\/p>\n\n\n\n<p>L\u00f8rdag det Hofossdagen, og i den anledning slapp&nbsp;Hofoss historieforening deres f\u00f8rste bok, \u00abEn finnskogdikters liv og forfatterskap\u00bb. En gang i tiden levde det en mann ved navn Olaf Hofoss (1889-1968) som skrev om skogfinner, s\u00e5 vel som kj\u00e6rlighet.&nbsp;<\/p>\n\n\n\n<p>Her var han gift og fikk to barn, f\u00f8r han i 1924 reiste av sted til Amerika, giftet seg p\u00e5 nytt og jobbet som journalist i Canada, mens han ogs\u00e5 drev et byggefirma.<\/p>\n\n\n\n<p>Boka er skrevet av styreleder Dag Kjensjord, men Olaf Hofoss var hans grandonkel. Det har derfor v\u00e6rt b\u00e5de n\u00e6rt og spennende \u00e5 ha dette prosjektet g\u00e5ende. \u2013 Jeg visste at han hadde gitt ut noen b\u00f8ker p\u00e5 20-tallet, som jeg sporet opp via slektninger. De hadde to eksemplarer, men jeg visste at han hadde fire b\u00f8ker. S\u00e5 resten har jeg sporet opp selv. Jeg husker ogs\u00e5 at bestemor (hennes bror) fortalte mye om ham, sier Kjensjord.<\/p>\n\n\n\n<figure class=\"wp-block-image size-full\"><img loading=\"lazy\" decoding=\"async\" width=\"960\" height=\"548\" src=\"https:\/\/www.hofosshistorieforening.no\/wp-content\/uploads\/2023\/11\/Bilde-Dag.jpg\" alt=\"\" class=\"wp-image-1239\" srcset=\"https:\/\/www.hofosshistorieforening.no\/wp-content\/uploads\/2023\/11\/Bilde-Dag.jpg 960w, https:\/\/www.hofosshistorieforening.no\/wp-content\/uploads\/2023\/11\/Bilde-Dag-300x171.jpg 300w, https:\/\/www.hofosshistorieforening.no\/wp-content\/uploads\/2023\/11\/Bilde-Dag-768x438.jpg 768w, https:\/\/www.hofosshistorieforening.no\/wp-content\/uploads\/2023\/11\/Bilde-Dag-150x86.jpg 150w\" sizes=\"auto, (max-width: 960px) 100vw, 960px\" \/><figcaption class=\"wp-element-caption\">Hyggelig stemning med Olaf Hofoss i fokus. Foto: \u00d8ystein Engh<\/figcaption><\/figure>\n\n\n\n<p><strong>Like aktuell i dag<\/strong><\/p>\n\n\n\n<p>Kjensjord har i moderne tid kommet i kontakt med den amerikanske delen av slekten, som blir hans tremenninger. Dette har ogs\u00e5 v\u00e6rt til hjelp.<\/p>\n\n\n\n<p>\u2013 Det er veldig mye skogsfinsk litteratur som er verdt \u00e5 ta vare p\u00e5. Det dreier seg finneinnvandring og konflikter mellom finner og b\u00f8nner. Og det kj\u00e6rlighetshistorier, jakt, tusser og troll. Uansett hva det er, s\u00e5 er det uansett finnskog\u00e5nden, sier Kjensjord.<\/p>\n\n\n\n<p><em>\u2013 S\u00e5 like aktuell i dag, mener du?<\/em><\/p>\n\n\n\n<p>\u2013 Ja, like aktuell i dag. Og dette har v\u00e6rt glemt. Dessuten lengter han veldig hjem igjen. I Amerika brukte han skrivingen sin til \u00e5 bearbeide hjemlengselen sin. Diktene er veldig gode, og diktet \u00abTil deg\u00bb m\u00e5 nok v\u00e6re en skildring av skilsmissen.&nbsp;<\/p>\n\n\n\n<p>\u2013 S\u00e5 i dag er en veldig spennende og artig dag. Jeg er endelig blitt ferdig med et prosjekt som har tatt sju-\u00e5tte \u00e5r.<\/p>\n\n\n\n<figure class=\"wp-block-image size-full\"><img loading=\"lazy\" decoding=\"async\" width=\"960\" height=\"548\" src=\"https:\/\/www.hofosshistorieforening.no\/wp-content\/uploads\/2023\/11\/Bilde-Svein.jpg\" alt=\"\" class=\"wp-image-1241\" srcset=\"https:\/\/www.hofosshistorieforening.no\/wp-content\/uploads\/2023\/11\/Bilde-Svein.jpg 960w, https:\/\/www.hofosshistorieforening.no\/wp-content\/uploads\/2023\/11\/Bilde-Svein-300x171.jpg 300w, https:\/\/www.hofosshistorieforening.no\/wp-content\/uploads\/2023\/11\/Bilde-Svein-768x438.jpg 768w, https:\/\/www.hofosshistorieforening.no\/wp-content\/uploads\/2023\/11\/Bilde-Svein-150x86.jpg 150w\" sizes=\"auto, (max-width: 960px) 100vw, 960px\" \/><figcaption class=\"wp-element-caption\">Svein Sandnes er imponert av boka. Foto: \u00d8ystein Engh<\/figcaption><\/figure>\n\n\n\n<p>Arrangert i Halvorstuen<\/p>\n\n\n\n<p>Boka er gitt ut av Svein Sandnes Bokforlag. Svein sier at dette normalt ikke er b\u00f8ker han skulle ha gitt ut, men at han er veldig imponert.<\/p>\n\n\n\n<p>\u2013 Noe av bakgrunnen for dette er at jeg og Dag begge har bodd lenge i S\u00f8rum kommune, og hatt en del med hverandre \u00e5 gj\u00f8re der. Det er en voldsom jobb som er blitt lagt ned. Her er det ogs\u00e5 gamle papirer og Amerika-brev som g\u00e5r igjen, sier Sandnes.<\/p>\n\n\n\n<p>Boka fikk et foredrag p\u00e5 Hofossdagen, som ble arrangert i Halvorstuen. Dette er egentlig hjemme hos Inger Noer, men p\u00e5 Hofossdagen er det Halvorstuen man sier.<\/p>\n\n\n\n<p>\u2013 Dette er et innelukket tun som passer veldig godt til dette. Det er fem Hofoss-g\u00e5rder, og vi samarbeider godt, er gode naboer og har det hyggelig sammen, sier Noer, som s\u00e5 vidt har begynt \u00e5 lese boka til Kjensjord.&nbsp;<\/p>\n\n\n\n<p>\u2013 Den ser veldig veldig morsom ut, og det som er s\u00e5 morsomt er at den skildrer min oldeforeldregenerasjon. Han skriver om sin barndom, og det var lite slike beretninger p\u00e5 Finnskogen p\u00e5 den tiden. S\u00e5 det blir morsomt \u00e5 lese, sier Noer.<\/p>\n\n\n\n<figure class=\"wp-block-image size-full\"><img loading=\"lazy\" decoding=\"async\" width=\"960\" height=\"548\" src=\"https:\/\/www.hofosshistorieforening.no\/wp-content\/uploads\/2023\/11\/Bilde-Inger.jpg\" alt=\"\" class=\"wp-image-1240\" srcset=\"https:\/\/www.hofosshistorieforening.no\/wp-content\/uploads\/2023\/11\/Bilde-Inger.jpg 960w, https:\/\/www.hofosshistorieforening.no\/wp-content\/uploads\/2023\/11\/Bilde-Inger-300x171.jpg 300w, https:\/\/www.hofosshistorieforening.no\/wp-content\/uploads\/2023\/11\/Bilde-Inger-768x438.jpg 768w, https:\/\/www.hofosshistorieforening.no\/wp-content\/uploads\/2023\/11\/Bilde-Inger-150x86.jpg 150w\" sizes=\"auto, (max-width: 960px) 100vw, 960px\" \/><\/figure>\n\n\n\n<hr class=\"wp-block-separator has-alpha-channel-opacity is-style-wide\"\/>\n\n\n\n<p><\/p>\n\n\n\n<p class=\"has-vivid-cyan-blue-color has-text-color has-link-color has-medium-font-size wp-elements-3843b607a2fc68135cdf7019c08675a3\"><strong>Foredrag &nbsp;ved Dag Kjensjord p\u00e5 Hofossdagen 24. juni 2023<\/strong><\/p>\n\n\n<a href=\"https:\/\/www.hofosshistorieforening.no\/wp-content\/uploads\/2023\/11\/Foredrag-pa-Hofossdagen-24.6.-2023.pdf\" class=\"pdfemb-viewer\" style=\"\" data-width=\"max\" data-height=\"max\" data-toolbar=\"bottom\" data-toolbar-fixed=\"on\">Foredrag-pa-Hofossdagen-24.6.-2023<\/a>\n<p class=\"wp-block-pdfemb-pdf-embedder-viewer\"><\/p>\n\n\n\n<p><strong>Video fra arrangementet<\/strong><br>Foto og redigering: Erik Sl\u00e5stad<\/p>\n","protected":false},"excerpt":{"rendered":"<p>Vekket liv i 100 \u00e5r gammel litteratur: \u2013 Dette har v\u00e6rt helt glemt 100 \u00e5r etter at Olaf Hofoss skrev sine beretninger, ble han l\u00f8ftet frem i lyset igjen p\u00e5 Hofossdagen.\u00d8ystein&nbsp;Engh JOURNALISTPUBLISERT&nbsp;L\u00f8rdag 24. juni 2023 &#8211; 19:40&nbsp;SIST OPPDATERT&nbsp;L\u00f8rdag 24. juni 2023 &#8211; 19:41 L\u00f8rdag det Hofossdagen, og i den anledning&#8230;<\/p>\n<p> <a class=\"continue-reading-link\" href=\"https:\/\/www.hofosshistorieforening.no\/?page_id=1234\"><span>Continue reading<\/span><i class=\"crycon-right-dir\"><\/i><\/a> <\/p>\n","protected":false},"author":2,"featured_media":0,"parent":0,"menu_order":0,"comment_status":"closed","ping_status":"closed","template":"templates\/template-onecolumn.php","meta":{"footnotes":""},"class_list":["post-1234","page","type-page","status-publish","hentry"],"_links":{"self":[{"href":"https:\/\/www.hofosshistorieforening.no\/index.php?rest_route=\/wp\/v2\/pages\/1234","targetHints":{"allow":["GET"]}}],"collection":[{"href":"https:\/\/www.hofosshistorieforening.no\/index.php?rest_route=\/wp\/v2\/pages"}],"about":[{"href":"https:\/\/www.hofosshistorieforening.no\/index.php?rest_route=\/wp\/v2\/types\/page"}],"author":[{"embeddable":true,"href":"https:\/\/www.hofosshistorieforening.no\/index.php?rest_route=\/wp\/v2\/users\/2"}],"replies":[{"embeddable":true,"href":"https:\/\/www.hofosshistorieforening.no\/index.php?rest_route=%2Fwp%2Fv2%2Fcomments&post=1234"}],"version-history":[{"count":12,"href":"https:\/\/www.hofosshistorieforening.no\/index.php?rest_route=\/wp\/v2\/pages\/1234\/revisions"}],"predecessor-version":[{"id":1376,"href":"https:\/\/www.hofosshistorieforening.no\/index.php?rest_route=\/wp\/v2\/pages\/1234\/revisions\/1376"}],"wp:attachment":[{"href":"https:\/\/www.hofosshistorieforening.no\/index.php?rest_route=%2Fwp%2Fv2%2Fmedia&parent=1234"}],"curies":[{"name":"wp","href":"https:\/\/api.w.org\/{rel}","templated":true}]}}