{"id":1309,"date":"2025-07-07T21:38:24","date_gmt":"2025-07-07T19:38:24","guid":{"rendered":"https:\/\/www.hofosshistorieforening.no\/?page_id=1309"},"modified":"2026-03-25T11:00:32","modified_gmt":"2026-03-25T10:00:32","slug":"hofossdagen-2025","status":"publish","type":"page","link":"https:\/\/www.hofosshistorieforening.no\/?page_id=1309","title":{"rendered":"Hofossdagen &#8211; 2025"},"content":{"rendered":"<a href=\"https:\/\/www.hofosshistorieforening.no\/wp-content\/uploads\/2025\/05\/Hofossdagen-2025-invitasjon.pdf\" class=\"pdfemb-viewer\" style=\"\" data-width=\"max\" data-height=\"max\" data-toolbar=\"bottom\" data-toolbar-fixed=\"on\">Hofossdagen-2025-invitasjon<\/a>\n\n\n<hr class=\"wp-block-separator has-alpha-channel-opacity is-style-wide\"\/>\n\n\n\n<p class=\"has-medium-font-size\"><strong>Tema for Hofossdagen 2025 er om historien rundt Hofoss M\u00f8lle.<\/strong><\/p>\n\n\n\n<p>Jeg har hatt kontakt med 2 personer, som husker noe fra denne tida, Else Sandb\u00e6k og Anne Lise Br\u00f8derud. Jeg har gjort noen notater som ble gjort under samtalene.<\/p>\n\n\n\n<hr class=\"wp-block-separator has-alpha-channel-opacity is-style-wide\"\/>\n\n\n\n<p class=\"has-medium-font-size\"><strong>Ester Sandb\u00e6k<\/strong><\/p>\n\n\n<a href=\"https:\/\/www.hofosshistorieforening.no\/wp-content\/uploads\/2025\/07\/Intervju-av-Ester-Sandbaek-om-Hofosskverna.pdf\" class=\"pdfemb-viewer\" style=\"\" data-width=\"max\" data-height=\"max\" data-toolbar=\"bottom\" data-toolbar-fixed=\"on\">Intervju-av-Ester-Sandbaek-om-Hofosskverna<\/a>\n\n\n<hr class=\"wp-block-separator has-alpha-channel-opacity is-style-wide\"\/>\n\n\n\n<p class=\"has-medium-font-size\"><strong>Anne Lise Br\u00f8derud<\/strong><\/p>\n\n\n<a href=\"https:\/\/www.hofosshistorieforening.no\/wp-content\/uploads\/2025\/07\/Intervju-med-AnneLise-Broderud-om-Hofoss-Molle.pdf\" class=\"pdfemb-viewer\" style=\"\" data-width=\"max\" data-height=\"max\" data-toolbar=\"bottom\" data-toolbar-fixed=\"on\">Intervju-med-AnneLise-Broderud-om-Hofoss-Molle<\/a>\n\n\n<hr class=\"wp-block-separator has-alpha-channel-opacity is-style-wide\"\/>\n\n\n\n<p class=\"has-medium-font-size\"><strong>Mengder korn malt<\/strong><\/p>\n\n\n<a href=\"https:\/\/www.hofosshistorieforening.no\/wp-content\/uploads\/2025\/07\/Mengder-korn-malt-i-Hofoss-Molla.pdf\" class=\"pdfemb-viewer\" style=\"\" data-width=\"max\" data-height=\"max\" data-toolbar=\"bottom\" data-toolbar-fixed=\"on\">Mengder-korn-malt-i-Hofoss-Molla<\/a>\n\n\n<hr class=\"wp-block-separator has-alpha-channel-opacity is-style-wide\"\/>\n\n\n\n<p class=\"has-medium-font-size\"><strong>M\u00f8llere<\/strong><\/p>\n\n\n<a href=\"https:\/\/www.hofosshistorieforening.no\/wp-content\/uploads\/2025\/07\/Mollere-i-HOFOSS-MOLLE.pdf\" class=\"pdfemb-viewer\" style=\"\" data-width=\"max\" data-height=\"max\" data-toolbar=\"bottom\" data-toolbar-fixed=\"on\">Mollere-i-HOFOSS-MOLLE<\/a>\n\n\n<p><\/p>\n","protected":false},"excerpt":{"rendered":"<p>Tema for Hofossdagen 2025 er om historien rundt Hofoss M\u00f8lle. Jeg har hatt kontakt med 2 personer, som husker noe fra denne tida, Else Sandb\u00e6k og Anne Lise Br\u00f8derud. Jeg har gjort noen notater som ble gjort under samtalene. Ester Sandb\u00e6k Anne Lise Br\u00f8derud Mengder korn malt M\u00f8llere<\/p>\n<p> <a class=\"continue-reading-link\" href=\"https:\/\/www.hofosshistorieforening.no\/?page_id=1309\"><span>Continue reading<\/span><i class=\"crycon-right-dir\"><\/i><\/a> <\/p>\n","protected":false},"author":2,"featured_media":0,"parent":0,"menu_order":0,"comment_status":"closed","ping_status":"closed","template":"","meta":{"footnotes":""},"class_list":["post-1309","page","type-page","status-publish","hentry"],"_links":{"self":[{"href":"https:\/\/www.hofosshistorieforening.no\/index.php?rest_route=\/wp\/v2\/pages\/1309","targetHints":{"allow":["GET"]}}],"collection":[{"href":"https:\/\/www.hofosshistorieforening.no\/index.php?rest_route=\/wp\/v2\/pages"}],"about":[{"href":"https:\/\/www.hofosshistorieforening.no\/index.php?rest_route=\/wp\/v2\/types\/page"}],"author":[{"embeddable":true,"href":"https:\/\/www.hofosshistorieforening.no\/index.php?rest_route=\/wp\/v2\/users\/2"}],"replies":[{"embeddable":true,"href":"https:\/\/www.hofosshistorieforening.no\/index.php?rest_route=%2Fwp%2Fv2%2Fcomments&post=1309"}],"version-history":[{"count":7,"href":"https:\/\/www.hofosshistorieforening.no\/index.php?rest_route=\/wp\/v2\/pages\/1309\/revisions"}],"predecessor-version":[{"id":1452,"href":"https:\/\/www.hofosshistorieforening.no\/index.php?rest_route=\/wp\/v2\/pages\/1309\/revisions\/1452"}],"wp:attachment":[{"href":"https:\/\/www.hofosshistorieforening.no\/index.php?rest_route=%2Fwp%2Fv2%2Fmedia&parent=1309"}],"curies":[{"name":"wp","href":"https:\/\/api.w.org\/{rel}","templated":true}]}}