{"id":2,"date":"2019-10-19T19:26:33","date_gmt":"2019-10-19T19:26:33","guid":{"rendered":"http:\/\/172.105.75.139\/?page_id=2"},"modified":"2026-03-25T11:01:37","modified_gmt":"2026-03-25T10:01:37","slug":"sample-page","status":"publish","type":"page","link":"https:\/\/www.hofosshistorieforening.no\/","title":{"rendered":"Aktuelt"},"content":{"rendered":"\n<p class=\"has-medium-font-size\"><strong>&nbsp;&nbsp;&nbsp;&nbsp;&nbsp;&nbsp;&nbsp;&nbsp;&nbsp;&nbsp;&nbsp;&nbsp;&nbsp;&nbsp;&nbsp;&nbsp;&nbsp; Innkalling til \u00c5rsm\u00f8te i Hofoss historieforening<\/strong><\/p>\n\n\n\n<p>&nbsp;&nbsp;&nbsp;&nbsp;&nbsp;&nbsp;&nbsp;&nbsp;&nbsp;&nbsp;&nbsp;&nbsp;&nbsp;&nbsp;&nbsp;&nbsp;&nbsp;&nbsp;&nbsp;&nbsp;&nbsp;&nbsp;&nbsp;&nbsp;&nbsp;&nbsp;&nbsp;&nbsp;&nbsp;&nbsp;&nbsp;&nbsp; 13. april 2026 kl 18.00<\/p>\n\n\n\n<p>&nbsp;&nbsp;&nbsp;&nbsp;&nbsp;&nbsp;&nbsp;&nbsp;&nbsp;&nbsp;&nbsp;&nbsp;&nbsp;&nbsp;&nbsp;&nbsp;&nbsp;&nbsp;&nbsp;&nbsp;&nbsp;&nbsp;&nbsp;&nbsp; M\u00f8tet avholdes hos Inger Noer p\u00e5 Hofoss.<\/p>\n\n\n\n<p><strong>Saksliste:<\/strong><\/p>\n\n\n\n<ol class=\"wp-block-list\">\n<li>Godkjenning av innkalling og saksliste<\/li>\n\n\n\n<li>Valg av m\u00f8teleder<\/li>\n\n\n\n<li>Valg av to til \u00e5 underskrive protokollen<\/li>\n\n\n\n<li>Behandle Hofoss historieforenings \u00e5rsmelding for 2025<\/li>\n\n\n\n<li>Behandle Hofoss historieforenings regnskap i revidert stand<\/li>\n\n\n\n<li>Behandle innkomne forslag<\/li>\n\n\n\n<li>Fastsette kontingent for 2027<\/li>\n\n\n\n<li>Vedta foreningens budsjett<\/li>\n\n\n\n<li>Valg<\/li>\n<\/ol>\n\n\n\n<p>Forslag som skal behandles p\u00e5 \u00e5rsm\u00f8te sendes til styret v\/ Dag Kjensjord (dkje@online.no) innen 1. april.<\/p>\n\n\n\n<p>Etter \u00e5rsm\u00f8tet vil redakt\u00f8r av Brandvalboka Roverud, Bernt Olav Neskvern holde et foredrag om boka og arbeidet med denne.<\/p>\n\n\n\n<p>S\u00f8rumsand, 20. mars 2026<\/p>\n\n\n\n<p>For styret i Hofoss Historieforening<br>Dag Kjensjord<br>Styreleder<\/p>\n\n\n\n<hr class=\"wp-block-separator has-alpha-channel-opacity is-style-wide\"\/>\n\n\n\n<p class=\"has-medium-font-size\"><strong>Video fra tidligere arrangementer.<\/strong><\/p>\n\n\n\n<p>Hei alle lesere. En liten romjulspresang til dere alle. N\u00e5 er videoene fra arrangementene fra 2017 &#8211; 2024 lagt ut, med unntak av 2023 og 2025. den kommer etter hvert.<\/p>\n\n\n\n<hr class=\"wp-block-separator has-alpha-channel-opacity is-style-wide\"\/>\n\n\n\n<div class=\"wp-block-columns is-layout-flex wp-container-core-columns-is-layout-9d6595d7 wp-block-columns-is-layout-flex\">\n<div class=\"wp-block-column is-layout-flow wp-block-column-is-layout-flow\">\n<div class=\"wp-block-columns is-layout-flex wp-container-core-columns-is-layout-9d6595d7 wp-block-columns-is-layout-flex\">\n<div class=\"wp-block-column is-layout-flow wp-block-column-is-layout-flow\" style=\"flex-basis:33.33%\">\n<figure class=\"wp-block-image size-full\"><img loading=\"lazy\" decoding=\"async\" width=\"526\" height=\"701\" src=\"https:\/\/www.hofosshistorieforening.no\/wp-content\/uploads\/2025\/12\/Sigmund-Engdal-avgang-som-kasserer.jpg\" alt=\"\" class=\"wp-image-1352\" srcset=\"https:\/\/www.hofosshistorieforening.no\/wp-content\/uploads\/2025\/12\/Sigmund-Engdal-avgang-som-kasserer.jpg 526w, https:\/\/www.hofosshistorieforening.no\/wp-content\/uploads\/2025\/12\/Sigmund-Engdal-avgang-som-kasserer-225x300.jpg 225w, https:\/\/www.hofosshistorieforening.no\/wp-content\/uploads\/2025\/12\/Sigmund-Engdal-avgang-som-kasserer-113x150.jpg 113w\" sizes=\"auto, (max-width: 526px) 100vw, 526px\" \/><\/figure>\n<\/div>\n\n\n\n<div class=\"wp-block-column is-layout-flow wp-block-column-is-layout-flow\" style=\"flex-basis:66.66%\">\n<p class=\"has-medium-font-size\"><strong>Avl\u00f8sning som kasserer.<\/strong><\/p>\n\n\n\n<p>Vi har takket av Sigmund Engdal, som har v\u00e6rt kasserer i styret, men som n\u00e5 har bedt om avl\u00f8sning. Tusen takk for flott jobb, Sigmund! Ingenting er bedre for en forening og en leder enn en kasserer med orden i sysakene.<\/p>\n<\/div>\n<\/div>\n<\/div>\n<\/div>\n\n\n\n<hr class=\"wp-block-separator has-alpha-channel-opacity is-style-wide\"\/>\n\n\n\n<p class=\"has-large-font-size\">Fortellinger fra kontaktsonen<\/p>\n\n\n<a href=\"https:\/\/www.hofosshistorieforening.no\/wp-content\/uploads\/2024\/02\/Fortellinger-fra-kontaktsonen.-Artikkel-korrigert.pdf\" class=\"pdfemb-viewer\" style=\"\" data-width=\"max\" data-height=\"max\" data-toolbar=\"bottom\" data-toolbar-fixed=\"on\">Fortellinger-fra-kontaktsonen.-Artikkel-korrigert<\/a>\n<p class=\"wp-block-pdfemb-pdf-embedder-viewer\"><\/p>\n\n\n\n<hr class=\"wp-block-separator has-alpha-channel-opacity is-style-wide\"\/>\n\n\n\n<p><\/p>\n\n\n\n<p><\/p>\n","protected":false},"excerpt":{"rendered":"<p>&nbsp;&nbsp;&nbsp;&nbsp;&nbsp;&nbsp;&nbsp;&nbsp;&nbsp;&nbsp;&nbsp;&nbsp;&nbsp;&nbsp;&nbsp;&nbsp;&nbsp; Innkalling til \u00c5rsm\u00f8te i Hofoss historieforening &nbsp;&nbsp;&nbsp;&nbsp;&nbsp;&nbsp;&nbsp;&nbsp;&nbsp;&nbsp;&nbsp;&nbsp;&nbsp;&nbsp;&nbsp;&nbsp;&nbsp;&nbsp;&nbsp;&nbsp;&nbsp;&nbsp;&nbsp;&nbsp;&nbsp;&nbsp;&nbsp;&nbsp;&nbsp;&nbsp;&nbsp;&nbsp; 13. april 2026 kl 18.00 &nbsp;&nbsp;&nbsp;&nbsp;&nbsp;&nbsp;&nbsp;&nbsp;&nbsp;&nbsp;&nbsp;&nbsp;&nbsp;&nbsp;&nbsp;&nbsp;&nbsp;&nbsp;&nbsp;&nbsp;&nbsp;&nbsp;&nbsp;&nbsp; M\u00f8tet avholdes hos Inger Noer p\u00e5 Hofoss. Saksliste: Forslag som skal behandles p\u00e5 \u00e5rsm\u00f8te sendes til styret v\/ Dag Kjensjord (dkje@online.no) innen 1. april. Etter \u00e5rsm\u00f8tet vil redakt\u00f8r av Brandvalboka Roverud, Bernt Olav Neskvern holde et&#8230;<\/p>\n<p> <a class=\"continue-reading-link\" href=\"https:\/\/www.hofosshistorieforening.no\/\"><span>Continue reading<\/span><i class=\"crycon-right-dir\"><\/i><\/a> <\/p>\n","protected":false},"author":1,"featured_media":0,"parent":0,"menu_order":0,"comment_status":"closed","ping_status":"open","template":"","meta":{"footnotes":""},"class_list":["post-2","page","type-page","status-publish","hentry"],"_links":{"self":[{"href":"https:\/\/www.hofosshistorieforening.no\/index.php?rest_route=\/wp\/v2\/pages\/2","targetHints":{"allow":["GET"]}}],"collection":[{"href":"https:\/\/www.hofosshistorieforening.no\/index.php?rest_route=\/wp\/v2\/pages"}],"about":[{"href":"https:\/\/www.hofosshistorieforening.no\/index.php?rest_route=\/wp\/v2\/types\/page"}],"author":[{"embeddable":true,"href":"https:\/\/www.hofosshistorieforening.no\/index.php?rest_route=\/wp\/v2\/users\/1"}],"replies":[{"embeddable":true,"href":"https:\/\/www.hofosshistorieforening.no\/index.php?rest_route=%2Fwp%2Fv2%2Fcomments&post=2"}],"version-history":[{"count":55,"href":"https:\/\/www.hofosshistorieforening.no\/index.php?rest_route=\/wp\/v2\/pages\/2\/revisions"}],"predecessor-version":[{"id":1453,"href":"https:\/\/www.hofosshistorieforening.no\/index.php?rest_route=\/wp\/v2\/pages\/2\/revisions\/1453"}],"wp:attachment":[{"href":"https:\/\/www.hofosshistorieforening.no\/index.php?rest_route=%2Fwp%2Fv2%2Fmedia&parent=2"}],"curies":[{"name":"wp","href":"https:\/\/api.w.org\/{rel}","templated":true}]}}