{"id":252,"date":"2019-11-06T18:59:56","date_gmt":"2019-11-06T17:59:56","guid":{"rendered":"http:\/\/172.105.75.139\/?page_id=252"},"modified":"2019-12-11T21:51:50","modified_gmt":"2019-12-11T20:51:50","slug":"byggnings-brukks-og-stedsnavn","status":"publish","type":"page","link":"https:\/\/www.hofosshistorieforening.no\/?page_id=252","title":{"rendered":"Byggnings- bruks- og stedsnavn"},"content":{"rendered":"\n<p>Stedsnavn er en viktig del av et steds kulturarv og de blir fort glemt n\u00e5r de ikke lenger brukes. Dette gjelder ogs\u00e5 Hofoss.<\/p>\n\n\n\n<p>B\u00f8nder og arbeidere som gjennom tida jobbet med innmark og utmark p\u00e5 Hofoss, var avhengig av \u00e5 kunne kommunisere seg i mellom om ulike boplasser, beiteomr\u00e5der, jordteiger, skogholt, bekker, steiner, bygninger, etc. Derfor kan vi anta at omtrent hver eneste lille flekk p\u00e5 Hofoss til ulike tider har hatt et navn. I et hundre\u00e5rsperspektiv er flere av disse navnene borte. I et tusen\u00e5rsperspektiv er naturligvis de fleste borte.<\/p>\n\n\n\n<p>Hofoss er ikke lenger et bondesamfunn i tradisjonell forstand, slik det var da brorparten av innbyggerne arbeidet med jorda, skogen, g\u00e5rdene, m\u00f8llene eller t\u00f8mmerfl\u00f8ting. Denne sosiale, kulturelle og \u00f8konomiske endringen har i hovedsak skjedd de siste femti \u00e5ra. Hofossfolk flest har n\u00e5 sitt arbeidssted utenfor Hofoss og landbruket. Det er derfor grunn til \u00e5 tro at stedsnavnene blir borte i et h\u00f8yere tempo enn f\u00f8r.<\/p>\n\n\n\n<p>Noen av Hofoss-navnene er s\u00e5 gamle at vi ikke lenger er sikre p\u00e5 hva de betyr. Hofoss er et slik navn, Kartarfloet likes\u00e5. Og hvorfor heter det Ruslebakken, M\u00e6rrasletta og Svartfleita? N\u00e5r det gjelder spr\u00e5kformen p\u00e5 navnene, er det et s\u00e6rtrekk ved mange Hofoss-navn at de har dativform, f.eks. Dala, B\u00e6kka, Nordstu\u2019n, \u00c5floen, m.fl. (les mer om denne dativbruken her).<\/p>\n\n\n\n<p>Navnedatabasen v\u00e5r tar m\u00e5l av seg til \u00e5 samle de Hofoss-navnene det fortsatt er mulig \u00e5 oppdrive, informere om beliggenhet (kart) og utseende (bilder), knytte historier til stedene, samt gi forslag til hva noen av de mer kryptiske navnene kan bety. For n\u00e5tidige og framtidige hofossinger inneb\u00e6rer dette at de vil v\u00e6re i stand til \u00e5 holde navnene i hevd, og de forskjellige sm\u00e5stedene rundt omkring p\u00e5 Hofoss f\u00e5r p\u00e5 denne m\u00e5ten mening og historisk identitet. \u00c5 bruke de snart glemte stedsnavnene mer aktivt gir mer liv til Hofoss-grenda. Bruk dem!<\/p>\n\n\n\n<p>\u00d8nsker du \u00e5 vite mer om <strong>dativsformer av stedsnavnene<\/strong> s\u00e5 finner du det <strong><a href=\"http:\/\/172.105.75.139\/?page_id=800\">her.<\/a><\/strong><\/p>\n\n\n\n<p>Innsamlingen av navnene begynte som dugnad p\u00e5 Facebook-gruppa Hofoss.<\/p>\n\n\n\n<p><strong>Bidragsytere<\/strong><br>Hans Otto Strand, Trond Nordby, Sigmund Engdahl, Inger Noer, Dag Kjensjord, Gunnar Strand, Anita Bratli, Ola Skaare, Toril Aafloen Henriksen, Thor Olsen, Ivan Bratli, Erlend Strand.<\/p>\n\n\n\n<div class=\"wp-block-columns has-4-columns is-layout-flex wp-container-core-columns-is-layout-9d6595d7 wp-block-columns-is-layout-flex\">\n<div class=\"wp-block-column is-layout-flow wp-block-column-is-layout-flow\">\n<p><strong>B<\/strong><br><a href=\"http:\/\/172.105.75.139\/?page_id=306\">Bakeriet, Bakerhuset<\/a><br><a href=\"http:\/\/172.105.75.139\/?page_id=311\">Brattfoss, Brattf\u00e6ss<\/a><br>Brattfossvegen<br><a href=\"http:\/\/172.105.75.139\/?page_id=315\">Bratt\u00e5sen<\/a><br><a href=\"http:\/\/172.105.75.139\/?page_id=318\">Bratt\u00e5sjordet<\/a><br><a href=\"http:\/\/172.105.75.139\/?page_id=322\">Brua<\/a><br><a href=\"http:\/\/172.105.75.139\/?page_id=383\">Burs\u00e5sen<\/a><br><a href=\"http:\/\/172.105.75.139\/?page_id=390\">Br\u00e5tan<\/a><br><a href=\"http:\/\/172.105.75.139\/?page_id=393\">Butikken<\/a><br><a href=\"http:\/\/172.105.75.139\/?page_id=395\">B\u00e6kka<\/a><br><a href=\"http:\/\/172.105.75.139\/?page_id=399\">B\u00e6kkjetjinnet<\/a><br><a href=\"http:\/\/172.105.75.139\/?page_id=406\">B\u00f8hus<\/a><br><\/p>\n<\/div>\n\n\n\n<div class=\"wp-block-column is-layout-flow wp-block-column-is-layout-flow\">\n<p><strong>D<\/strong><br><a href=\"http:\/\/172.105.75.139\/?page_id=405\">Dala<\/a><br><a href=\"http:\/\/172.105.75.139\/?page_id=418\">Dalabygningen<\/a><br><a href=\"http:\/\/172.105.75.139\/?page_id=472\">Dalasvingen<\/a><br><a href=\"http:\/\/172.105.75.139\/?page_id=474\">Damhauga<\/a><br><a href=\"http:\/\/172.105.75.139\/?page_id=476\">Damma<\/a><\/p>\n<\/div>\n\n\n\n<div class=\"wp-block-column is-layout-flow wp-block-column-is-layout-flow\">\n<p><strong>F<\/strong><br><a href=\"http:\/\/172.105.75.139\/?page_id=479\">Fiskedammen<\/a><br><a href=\"http:\/\/172.105.75.139\/?page_id=481\">Fleitarbrakka<\/a><br><a href=\"http:\/\/172.105.75.139\/?page_id=483\">Flishaugen<\/a><br><a href=\"http:\/\/172.105.75.139\/?page_id=538\">Floet<\/a><br><a href=\"http:\/\/172.105.75.139\/?page_id=541\">Fosshaug<\/a><br>Fredbo<br><a href=\"http:\/\/172.105.75.139\/?page_id=544\">Fryseriet<\/a><br>Fuglemyra <\/p>\n<\/div>\n\n\n\n<div class=\"wp-block-column is-layout-flow wp-block-column-is-layout-flow\">\n<p><strong>G<\/strong><br><a href=\"http:\/\/172.105.75.139\/?p=491\">Gammelstu\u2019n<\/a><br>Geitberget<br><a href=\"http:\/\/172.105.75.139\/?page_id=494\">Gjester<\/a><br>Grimkj\u00f8lbekken<br><a href=\"http:\/\/172.105.75.139\/?p=496\">Grunnl\u00e5ven<\/a><br><a href=\"http:\/\/172.105.75.139\/?page_id=501\">Gutua <\/a><\/p>\n<\/div>\n<\/div>\n\n\n\n<div class=\"wp-block-columns has-4-columns is-layout-flex wp-container-core-columns-is-layout-9d6595d7 wp-block-columns-is-layout-flex\">\n<div class=\"wp-block-column is-layout-flow wp-block-column-is-layout-flow\">\n<p><strong>H<\/strong><br><a href=\"http:\/\/172.105.75.139\/?page_id=504\">Haugen<\/a><br>Helgeberg\u00e5sen<br>Hofoss<br>Hofossbr\u00e5ten<br><a href=\"http:\/\/172.105.75.139\/?page_id=512\">Hofoss kultursti<\/a><br>Hofoss landhandel<br>Hofossmoen<br><a href=\"http:\/\/172.105.75.139\/?page_id=529\">Hofoss m\u00f8lle<\/a><br><a href=\"http:\/\/172.105.75.139\/?page_id=547\">Hofoss skanse, Hofoss postering, Posteringa<\/a><br>Hofoss\u00e6tra<br><a href=\"http:\/\/172.105.75.139\/?page_id=549\">Hofoss\u00e5a<\/a><br><a href=\"http:\/\/172.105.75.139\/?page_id=556\">Hokk\u00e5sen<\/a><br><a href=\"http:\/\/172.105.75.139\/?page_id=558\">Huksletta<\/a><br><a href=\"http:\/\/172.105.75.139\/?page_id=563\">H\u00e6ljeb\u00e6l<\/a><br><a href=\"http:\/\/172.105.75.139\/?page_id=565\">H\u00e6lvarstu\u2019n<\/a><br><a href=\"http:\/\/172.105.75.139\/?page_id=567\">H\u00f8gda<\/a><br><a href=\"http:\/\/172.105.75.139\/?page_id=567\">H\u00f8gdat\u00e6ppa<\/a> <\/p>\n<\/div>\n\n\n\n<div class=\"wp-block-column is-layout-flow wp-block-column-is-layout-flow\">\n<p><strong>J<\/strong><br><a href=\"http:\/\/172.105.75.139\/?page_id=577\"> Jelltjinnet, Gjelltjinnet <\/a><\/p>\n<\/div>\n\n\n\n<div class=\"wp-block-column is-layout-flow wp-block-column-is-layout-flow\">\n<p><strong>K<\/strong><br><a href=\"http:\/\/172.105.75.139\/?page_id=580\">Kartarfloet<\/a><br><a href=\"http:\/\/172.105.75.139\/?page_id=584\">Kjerkevegen<\/a><br>Kleiven<br><a href=\"http:\/\/172.105.75.139\/?page_id=586\">Klomma<\/a><br><a href=\"http:\/\/172.105.75.139\/?page_id=591\">Koia, Koien, Koiajordet<\/a><br><a href=\"http:\/\/172.105.75.139\/?page_id=593\">Kompanifallet<\/a><br><a href=\"http:\/\/172.105.75.139\/?page_id=597\">Kompanifleita<\/a><br><a href=\"http:\/\/172.105.75.139\/?page_id=599\">Kompanigar\u2019n<\/a><br><a href=\"http:\/\/172.105.75.139\/?page_id=603\">Kroka, Krokasvingen<\/a><br>Krokakjerka<br><a href=\"http:\/\/172.105.75.139\/?page_id=605\">Krokat\u00e6ppa, Krokajordet<\/a><br><a href=\"http:\/\/172.105.75.139\/?page_id=607\">Kvenndalst\u00e6ppa<\/a><br><a href=\"http:\/\/172.105.75.139\/?page_id=609\">Kvenndammen<\/a><br><a href=\"http:\/\/172.105.75.139\/?page_id=611\">Kvennhauga<\/a><br><a href=\"http:\/\/172.105.75.139\/?page_id=616\">Kvennhaugmira <\/a><\/p>\n<\/div>\n\n\n\n<div class=\"wp-block-column is-layout-flow wp-block-column-is-layout-flow\">\n<p><strong>L<\/strong><br><a href=\"http:\/\/172.105.75.139\/?page_id=618\">Lauvvsteinen, L\u00f8vvstein<\/a><br><a href=\"http:\/\/172.105.75.139\/?page_id=623\">Larsbakken<\/a><br><a href=\"http:\/\/172.105.75.139\/?page_id=625\">Lunder<\/a><br><a href=\"http:\/\/172.105.75.139\/?page_id=627\">Lush\u00e6lmen, Lushaugen <\/a><\/p>\n<\/div>\n<\/div>\n\n\n\n<div class=\"wp-block-columns has-4-columns is-layout-flex wp-container-core-columns-is-layout-9d6595d7 wp-block-columns-is-layout-flex\">\n<div class=\"wp-block-column is-layout-flow wp-block-column-is-layout-flow\">\n<p><strong>M<\/strong><br><a href=\"http:\/\/172.105.75.139\/?page_id=631\">Magnhildhaugen<\/a><br><a href=\"http:\/\/172.105.75.139\/?page_id=634\">Mirabakken<\/a><br><a href=\"http:\/\/172.105.75.139\/?page_id=636\">Mirbid\u00e6sset<\/a><br><a href=\"http:\/\/172.105.75.139\/?page_id=647\">Mj\u00e6rnarhaugen, Mj\u00e6rnarjordet<\/a><br><a href=\"http:\/\/172.105.75.139\/?page_id=638\">Mj\u00e6rnerud<\/a><br><a href=\"http:\/\/172.105.75.139\/?page_id=642\">Mj\u00e6rnerudsfallet<\/a><br><a href=\"http:\/\/172.105.75.139\/?page_id=647\">Mj\u00e6rnerudshaugen<\/a><br>Mj\u00e6rnerudsmoen<br>Mj\u00e6rnerudssvingen<br>M\u00e6kkagutua<br><a href=\"http:\/\/172.105.75.139\/?page_id=649\">M\u00e6rrasletta<\/a><br><a href=\"http:\/\/172.105.75.139\/?page_id=529\">M\u00f8lla <\/a><\/p>\n<\/div>\n\n\n\n<div class=\"wp-block-column is-layout-flow wp-block-column-is-layout-flow\">\n<p><strong>N<\/strong><br>N\u00e6bben<br>Nerbu\u2019n<br><a href=\"http:\/\/172.105.75.139\/?page_id=658\">Nordby<\/a><br><a href=\"http:\/\/172.105.75.139\/?page_id=660\">Nordbybr\u00e5tan<\/a><br><a href=\"http:\/\/172.105.75.139\/?page_id=666\">Norderhaug<\/a><br><a href=\"http:\/\/172.105.75.139\/?page_id=670\">Nordjordet<\/a><br>Nordstu\u2019n<br>Nordstuvegen<\/p>\n<\/div>\n\n\n\n<div class=\"wp-block-column is-layout-flow wp-block-column-is-layout-flow\">\n<p><strong>P<\/strong><br><a href=\"http:\/\/172.105.75.139\/?page_id=677\">Pappad\u00e6sset<\/a><br><a href=\"http:\/\/172.105.75.139\/?page_id=547\">Posteringa<\/a> <\/p>\n<\/div>\n\n\n\n<div class=\"wp-block-column is-layout-flow wp-block-column-is-layout-flow\">\n<p><strong>R<\/strong><br>Rida<br><a href=\"http:\/\/172.105.75.139\/?page_id=679\">Rismoen<\/a><br><a href=\"http:\/\/172.105.75.139\/?page_id=681\">Ruslebakkmyra<\/a><br><a href=\"http:\/\/172.105.75.139\/?page_id=686\">Ruslebakkt\u00e6ppa<\/a><br><a href=\"http:\/\/172.105.75.139\/?page_id=688\">Ruslebakksteinen<\/a><br><a href=\"http:\/\/172.105.75.139\/?page_id=694\">Rya<\/a><br><a href=\"http:\/\/172.105.75.139\/?page_id=698\">Ryajordet<\/a><br>Ryagutua<br><a href=\"http:\/\/172.105.75.139\/?page_id=700\">R\u00f8gdenvegen<\/a> <\/p>\n<\/div>\n<\/div>\n\n\n\n<div class=\"wp-block-columns has-4-columns is-layout-flex wp-container-core-columns-is-layout-9d6595d7 wp-block-columns-is-layout-flex\">\n<div class=\"wp-block-column is-layout-flow wp-block-column-is-layout-flow\">\n<p><strong>S<\/strong><br><a href=\"http:\/\/172.105.75.139\/?page_id=704\">Sagasvingen<\/a><br><a href=\"http:\/\/172.105.75.139\/?page_id=706\">Sagvelta, Sagjordet<\/a><br><a href=\"http:\/\/172.105.75.139\/?page_id=708\">Sagverket<\/a><br><a href=\"http:\/\/172.105.75.139\/?page_id=714\">Sagerud<\/a><br>Sandbakka<br><a href=\"http:\/\/172.105.75.139\/?page_id=716\">Skas\u00e5a<\/a><br><a href=\"http:\/\/172.105.75.139\/?page_id=718\">Skj\u00e6ret (Magnhildhaugen)<\/a><br><a href=\"http:\/\/172.105.75.139\/?page_id=720\">Skj\u00e6ret (T\u00e6sstufallet)<\/a><br><a href=\"http:\/\/172.105.75.139\/?page_id=722\">Skyttarhaugen<\/a><br><a href=\"http:\/\/172.105.75.139\/?page_id=731\">Slettkj\u00f8la<\/a><br><a href=\"http:\/\/172.105.75.139\/?page_id=733\">Smestad<\/a><br><a href=\"http:\/\/172.105.75.139\/?page_id=735\">Smia<\/a><br><a href=\"http:\/\/172.105.75.139\/?page_id=740\">Snuru<\/a><br><a href=\"http:\/\/172.105.75.139\/?page_id=742\">Strand<\/a><br>Stutt\u00e5sen<br><a href=\"http:\/\/172.105.75.139\/?page_id=744\">Svartfleita<\/a><br><a href=\"http:\/\/172.105.75.139\/?page_id=749\">Svenskeb\u00f8l, Svenskeb\u00e6l<\/a><br>Svenskehaugen<br><a href=\"http:\/\/172.105.75.139\/?page_id=754\">Svenskehaugvegen<\/a><br><a href=\"http:\/\/172.105.75.139\/?page_id=756\">S\u00f8rroa <\/a><\/p>\n<\/div>\n\n\n\n<div class=\"wp-block-column is-layout-flow wp-block-column-is-layout-flow\">\n<p><strong>T<\/strong><br><a href=\"http:\/\/172.105.75.139\/?page_id=760\">Tanga, Tangen (\u00d8vre og Nedre)<\/a><br><a href=\"http:\/\/172.105.75.139\/?page_id=762\">Tittar\u2019n<\/a><br><a href=\"http:\/\/172.105.75.139\/?page_id=764\">Tollerud<\/a><br><a href=\"http:\/\/172.105.75.139\/?page_id=766\">Tussevangen<\/a><br>T\u00e6ppa<br><a href=\"http:\/\/172.105.75.139\/?page_id=768\">T\u00e6sstufallet<\/a><br><a href=\"http:\/\/172.105.75.139\/?page_id=772\">T\u00e6sstu\u2019n<\/a><br><a href=\"http:\/\/172.105.75.139\/?page_id=779\">T\u00e6sstenh\u00e6let<\/a><br>T\u00e6rmofurua<br><a href=\"http:\/\/172.105.75.139\/?page_id=781\">T\u00f8rmoen, T\u00e6rmoen<\/a><\/p>\n<\/div>\n\n\n\n<div class=\"wp-block-column is-layout-flow wp-block-column-is-layout-flow\">\n<p><strong>V<\/strong><br><a href=\"http:\/\/172.105.75.139\/?page_id=783\">Vannverket<\/a><br>Vardehaugen<br><a href=\"http:\/\/172.105.75.139\/?page_id=785\">Vesle-\u00c5floen<\/a> <\/p>\n<\/div>\n\n\n\n<div class=\"wp-block-column is-layout-flow wp-block-column-is-layout-flow\">\n<p><strong>\u00d8<\/strong><br><a href=\"http:\/\/172.105.75.139\/?page_id=787\">\u00d8verjordet<\/a> <\/p>\n<\/div>\n<\/div>\n\n\n\n<div class=\"wp-block-columns has-4-columns is-layout-flex wp-container-core-columns-is-layout-9d6595d7 wp-block-columns-is-layout-flex\">\n<div class=\"wp-block-column is-layout-flow wp-block-column-is-layout-flow\">\n<p><strong>\u00c5<\/strong><br><a href=\"http:\/\/172.105.75.139\/?page_id=789\">\u00c5flodammen, Dammen<\/a><br>\u00c5floen<br><a href=\"http:\/\/172.105.75.139\/?page_id=793\">\u00c5flovika<\/a><br><a href=\"http:\/\/172.105.75.139\/?page_id=795\">\u00c5floviksbakken <\/a><\/p>\n<\/div>\n\n\n\n<div class=\"wp-block-column is-layout-flow wp-block-column-is-layout-flow\"><\/div>\n\n\n\n<div class=\"wp-block-column is-layout-flow wp-block-column-is-layout-flow\"><\/div>\n\n\n\n<div class=\"wp-block-column is-layout-flow wp-block-column-is-layout-flow\"><\/div>\n<\/div>\n\n\n\n<p><\/p>\n","protected":false},"excerpt":{"rendered":"<p>Stedsnavn er en viktig del av et steds kulturarv og de blir fort glemt n\u00e5r de ikke lenger brukes. Dette gjelder ogs\u00e5 Hofoss. B\u00f8nder og arbeidere som gjennom tida jobbet med innmark og utmark p\u00e5 Hofoss, var avhengig av \u00e5 kunne kommunisere seg i mellom om ulike boplasser, beiteomr\u00e5der, jordteiger,&#8230;<\/p>\n<p> <a class=\"continue-reading-link\" href=\"https:\/\/www.hofosshistorieforening.no\/?page_id=252\"><span>Continue reading<\/span><i class=\"crycon-right-dir\"><\/i><\/a> <\/p>\n","protected":false},"author":2,"featured_media":0,"parent":0,"menu_order":0,"comment_status":"closed","ping_status":"closed","template":"","meta":{"footnotes":""},"class_list":["post-252","page","type-page","status-publish","hentry"],"_links":{"self":[{"href":"https:\/\/www.hofosshistorieforening.no\/index.php?rest_route=\/wp\/v2\/pages\/252","targetHints":{"allow":["GET"]}}],"collection":[{"href":"https:\/\/www.hofosshistorieforening.no\/index.php?rest_route=\/wp\/v2\/pages"}],"about":[{"href":"https:\/\/www.hofosshistorieforening.no\/index.php?rest_route=\/wp\/v2\/types\/page"}],"author":[{"embeddable":true,"href":"https:\/\/www.hofosshistorieforening.no\/index.php?rest_route=\/wp\/v2\/users\/2"}],"replies":[{"embeddable":true,"href":"https:\/\/www.hofosshistorieforening.no\/index.php?rest_route=%2Fwp%2Fv2%2Fcomments&post=252"}],"version-history":[{"count":41,"href":"https:\/\/www.hofosshistorieforening.no\/index.php?rest_route=\/wp\/v2\/pages\/252\/revisions"}],"predecessor-version":[{"id":803,"href":"https:\/\/www.hofosshistorieforening.no\/index.php?rest_route=\/wp\/v2\/pages\/252\/revisions\/803"}],"wp:attachment":[{"href":"https:\/\/www.hofosshistorieforening.no\/index.php?rest_route=%2Fwp%2Fv2%2Fmedia&parent=252"}],"curies":[{"name":"wp","href":"https:\/\/api.w.org\/{rel}","templated":true}]}}