{"id":255,"date":"2019-11-06T19:04:54","date_gmt":"2019-11-06T18:04:54","guid":{"rendered":"http:\/\/172.105.75.139\/?page_id=255"},"modified":"2023-11-30T14:56:58","modified_gmt":"2023-11-30T13:56:58","slug":"kontakter","status":"publish","type":"page","link":"https:\/\/www.hofosshistorieforening.no\/?page_id=255","title":{"rendered":"Kontakter"},"content":{"rendered":"\n<div class=\"wp-block-columns has-2-columns is-layout-flex wp-container-core-columns-is-layout-9d6595d7 wp-block-columns-is-layout-flex\">\n<div class=\"wp-block-column is-layout-flow wp-block-column-is-layout-flow\">\n<h3 class=\"wp-block-heading\">STYRET:<\/h3>\n\n\n\n<p><strong>Dag Kjensjord (styreleder)<\/strong><br>Fossumveien 1, 1920 S\u00f8rumsand<br>Telefon: 91 74 69 24<br><a href=\"mailto:dkje@online.no\">dkje@online.no<\/a><\/p>\n\n\n\n<p><strong>Sigmund Engdal (kasserer)<\/strong><br>Velven 2b, 2211 Kongsvinger<br>Telefon: 97 66 77 67<br><a href=\"mailto:siggi07@online.no\">siggi07@online.no<\/a><\/p>\n\n\n\n<p><strong>Thor Olsen (styremedlem)<\/strong><br>Nordstuvegen 10, 2217 Hok\u00e5sen<br>Telefon: 95 87 01 39<br><a href=\"mailto:thorol@east.no\">thorol@east.no<\/a><\/p>\n\n\n\n<p><strong>Inger Noer (styremedlem)<\/strong><br>Nordstuvegen 6, 2217 Hok\u00e5sen<br>Telefon: 90 04 14 55<br><a href=\"mailto:noer@online.no\">noer@online.no<\/a><\/p>\n\n\n\n<p><strong>Toril Aafloen Henriksen (styremedlem, service)<\/strong><br>Kvernhaugvegen 1, 2217 Hok\u00e5sen<br>Telefon: 91 14 83 79<br><a href=\"mailto:to-aah@online.no\">to-aah@online.no<\/a><\/p>\n\n\n\n<h3 class=\"wp-block-heading\">REVISORER:<\/h3>\n\n\n\n<p><strong>Trond Berger<\/strong><br>R\u00f8gdenvegen 476, 2217 Hokk\u00e5sen<br>Telefon: 91 19 91 66<br>hofosskog@gmail.com<\/p>\n\n\n\n<p><strong>Ole Andre Olsen<\/strong><br>Nordstuvegen 12, 2217 Hokk\u00e5sen<br>Telefon: 95 73 01 15<\/p>\n\n\n\n<p><strong>ASSOSIERTE MEDLEMMER:<\/strong><\/p>\n\n\n\n<ul class=\"wp-block-list\">\n<li><strong>\u00d8ystein \u00d8stg\u00e5rd<\/strong><\/li>\n<\/ul>\n\n\n\n<ul class=\"wp-block-list\">\n<li><strong>Jon Arne Foss<\/strong>&nbsp;(foto Hofossdagen)<\/li>\n<\/ul>\n\n\n\n<ul class=\"wp-block-list\">\n<li><strong>Trond \u00c5rstad<\/strong> (musikk)<\/li>\n<\/ul>\n\n\n\n<ul class=\"wp-block-list\">\n<li><strong>Erik Sl\u00e5stad<\/strong> (video Hofossdagen)<\/li>\n<\/ul>\n\n\n\n<ul class=\"wp-block-list\">\n<li><strong>Inger-Johanne Hofoss Beck<\/strong><\/li>\n<\/ul>\n<\/div>\n<\/div>\n","protected":false},"excerpt":{"rendered":"<p>STYRET: Dag Kjensjord (styreleder)Fossumveien 1, 1920 S\u00f8rumsandTelefon: 91 74 69 24dkje@online.no Sigmund Engdal (kasserer)Velven 2b, 2211 KongsvingerTelefon: 97 66 77 67siggi07@online.no Thor Olsen (styremedlem)Nordstuvegen 10, 2217 Hok\u00e5senTelefon: 95 87 01 39thorol@east.no Inger Noer (styremedlem)Nordstuvegen 6, 2217 Hok\u00e5senTelefon: 90 04 14 55noer@online.no Toril Aafloen Henriksen (styremedlem, service)Kvernhaugvegen 1, 2217 Hok\u00e5senTelefon: 91&#8230;<\/p>\n<p> <a class=\"continue-reading-link\" href=\"https:\/\/www.hofosshistorieforening.no\/?page_id=255\"><span>Continue reading<\/span><i class=\"crycon-right-dir\"><\/i><\/a> <\/p>\n","protected":false},"author":2,"featured_media":0,"parent":0,"menu_order":0,"comment_status":"closed","ping_status":"closed","template":"","meta":{"footnotes":""},"class_list":["post-255","page","type-page","status-publish","hentry"],"_links":{"self":[{"href":"https:\/\/www.hofosshistorieforening.no\/index.php?rest_route=\/wp\/v2\/pages\/255","targetHints":{"allow":["GET"]}}],"collection":[{"href":"https:\/\/www.hofosshistorieforening.no\/index.php?rest_route=\/wp\/v2\/pages"}],"about":[{"href":"https:\/\/www.hofosshistorieforening.no\/index.php?rest_route=\/wp\/v2\/types\/page"}],"author":[{"embeddable":true,"href":"https:\/\/www.hofosshistorieforening.no\/index.php?rest_route=\/wp\/v2\/users\/2"}],"replies":[{"embeddable":true,"href":"https:\/\/www.hofosshistorieforening.no\/index.php?rest_route=%2Fwp%2Fv2%2Fcomments&post=255"}],"version-history":[{"count":6,"href":"https:\/\/www.hofosshistorieforening.no\/index.php?rest_route=\/wp\/v2\/pages\/255\/revisions"}],"predecessor-version":[{"id":1233,"href":"https:\/\/www.hofosshistorieforening.no\/index.php?rest_route=\/wp\/v2\/pages\/255\/revisions\/1233"}],"wp:attachment":[{"href":"https:\/\/www.hofosshistorieforening.no\/index.php?rest_route=%2Fwp%2Fv2%2Fmedia&parent=255"}],"curies":[{"name":"wp","href":"https:\/\/api.w.org\/{rel}","templated":true}]}}