{"id":263,"date":"2019-11-06T19:16:43","date_gmt":"2019-11-06T18:16:43","guid":{"rendered":"http:\/\/172.105.75.139\/?page_id=263"},"modified":"2019-11-06T19:19:16","modified_gmt":"2019-11-06T18:19:16","slug":"referanser-i-litteraturen","status":"publish","type":"page","link":"https:\/\/www.hofosshistorieforening.no\/?page_id=263","title":{"rendered":"Referanser i litteraturen"},"content":{"rendered":"\n<div class=\"wp-block-columns has-2-columns is-layout-flex wp-container-core-columns-is-layout-9d6595d7 wp-block-columns-is-layout-flex\">\n<div class=\"wp-block-column is-layout-flow wp-block-column-is-layout-flow\">\n<h3 class=\"wp-block-heading\">CARL AXEL GODTLUND<\/h3>\n\n\n\n<p>I Dagbok \u00f6ver mina vandringer p\u00e5 Wermlands och Sol\u00f6rs finnskogar 1821 nevner Godtlund \u2018Hogfors i Brandvals socken\u2019 (s. 161). Form\u00e5let er \u00e5 plassere 1500-tallsr\u00f8veren Olof i det sosiale og geografiske landskapet. Vi f\u00e5r inntrykk av at Finnskogen m\u00e5 ha v\u00e6rt sparsommelig bebygd p\u00e5 denne tida.<\/p>\n\n\n\n<p>Wikipedia om&nbsp;<a href=\"https:\/\/sv.wikipedia.org\/wiki\/Carl_Axel_Gottlund\">Carl Axel&nbsp; Godtlund<\/a><\/p>\n<\/div>\n\n\n\n<div class=\"wp-block-column is-layout-flow wp-block-column-is-layout-flow\">\n<figure class=\"wp-block-image\"><img loading=\"lazy\" decoding=\"async\" width=\"1024\" height=\"613\" src=\"http:\/\/172.105.75.139\/wp-content\/uploads\/2019\/11\/Godtlund-text-1024x613.jpg\" alt=\"\" class=\"wp-image-266\" srcset=\"https:\/\/www.hofosshistorieforening.no\/wp-content\/uploads\/2019\/11\/Godtlund-text-1024x613.jpg 1024w, https:\/\/www.hofosshistorieforening.no\/wp-content\/uploads\/2019\/11\/Godtlund-text-300x180.jpg 300w, https:\/\/www.hofosshistorieforening.no\/wp-content\/uploads\/2019\/11\/Godtlund-text-768x460.jpg 768w, https:\/\/www.hofosshistorieforening.no\/wp-content\/uploads\/2019\/11\/Godtlund-text-150x90.jpg 150w, https:\/\/www.hofosshistorieforening.no\/wp-content\/uploads\/2019\/11\/Godtlund-text.jpg 1256w\" sizes=\"auto, (max-width: 1024px) 100vw, 1024px\" \/><\/figure>\n<\/div>\n<\/div>\n\n\n\n<div class=\"wp-block-columns has-2-columns is-layout-flex wp-container-core-columns-is-layout-9d6595d7 wp-block-columns-is-layout-flex\">\n<div class=\"wp-block-column is-layout-flow wp-block-column-is-layout-flow\">\n<h3 class=\"wp-block-heading\">FILMEN \u00abFINNSKOG OG TROLLSKAP\u00bb<\/h3>\n\n\n\n<p>Filmen Finnskog og trollskap ble laget av Gunnar Vold i 1954-1956 og f\u00f8lger Nitah\u00e5-Jussi p\u00e5 en vandring fra g\u00e5rd til g\u00e5rd, torp til torp, gjennom Finnskogen. Filmens f\u00f8rste minutt viser opptak fra \u00c5flodammen under t\u00f8mmerfl\u00f8tinga i 1954-55. Hans Strand og andre folk fra Hofoss fyller lerretet noen sekunder.<\/p>\n<\/div>\n\n\n\n<div class=\"wp-block-column is-layout-flow wp-block-column-is-layout-flow\">\n<figure class=\"wp-block-image\"><img loading=\"lazy\" decoding=\"async\" width=\"1024\" height=\"396\" src=\"http:\/\/172.105.75.139\/wp-content\/uploads\/2019\/11\/myrgubben-1024x396.jpg\" alt=\"\" class=\"wp-image-265\" srcset=\"https:\/\/www.hofosshistorieforening.no\/wp-content\/uploads\/2019\/11\/myrgubben-1024x396.jpg 1024w, https:\/\/www.hofosshistorieforening.no\/wp-content\/uploads\/2019\/11\/myrgubben-300x116.jpg 300w, https:\/\/www.hofosshistorieforening.no\/wp-content\/uploads\/2019\/11\/myrgubben-768x297.jpg 768w, https:\/\/www.hofosshistorieforening.no\/wp-content\/uploads\/2019\/11\/myrgubben-150x58.jpg 150w, https:\/\/www.hofosshistorieforening.no\/wp-content\/uploads\/2019\/11\/myrgubben.jpg 1411w\" sizes=\"auto, (max-width: 1024px) 100vw, 1024px\" \/><\/figure>\n<\/div>\n<\/div>\n","protected":false},"excerpt":{"rendered":"<p>CARL AXEL GODTLUND I Dagbok \u00f6ver mina vandringer p\u00e5 Wermlands och Sol\u00f6rs finnskogar 1821 nevner Godtlund \u2018Hogfors i Brandvals socken\u2019 (s. 161). Form\u00e5let er \u00e5 plassere 1500-tallsr\u00f8veren Olof i det sosiale og geografiske landskapet. Vi f\u00e5r inntrykk av at Finnskogen m\u00e5 ha v\u00e6rt sparsommelig bebygd p\u00e5 denne tida. Wikipedia om&nbsp;Carl&#8230;<\/p>\n<p> <a class=\"continue-reading-link\" href=\"https:\/\/www.hofosshistorieforening.no\/?page_id=263\"><span>Continue reading<\/span><i class=\"crycon-right-dir\"><\/i><\/a> <\/p>\n","protected":false},"author":2,"featured_media":0,"parent":0,"menu_order":0,"comment_status":"closed","ping_status":"closed","template":"","meta":{"footnotes":""},"class_list":["post-263","page","type-page","status-publish","hentry"],"_links":{"self":[{"href":"https:\/\/www.hofosshistorieforening.no\/index.php?rest_route=\/wp\/v2\/pages\/263","targetHints":{"allow":["GET"]}}],"collection":[{"href":"https:\/\/www.hofosshistorieforening.no\/index.php?rest_route=\/wp\/v2\/pages"}],"about":[{"href":"https:\/\/www.hofosshistorieforening.no\/index.php?rest_route=\/wp\/v2\/types\/page"}],"author":[{"embeddable":true,"href":"https:\/\/www.hofosshistorieforening.no\/index.php?rest_route=\/wp\/v2\/users\/2"}],"replies":[{"embeddable":true,"href":"https:\/\/www.hofosshistorieforening.no\/index.php?rest_route=%2Fwp%2Fv2%2Fcomments&post=263"}],"version-history":[{"count":2,"href":"https:\/\/www.hofosshistorieforening.no\/index.php?rest_route=\/wp\/v2\/pages\/263\/revisions"}],"predecessor-version":[{"id":267,"href":"https:\/\/www.hofosshistorieforening.no\/index.php?rest_route=\/wp\/v2\/pages\/263\/revisions\/267"}],"wp:attachment":[{"href":"https:\/\/www.hofosshistorieforening.no\/index.php?rest_route=%2Fwp%2Fv2%2Fmedia&parent=263"}],"curies":[{"name":"wp","href":"https:\/\/api.w.org\/{rel}","templated":true}]}}