{"id":269,"date":"2019-11-06T19:27:17","date_gmt":"2019-11-06T18:27:17","guid":{"rendered":"http:\/\/172.105.75.139\/?page_id=269"},"modified":"2023-11-29T19:56:29","modified_gmt":"2023-11-29T18:56:29","slug":"hofossinger","status":"publish","type":"page","link":"https:\/\/www.hofosshistorieforening.no\/?page_id=269","title":{"rendered":"Hofossinger"},"content":{"rendered":"\n<p> Hofoss har hatt mange markante personligheter gjennom tidene. Til hver av disse personene knytter det seg et arbeid, et livsprosjekt eller et n\u00e6rv\u00e6r som gir illustrasjon til Hofoss\u2019 sosiale, \u00f8konomiske og kulturelle historie. <\/p>\n\n\n\n<div class=\"wp-block-media-text alignwide is-vertically-aligned-top\" style=\"grid-template-columns:47% auto\"><figure class=\"wp-block-media-text__media\"><img loading=\"lazy\" decoding=\"async\" width=\"598\" height=\"873\" src=\"http:\/\/172.105.75.139\/wp-content\/uploads\/2019\/11\/aksellarsen-2.jpg\" alt=\"\" class=\"wp-image-141\" srcset=\"https:\/\/www.hofosshistorieforening.no\/wp-content\/uploads\/2019\/11\/aksellarsen-2.jpg 598w, https:\/\/www.hofosshistorieforening.no\/wp-content\/uploads\/2019\/11\/aksellarsen-2-205x300.jpg 205w, https:\/\/www.hofosshistorieforening.no\/wp-content\/uploads\/2019\/11\/aksellarsen-2-103x150.jpg 103w\" sizes=\"auto, (max-width: 598px) 100vw, 598px\" \/><\/figure><div class=\"wp-block-media-text__content\">\n<h5 class=\"wp-block-heading\"><strong>AKSEL LARSEN<\/strong><br>(1873 &#8211; 1950)<\/h5>\n\n\n\n<p>Axel var kj\u00f8pmann p\u00e5 Hofoss. Han tok over butikken etter sin onkel Gustav Olsen. Axel hadde sin bror Lars med seg som handelsbetjent. Lars var handikappet og hadde et bein som var kort. Haltet litt og hadde en oppbygd s\u00e5le p\u00e5 skoen sin. Lars var en n\u00f8ye kar (petimeter). Det fortelles at n\u00e5r kundene kom i butikken med flasker, s\u00e5 m\u00e5tte flaskene ha samme st\u00f8rrelse som det de kj\u00f8pte. Leverte de ei lita flaske fikk de ikke kj\u00f8pt ei stor flaske. Jeg (Thor O.) husker Lars, han hadde orden, spesialt i vedskjulet. Her var vedkostene stablet n\u00f8yaktig og i et fint m\u00f8nster. Jeg fikk lov \u00e5 g\u00e5 inn \u00e5 se p\u00e5, men ikke r\u00f8re. Min far Thorbj\u00f8rn tok over butikken etter Axel tidlig p\u00e5 50 tallet. jeg husker n\u00e5r kundene var i butikken, hendte det mang en gang at de tok en tur innom vedskjulet til Lars. et &#8220;kunstverk&#8221; som mange snakket om og beundret.<br>                                 (Kilde: Geni.com)<\/p>\n<\/div><\/div>\n\n\n\n<hr class=\"wp-block-separator is-style-wide\"\/>\n\n\n\n<div class=\"wp-block-media-text alignwide is-vertically-aligned-top\" style=\"grid-template-columns:47% auto\"><figure class=\"wp-block-media-text__media\"><img loading=\"lazy\" decoding=\"async\" width=\"785\" height=\"1005\" src=\"http:\/\/172.105.75.139\/wp-content\/uploads\/2019\/11\/gamleloven2.jpg\" alt=\"\" class=\"wp-image-144\" srcset=\"https:\/\/www.hofosshistorieforening.no\/wp-content\/uploads\/2019\/11\/gamleloven2.jpg 785w, https:\/\/www.hofosshistorieforening.no\/wp-content\/uploads\/2019\/11\/gamleloven2-234x300.jpg 234w, https:\/\/www.hofosshistorieforening.no\/wp-content\/uploads\/2019\/11\/gamleloven2-768x983.jpg 768w, https:\/\/www.hofosshistorieforening.no\/wp-content\/uploads\/2019\/11\/gamleloven2-117x150.jpg 117w\" sizes=\"auto, (max-width: 785px) 100vw, 785px\" \/><\/figure><div class=\"wp-block-media-text__content\">\n<h5 class=\"wp-block-heading\"><strong>ASBJ\u00d8RN ANDERSEN<\/strong><\/h5>\n\n\n\n<p>Han ble ogs\u00e5  kalt  &nbsp;\u00ab\u00c6rderberjern\u00bb.<\/p>\n<\/div><\/div>\n\n\n\n<hr class=\"wp-block-separator is-style-wide\"\/>\n\n\n\n<h5 class=\"wp-block-heading\" id=\"ui-accordion-1-header-2\"><strong>MAGNHILD GJESTER<\/strong><\/h5>\n\n\n\n<hr class=\"wp-block-separator is-style-wide\"\/>\n\n\n\n<div class=\"wp-block-columns is-layout-flex wp-container-core-columns-is-layout-9d6595d7 wp-block-columns-is-layout-flex\">\n<div class=\"wp-block-column is-layout-flow wp-block-column-is-layout-flow\" style=\"flex-basis:33.33%\">\n<figure class=\"wp-block-image size-large\"><img loading=\"lazy\" decoding=\"async\" width=\"352\" height=\"462\" src=\"http:\/\/www.hofosshistorieforening.no\/wp-content\/uploads\/2020\/10\/Arne-Andersen-Dammen-beskjert.jpg\" alt=\"\" class=\"wp-image-976\" srcset=\"https:\/\/www.hofosshistorieforening.no\/wp-content\/uploads\/2020\/10\/Arne-Andersen-Dammen-beskjert.jpg 352w, https:\/\/www.hofosshistorieforening.no\/wp-content\/uploads\/2020\/10\/Arne-Andersen-Dammen-beskjert-229x300.jpg 229w, https:\/\/www.hofosshistorieforening.no\/wp-content\/uploads\/2020\/10\/Arne-Andersen-Dammen-beskjert-114x150.jpg 114w\" sizes=\"auto, (max-width: 352px) 100vw, 352px\" \/><\/figure>\n<\/div>\n\n\n\n<div class=\"wp-block-column is-layout-flow wp-block-column-is-layout-flow\" style=\"flex-basis:66.66%\">\n<h5 class=\"wp-block-heading\"><strong>ARNE ANDERSEN DAMMEN<\/strong><\/h5>\n\n\n\n<p>F\u00f8dt: ?? og d\u00f8de i 1955. Han var gift med Marthea Hansdatter M\u00f8llerudsbr\u00e5ten<\/p>\n<\/div>\n<\/div>\n\n\n\n<hr class=\"wp-block-separator is-style-wide\"\/>\n\n\n\n<div class=\"wp-block-columns is-layout-flex wp-container-core-columns-is-layout-9d6595d7 wp-block-columns-is-layout-flex\">\n<div class=\"wp-block-column is-layout-flow wp-block-column-is-layout-flow\" style=\"flex-basis:33.33%\">\n<figure class=\"wp-block-image size-large\"><img loading=\"lazy\" decoding=\"async\" width=\"324\" height=\"474\" src=\"http:\/\/www.hofosshistorieforening.no\/wp-content\/uploads\/2020\/10\/Marthea-Hansdatter-Mollerudsbraten-beskjert.jpg\" alt=\"\" class=\"wp-image-977\" srcset=\"https:\/\/www.hofosshistorieforening.no\/wp-content\/uploads\/2020\/10\/Marthea-Hansdatter-Mollerudsbraten-beskjert.jpg 324w, https:\/\/www.hofosshistorieforening.no\/wp-content\/uploads\/2020\/10\/Marthea-Hansdatter-Mollerudsbraten-beskjert-205x300.jpg 205w, https:\/\/www.hofosshistorieforening.no\/wp-content\/uploads\/2020\/10\/Marthea-Hansdatter-Mollerudsbraten-beskjert-103x150.jpg 103w\" sizes=\"auto, (max-width: 324px) 100vw, 324px\" \/><\/figure>\n<\/div>\n\n\n\n<div class=\"wp-block-column is-layout-flow wp-block-column-is-layout-flow\" style=\"flex-basis:66.66%\">\n<h5 class=\"wp-block-heading\"><strong>MARTHEA HANSDATTER M\u00d8LLERUDSBR\u00c5TEN<\/strong><\/h5>\n\n\n\n<p>F\u00f8dt ?? og d\u00f8de i 1946. Hun var gift med Arne Andersen Dammen.<\/p>\n<\/div>\n<\/div>\n\n\n\n<hr class=\"wp-block-separator is-style-wide\"\/>\n\n\n\n<h5 class=\"wp-block-heading\" id=\"ui-accordion-1-header-3\"><strong>JOHAN SAGERUD<\/strong><\/h5>\n\n\n\n<hr class=\"wp-block-separator is-style-wide\"\/>\n\n\n\n<h5 class=\"wp-block-heading\" id=\"ui-accordion-1-header-4\"><strong>OLIVER NOER<\/strong><\/h5>\n\n\n\n<hr class=\"wp-block-separator is-style-wide\"\/>\n\n\n\n<h5 class=\"wp-block-heading\" id=\"ui-accordion-1-header-5\"><strong>HARALD SKAARE<\/strong><\/h5>\n\n\n\n<hr class=\"wp-block-separator is-style-wide\"\/>\n\n\n\n<h5 class=\"wp-block-heading\" id=\"ui-accordion-1-header-6\"><strong>ANTON HOFOSS<\/strong><\/h5>\n\n\n\n<hr class=\"wp-block-separator is-style-wide\"\/>\n\n\n\n<h5 class=\"wp-block-heading\" id=\"ui-accordion-1-header-7\"><strong>LARS OLSEN<\/strong><\/h5>\n\n\n\n<hr class=\"wp-block-separator is-style-wide\"\/>\n\n\n\n<div class=\"wp-block-media-text alignwide is-vertically-aligned-top\" style=\"grid-template-columns:46% auto\"><figure class=\"wp-block-media-text__media\"><img loading=\"lazy\" decoding=\"async\" width=\"285\" height=\"300\" src=\"http:\/\/172.105.75.139\/wp-content\/uploads\/2019\/12\/HANS-STRAND_2-285x300-2.jpg\" alt=\"\" class=\"wp-image-839\" srcset=\"https:\/\/www.hofosshistorieforening.no\/wp-content\/uploads\/2019\/12\/HANS-STRAND_2-285x300-2.jpg 285w, https:\/\/www.hofosshistorieforening.no\/wp-content\/uploads\/2019\/12\/HANS-STRAND_2-285x300-2-143x150.jpg 143w\" sizes=\"auto, (max-width: 285px) 100vw, 285px\" \/><\/figure><div class=\"wp-block-media-text__content\">\n<h5 class=\"wp-block-heading\"><strong>HANS ANTONSEN STRAND<\/strong><br>( 1891-1983 )<\/h5>\n\n\n\n<p> Ogs\u00e5 kalt \u00abSmal-Hans\u00bb.<\/p>\n<\/div><\/div>\n\n\n\n<hr class=\"wp-block-separator is-style-wide\"\/>\n\n\n\n<div class=\"wp-block-media-text alignwide is-vertically-aligned-top\" style=\"grid-template-columns:46% auto\"><figure class=\"wp-block-media-text__media\"><img loading=\"lazy\" decoding=\"async\" width=\"760\" height=\"1024\" src=\"http:\/\/172.105.75.139\/wp-content\/uploads\/2019\/11\/Olaf-Hofoss-alene-2-760x1024-760x1024.jpg\" alt=\"\" class=\"wp-image-138\" srcset=\"https:\/\/www.hofosshistorieforening.no\/wp-content\/uploads\/2019\/11\/Olaf-Hofoss-alene-2-760x1024.jpg 760w, https:\/\/www.hofosshistorieforening.no\/wp-content\/uploads\/2019\/11\/Olaf-Hofoss-alene-2-760x1024-223x300.jpg 223w, https:\/\/www.hofosshistorieforening.no\/wp-content\/uploads\/2019\/11\/Olaf-Hofoss-alene-2-760x1024-111x150.jpg 111w\" sizes=\"auto, (max-width: 760px) 100vw, 760px\" \/><\/figure><div class=\"wp-block-media-text__content\">\n<h5 class=\"wp-block-heading\"> <strong>OLAF HOFOSS<\/strong> <br>(1889 &#8211; 1968)<\/h5>\n\n\n\n<p><strong>Bibliografi<\/strong><\/p>\n\n\n\n<p class=\"has-small-font-size\">Tronds-Kari paa Tr\u00f8sskogen; Fort\u00e6lling fra Finskogen (O. A. Vindhols Forlag, Kristiania, 1922)<\/p>\n\n\n\n<p class=\"has-small-font-size\">\u00abFjeldsj\u00f8en\u00bb (dikt)<br>\u00abTronds-Kari paa Tr\u00f8sskogen \u2013 Fort\u00e6lling fra Finskogen\u00bb<br>\u00abTras-Nils\u00bb<br>\u00abSkogskarer\u00bb<br>\u00abWapo\u00bb<\/p>\n\n\n\n<p class=\"has-small-font-size\">Finn-T\u00f8rkjel indpaa Kj\u00f8lensvidden. Bygdefort\u00e6llinger av Olaf Hofoss (O. A. Vindhols Forlag, Kristiania, 1922)<\/p>\n\n\n\n<p class=\"has-small-font-size\">\u00abVaar i Skogen\u00bb (dikt)<br>\u00abFinn-T\u00f8rkjel indpaa Kj\u00f8lensvidden\u00bb<br>\u00abTolv-Mina\u00bb<br>\u00abKv\u00e6n-Siri\u00bb<br>\u00abFinn-Nils\u00bb<\/p>\n\n\n\n<p class=\"has-small-font-size\"> \u00abTorpjenten\u00bb. Fort\u00e6lling fra Finskogen (O. A. Vindhols folag, Kristiania, 1922)<\/p>\n\n\n\n<p class=\"has-small-font-size\">\u00abT\u00f8rris R\u00f8ver. Et sagn.\u00bb<br>\u00abAustadbudeien\u00bb<br>\u00abTussefelen\u00bb<\/p>\n\n\n\n<p class=\"has-small-font-size\">\u00abKobberslager-Hulda\u00bb (Fremad 9.8.1923)<\/p>\n\n\n\n<p class=\"has-small-font-size\">Kv\u00e6nli-T\u00f8sen (A\/S Vindhol\u2019s Forlag, Kristiania, 1924)<\/p>\n\n\n\n<p class=\"has-small-font-size\">\u00abHjemmets jord; til en som drar tilbake\u00bb (Nordmanns-Forbundet 20. 1927)<\/p>\n\n\n\n<p class=\"has-small-font-size\">\u00abSang for N. F. i Canada\u00bb (Nordmanns-Forbundet 20. 1927)<\/p>\n\n\n\n<p class=\"has-small-font-size\">\u00abSjele paa vandring; minder om et sykehusopphold\u00bb (Duluth Skandinav 17.2.1928)<\/p>\n\n\n\n<p class=\"has-small-font-size\">\u00abMit liv som polarforsker\u00bb (Duluth Skandinav 4.5 og 11.5.1928)<\/p>\n\n\n\n<p class=\"has-small-font-size\">\u00abTil dig\u00bb (Duluth Skandinav 8.6.1928)<\/p>\n\n\n\n<p class=\"has-small-font-size\">\u00abFestprolog til Winnipegstevnet i juli 1928\u00bb (Duluth Skandinav 22.6.1928)<\/p>\n\n\n\n<p class=\"has-small-font-size\">\u00abFra Homesteadernes Eldorado i Nord\u00bb (Skandinavien 23.4.1929)<\/p>\n\n\n\n<p class=\"has-small-font-size\">\u00abL\u00e6ngsels-Vaar\u00bb (Skandinavien 30.4.1929)<\/p>\n\n\n\n<p class=\"has-small-font-size\">\u00abMorgengry\u00bb (Skandinavien 26.7.1929)<\/p>\n\n\n\n<p class=\"has-small-font-size\">\u00abMot vest; blandt skandinaverne i Moose Jaw, Sask., Can.\u00bb (Skandinavien 6.8.1929)<\/p>\n\n\n\n<p class=\"has-small-font-size\">\u00abTronds-Kari paa Tr\u00f8sskogen; Fort\u00e6lling fra Finskogen\u00bb (Duluth Skandinav 31.8.-9.11.1928)<\/p>\n\n\n\n<p class=\"has-small-font-size\">\u00abGjennem de nordlige Dele af Saskatchewan; et Bes\u00f8g i Birch Hills\u00bb (Skandinavien 8.10.1929)<\/p>\n\n\n\n<p class=\"has-small-font-size\">\u00abInteri\u00f8rer og Indtryk fra det skandinaviske Distrikt, Wadena, Sask.\u00bb (Skandinavien 13.12.1929)<\/p>\n<\/div><\/div>\n\n\n\n<hr class=\"wp-block-separator is-style-wide\"\/>\n\n\n\n<h5 class=\"wp-block-heading\" id=\"ui-accordion-1-header-10\"><strong>THORBJ\u00d8RN OLSEN<\/strong><\/h5>\n\n\n\n<hr class=\"wp-block-separator is-style-wide\"\/>\n\n\n\n<h5 class=\"wp-block-heading\" id=\"ui-accordion-1-header-11\"><strong>HARALD &#8220;VEIVOKTER&#8221; STRAND<\/strong><\/h5>\n\n\n\n<hr class=\"wp-block-separator is-style-wide\"\/>\n\n\n\n<h5 class=\"wp-block-heading\" id=\"ui-accordion-1-header-12\"><strong>VIKTOR H\u00d8GBERG<\/strong><\/h5>\n\n\n\n<hr class=\"wp-block-separator is-style-wide\"\/>\n\n\n\n<h5 class=\"wp-block-heading\" id=\"ui-accordion-1-header-13\"><strong>MINDA RISMOEN<\/strong><\/h5>\n\n\n\n<hr class=\"wp-block-separator is-style-wide\"\/>\n\n\n\n<h5 class=\"wp-block-heading\" id=\"ui-accordion-1-header-14\"><strong>ULF HEDIN<\/strong><\/h5>\n\n\n\n<p><\/p>\n","protected":false},"excerpt":{"rendered":"<p>Hofoss har hatt mange markante personligheter gjennom tidene. Til hver av disse personene knytter det seg et arbeid, et livsprosjekt eller et n\u00e6rv\u00e6r som gir illustrasjon til Hofoss\u2019 sosiale, \u00f8konomiske og kulturelle historie. AKSEL LARSEN(1873 &#8211; 1950) Axel var kj\u00f8pmann p\u00e5 Hofoss. Han tok over butikken etter sin onkel Gustav&#8230;<\/p>\n<p> <a class=\"continue-reading-link\" href=\"https:\/\/www.hofosshistorieforening.no\/?page_id=269\"><span>Continue reading<\/span><i class=\"crycon-right-dir\"><\/i><\/a> <\/p>\n","protected":false},"author":2,"featured_media":0,"parent":0,"menu_order":0,"comment_status":"closed","ping_status":"closed","template":"templates\/template-onecolumn.php","meta":{"footnotes":""},"class_list":["post-269","page","type-page","status-publish","hentry"],"_links":{"self":[{"href":"https:\/\/www.hofosshistorieforening.no\/index.php?rest_route=\/wp\/v2\/pages\/269","targetHints":{"allow":["GET"]}}],"collection":[{"href":"https:\/\/www.hofosshistorieforening.no\/index.php?rest_route=\/wp\/v2\/pages"}],"about":[{"href":"https:\/\/www.hofosshistorieforening.no\/index.php?rest_route=\/wp\/v2\/types\/page"}],"author":[{"embeddable":true,"href":"https:\/\/www.hofosshistorieforening.no\/index.php?rest_route=\/wp\/v2\/users\/2"}],"replies":[{"embeddable":true,"href":"https:\/\/www.hofosshistorieforening.no\/index.php?rest_route=%2Fwp%2Fv2%2Fcomments&post=269"}],"version-history":[{"count":21,"href":"https:\/\/www.hofosshistorieforening.no\/index.php?rest_route=\/wp\/v2\/pages\/269\/revisions"}],"predecessor-version":[{"id":981,"href":"https:\/\/www.hofosshistorieforening.no\/index.php?rest_route=\/wp\/v2\/pages\/269\/revisions\/981"}],"wp:attachment":[{"href":"https:\/\/www.hofosshistorieforening.no\/index.php?rest_route=%2Fwp%2Fv2%2Fmedia&parent=269"}],"curies":[{"name":"wp","href":"https:\/\/api.w.org\/{rel}","templated":true}]}}