{"id":299,"date":"2019-11-16T15:58:36","date_gmt":"2019-11-16T14:58:36","guid":{"rendered":"http:\/\/172.105.75.139\/?page_id=299"},"modified":"2026-03-25T10:43:13","modified_gmt":"2026-03-25T09:43:13","slug":"moter","status":"publish","type":"page","link":"https:\/\/www.hofosshistorieforening.no\/?page_id=299","title":{"rendered":"M\u00f8ter"},"content":{"rendered":"\n<p><a href=\"https:\/\/www.hofosshistorieforening.no\/?page_id=1434\" data-type=\"page\" data-id=\"1434\">11.03. 2026: \u00c5rsm\u00f8tedokumenter<\/a><\/p>\n\n\n\n<div class=\"wp-block-columns has-2-columns is-layout-flex wp-container-core-columns-is-layout-9d6595d7 wp-block-columns-is-layout-flex\">\n<div class=\"wp-block-column is-layout-flow wp-block-column-is-layout-flow\">\n<p><a href=\"https:\/\/www.hofosshistorieforening.no\/?page_id=1292\" data-type=\"page\" data-id=\"1292\">22.04. 2024: \u00c5rsm\u00f8tedokumenter<\/a><\/p>\n\n\n\n<p><a href=\"https:\/\/www.hofosshistorieforening.no\/?page_id=1162\" data-type=\"page\" data-id=\"1162\">16.03. 2023: \u00c5rsm\u00f8tedokumenter<\/a><\/p>\n\n\n\n<p>24.04.2014: \u00c5rsm\u00f8te<\/p>\n\n\n\n<p>25.01.2014: Arbeidsm\u00f8te<\/p>\n\n\n\n<p>15.04.2013: Styrem\u00f8te<\/p>\n\n\n\n<p>25.06.2012: M\u00f8te<\/p>\n\n\n\n<p>16.04.2012: M\u00f8te<\/p>\n\n\n\n<p>27.02.2012: M\u00f8te<\/p>\n\n\n\n<p>17.08.2011: Styrem\u00f8te<\/p>\n\n\n\n<p>10.10.2010: Stiftelsesm\u00f8te hos Inger Noer<\/p>\n<\/div>\n\n\n\n<div class=\"wp-block-column is-layout-flow wp-block-column-is-layout-flow\">\n<figure class=\"wp-block-image\"><img loading=\"lazy\" decoding=\"async\" width=\"1024\" height=\"665\" src=\"http:\/\/172.105.75.139\/wp-content\/uploads\/2019\/10\/Hofoss3-til-forside-1024x665.jpg\" alt=\"\" class=\"wp-image-60\" srcset=\"https:\/\/www.hofosshistorieforening.no\/wp-content\/uploads\/2019\/10\/Hofoss3-til-forside-1024x665.jpg 1024w, https:\/\/www.hofosshistorieforening.no\/wp-content\/uploads\/2019\/10\/Hofoss3-til-forside-300x195.jpg 300w, https:\/\/www.hofosshistorieforening.no\/wp-content\/uploads\/2019\/10\/Hofoss3-til-forside-768x498.jpg 768w, https:\/\/www.hofosshistorieforening.no\/wp-content\/uploads\/2019\/10\/Hofoss3-til-forside-150x97.jpg 150w\" sizes=\"auto, (max-width: 1024px) 100vw, 1024px\" \/><figcaption class=\"wp-element-caption\">Hofoss g\u00e5rd?<\/figcaption><\/figure>\n<\/div>\n<\/div>\n","protected":false},"excerpt":{"rendered":"<p>11.03. 2026: \u00c5rsm\u00f8tedokumenter 22.04. 2024: \u00c5rsm\u00f8tedokumenter 16.03. 2023: \u00c5rsm\u00f8tedokumenter 24.04.2014: \u00c5rsm\u00f8te 25.01.2014: Arbeidsm\u00f8te 15.04.2013: Styrem\u00f8te 25.06.2012: M\u00f8te 16.04.2012: M\u00f8te 27.02.2012: M\u00f8te 17.08.2011: Styrem\u00f8te 10.10.2010: Stiftelsesm\u00f8te hos Inger Noer<\/p>\n<p> <a class=\"continue-reading-link\" href=\"https:\/\/www.hofosshistorieforening.no\/?page_id=299\"><span>Continue reading<\/span><i class=\"crycon-right-dir\"><\/i><\/a> <\/p>\n","protected":false},"author":2,"featured_media":0,"parent":0,"menu_order":0,"comment_status":"closed","ping_status":"closed","template":"","meta":{"footnotes":""},"class_list":["post-299","page","type-page","status-publish","hentry"],"_links":{"self":[{"href":"https:\/\/www.hofosshistorieforening.no\/index.php?rest_route=\/wp\/v2\/pages\/299","targetHints":{"allow":["GET"]}}],"collection":[{"href":"https:\/\/www.hofosshistorieforening.no\/index.php?rest_route=\/wp\/v2\/pages"}],"about":[{"href":"https:\/\/www.hofosshistorieforening.no\/index.php?rest_route=\/wp\/v2\/types\/page"}],"author":[{"embeddable":true,"href":"https:\/\/www.hofosshistorieforening.no\/index.php?rest_route=\/wp\/v2\/users\/2"}],"replies":[{"embeddable":true,"href":"https:\/\/www.hofosshistorieforening.no\/index.php?rest_route=%2Fwp%2Fv2%2Fcomments&post=299"}],"version-history":[{"count":7,"href":"https:\/\/www.hofosshistorieforening.no\/index.php?rest_route=\/wp\/v2\/pages\/299\/revisions"}],"predecessor-version":[{"id":1438,"href":"https:\/\/www.hofosshistorieforening.no\/index.php?rest_route=\/wp\/v2\/pages\/299\/revisions\/1438"}],"wp:attachment":[{"href":"https:\/\/www.hofosshistorieforening.no\/index.php?rest_route=%2Fwp%2Fv2%2Fmedia&parent=299"}],"curies":[{"name":"wp","href":"https:\/\/api.w.org\/{rel}","templated":true}]}}