{"id":333,"date":"2019-11-18T20:11:18","date_gmt":"2019-11-18T19:11:18","guid":{"rendered":"http:\/\/172.105.75.139\/?page_id=333"},"modified":"2019-11-18T22:53:46","modified_gmt":"2019-11-18T21:53:46","slug":"test-gallery-yngve","status":"publish","type":"page","link":"https:\/\/www.hofosshistorieforening.no\/?page_id=333","title":{"rendered":"Bildegalleri &#8211; Yngve Strand"},"content":{"rendered":"\n<p>Nedenfor ser du en oversikt over bildene som Yngve Strand har bidratt med. Trykk p\u00e5 ett av bildene, s\u00e5 kan du bla deg gjennom de i full st\u00f8rrelse.<\/p>\n\n\n\n<div class=\"wp-block-responsive-lightbox-gallery\"><div class=\"rl-gallery-container rl-loading\" id=\"rl-gallery-container-1\" data-gallery_id=\"337\"> <div class=\"rl-gallery rl-basicmasonry-gallery \" id=\"rl-gallery-1\" data-gallery_no=\"1\"> <div class=\"rl-gutter-sizer\"><\/div><div class=\"rl-grid-sizer\"><\/div> <div class=\"rl-gallery-item rl-gallery-item-width-4\" > <div class=\"rl-gallery-item-content\"> <a href=\"https:\/\/www.hofosshistorieforening.no\/wp-content\/uploads\/2019\/11\/aksellarsen-2.jpg\" title=\"Aksel Larsen\" data-rl_title=\"Aksel Larsen\" class=\"rl-gallery-link\" data-rl_caption=\"\" data-rel=\"lightbox-gallery-1\"><img loading=\"lazy\" decoding=\"async\" src=\"https:\/\/www.hofosshistorieforening.no\/wp-content\/uploads\/2019\/11\/aksellarsen-2-205x300.jpg\" width=\"205\" height=\"300\" alt=\"\" \/><span class=\"rl-gallery-caption\"><span class=\"rl-gallery-item-title\">Aksel Larsen<\/span><\/span><\/a> <\/div> <\/div> <div class=\"rl-gallery-item\" > <div class=\"rl-gallery-item-content\"> <a href=\"https:\/\/www.hofosshistorieforening.no\/wp-content\/uploads\/2019\/11\/gamleloven.jpg\" title=\"Gamle l\u00e5ven\" data-rl_title=\"Gamle l\u00e5ven\" class=\"rl-gallery-link\" data-rl_caption=\"\" data-rel=\"lightbox-gallery-1\"><img loading=\"lazy\" decoding=\"async\" src=\"https:\/\/www.hofosshistorieforening.no\/wp-content\/uploads\/2019\/11\/gamleloven-205x300.jpg\" width=\"205\" height=\"300\" alt=\"\" \/><span class=\"rl-gallery-caption\"><span class=\"rl-gallery-item-title\">Gamle l\u00e5ven<\/span><\/span><\/a> <\/div> <\/div> <div class=\"rl-gallery-item\" > <div class=\"rl-gallery-item-content\"> <a href=\"https:\/\/www.hofosshistorieforening.no\/wp-content\/uploads\/2019\/11\/gamleloven2.jpg\" title=\"Gamle l\u00e5ven\" data-rl_title=\"Gamle l\u00e5ven\" class=\"rl-gallery-link\" data-rl_caption=\"\" data-rel=\"lightbox-gallery-1\"><img loading=\"lazy\" decoding=\"async\" src=\"https:\/\/www.hofosshistorieforening.no\/wp-content\/uploads\/2019\/11\/gamleloven2-234x300.jpg\" width=\"234\" height=\"300\" alt=\"\" \/><span class=\"rl-gallery-caption\"><span class=\"rl-gallery-item-title\">Gamle l\u00e5ven<\/span><\/span><\/a> <\/div> <\/div> <div class=\"rl-gallery-item\" > <div class=\"rl-gallery-item-content\"> <a href=\"https:\/\/www.hofosshistorieforening.no\/wp-content\/uploads\/2019\/11\/karla-hofoss-1-697x1024.jpg\" title=\"Karla Hofoss\" data-rl_title=\"Karla Hofoss\" class=\"rl-gallery-link\" data-rl_caption=\"\" data-rel=\"lightbox-gallery-1\"><img loading=\"lazy\" decoding=\"async\" src=\"https:\/\/www.hofosshistorieforening.no\/wp-content\/uploads\/2019\/11\/karla-hofoss-1-697x1024-204x300.jpg\" width=\"204\" height=\"300\" alt=\"\" \/><span class=\"rl-gallery-caption\"><span class=\"rl-gallery-item-title\">Karla Hofoss<\/span><\/span><\/a> <\/div> <\/div> <div class=\"rl-gallery-item\" > <div class=\"rl-gallery-item-content\"> <a href=\"https:\/\/www.hofosshistorieforening.no\/wp-content\/uploads\/2019\/11\/Karla-Hofoss-og-fem-barn-1-706x1024.jpg\" title=\"Karla Hofoss med 5 barn\" data-rl_title=\"Karla Hofoss med 5 barn\" class=\"rl-gallery-link\" data-rl_caption=\"\" data-rel=\"lightbox-gallery-1\"><img loading=\"lazy\" decoding=\"async\" src=\"https:\/\/www.hofosshistorieforening.no\/wp-content\/uploads\/2019\/11\/Karla-Hofoss-og-fem-barn-1-706x1024-207x300.jpg\" width=\"207\" height=\"300\" alt=\"\" \/><span class=\"rl-gallery-caption\"><span class=\"rl-gallery-item-title\">Karla Hofoss med 5 barn<\/span><\/span><\/a> <\/div> <\/div> <div class=\"rl-gallery-item\" > <div class=\"rl-gallery-item-content\"> <a href=\"https:\/\/www.hofosshistorieforening.no\/wp-content\/uploads\/2019\/11\/karla-hofoss-og-venninne-II-1-721x1024.jpg\" title=\"Karla Hofoss med veninne\" data-rl_title=\"Karla Hofoss med veninne\" class=\"rl-gallery-link\" data-rl_caption=\"\" data-rel=\"lightbox-gallery-1\"><img loading=\"lazy\" decoding=\"async\" src=\"https:\/\/www.hofosshistorieforening.no\/wp-content\/uploads\/2019\/11\/karla-hofoss-og-venninne-II-1-721x1024-211x300.jpg\" width=\"211\" height=\"300\" alt=\"\" \/><span class=\"rl-gallery-caption\"><span class=\"rl-gallery-item-title\">Karla Hofoss med veninne<\/span><\/span><\/a> <\/div> <\/div> <div class=\"rl-gallery-item\" > <div class=\"rl-gallery-item-content\"> <a href=\"https:\/\/www.hofosshistorieforening.no\/wp-content\/uploads\/2019\/11\/hofoss-finn-karla-1.jpg\" title=\"Hofoss, Finn-Karla\" data-rl_title=\"Hofoss, Finn-Karla\" class=\"rl-gallery-link\" data-rl_caption=\"\" data-rel=\"lightbox-gallery-1\"><img loading=\"lazy\" decoding=\"async\" src=\"https:\/\/www.hofosshistorieforening.no\/wp-content\/uploads\/2019\/11\/hofoss-finn-karla-1-300x295.jpg\" width=\"300\" height=\"295\" alt=\"\" \/><span class=\"rl-gallery-caption\"><span class=\"rl-gallery-item-title\">Hofoss, Finn-Karla<\/span><\/span><\/a> <\/div> <\/div> <div class=\"rl-gallery-item\" > <div class=\"rl-gallery-item-content\"> <a href=\"https:\/\/www.hofosshistorieforening.no\/wp-content\/uploads\/2019\/10\/Yngve-smalhans-1.jpg\" title=\"Smalhans\" data-rl_title=\"Smalhans\" class=\"rl-gallery-link\" data-rl_caption=\"\" data-rel=\"lightbox-gallery-1\"><img loading=\"lazy\" decoding=\"async\" src=\"https:\/\/www.hofosshistorieforening.no\/wp-content\/uploads\/2019\/10\/Yngve-smalhans-1-300x300.jpg\" width=\"300\" height=\"300\" alt=\"\" \/><span class=\"rl-gallery-caption\"><span class=\"rl-gallery-item-title\">Smalhans<\/span><\/span><\/a> <\/div> <\/div> <div class=\"rl-gallery-item\" > <div class=\"rl-gallery-item-content\"> <a href=\"https:\/\/www.hofosshistorieforening.no\/wp-content\/uploads\/2019\/10\/Yngve-Slede.jpg\" title=\"Kanefart\" data-rl_title=\"Kanefart\" class=\"rl-gallery-link\" data-rl_caption=\"\" data-rel=\"lightbox-gallery-1\"><img loading=\"lazy\" decoding=\"async\" src=\"https:\/\/www.hofosshistorieforening.no\/wp-content\/uploads\/2019\/10\/Yngve-Slede-235x300.jpg\" width=\"235\" height=\"300\" alt=\"\" \/><span class=\"rl-gallery-caption\"><span class=\"rl-gallery-item-title\">Kanefart<\/span><\/span><\/a> <\/div> <\/div> <div class=\"rl-gallery-item\" > <div class=\"rl-gallery-item-content\"> <a href=\"https:\/\/www.hofosshistorieforening.no\/wp-content\/uploads\/2019\/10\/Yngve-pus.jpg\" title=\"Pus\" data-rl_title=\"Pus\" class=\"rl-gallery-link\" data-rl_caption=\"\" data-rel=\"lightbox-gallery-1\"><img loading=\"lazy\" decoding=\"async\" src=\"https:\/\/www.hofosshistorieforening.no\/wp-content\/uploads\/2019\/10\/Yngve-pus-300x207.jpg\" width=\"300\" height=\"207\" alt=\"\" \/><span class=\"rl-gallery-caption\"><span class=\"rl-gallery-item-title\">Pus<\/span><\/span><\/a> <\/div> <\/div> <div class=\"rl-gallery-item\" > <div class=\"rl-gallery-item-content\"> <a href=\"https:\/\/www.hofosshistorieforening.no\/wp-content\/uploads\/2019\/10\/Yngve-tostenstuen.jpg\" title=\"Yngve Tostenstuen\" data-rl_title=\"Yngve Tostenstuen\" class=\"rl-gallery-link\" data-rl_caption=\"\" data-rel=\"lightbox-gallery-1\"><img loading=\"lazy\" decoding=\"async\" src=\"https:\/\/www.hofosshistorieforening.no\/wp-content\/uploads\/2019\/10\/Yngve-tostenstuen-300x202.jpg\" width=\"300\" height=\"202\" alt=\"\" \/><span class=\"rl-gallery-caption\"><span class=\"rl-gallery-item-title\">Yngve Tostenstuen<\/span><\/span><\/a> <\/div> <\/div> <div class=\"rl-gallery-item\" > <div class=\"rl-gallery-item-content\"> <a href=\"https:\/\/www.hofosshistorieforening.no\/wp-content\/uploads\/2019\/11\/Karla-med-trekkspill-1-729x1024.jpg\" title=\"Karla med trekkspill\" data-rl_title=\"Karla med trekkspill\" class=\"rl-gallery-link\" data-rl_caption=\"\" data-rel=\"lightbox-gallery-1\"><img loading=\"lazy\" decoding=\"async\" src=\"https:\/\/www.hofosshistorieforening.no\/wp-content\/uploads\/2019\/11\/Karla-med-trekkspill-1-729x1024-214x300.jpg\" width=\"214\" height=\"300\" alt=\"\" \/><span class=\"rl-gallery-caption\"><span class=\"rl-gallery-item-title\">Karla med trekkspill<\/span><\/span><\/a> <\/div> <\/div> <div class=\"rl-gallery-item\" > <div class=\"rl-gallery-item-content\"> <a href=\"https:\/\/www.hofosshistorieforening.no\/wp-content\/uploads\/2019\/11\/Olaf-Hofoss-alene-2-760x1024.jpg\" title=\"Olaf Hofoss\" data-rl_title=\"Olaf Hofoss\" class=\"rl-gallery-link\" data-rl_caption=\"\" data-rel=\"lightbox-gallery-1\"><img loading=\"lazy\" decoding=\"async\" src=\"https:\/\/www.hofosshistorieforening.no\/wp-content\/uploads\/2019\/11\/Olaf-Hofoss-alene-2-760x1024-223x300.jpg\" width=\"223\" height=\"300\" alt=\"\" \/><span class=\"rl-gallery-caption\"><span class=\"rl-gallery-item-title\">Olaf Hofoss<\/span><\/span><\/a> <\/div> <\/div> <div class=\"rl-gallery-item\" > <div class=\"rl-gallery-item-content\"> <a href=\"https:\/\/www.hofosshistorieforening.no\/wp-content\/uploads\/2019\/11\/Nabotreff.jpg\" title=\"Nabotreff\" data-rl_title=\"Nabotreff\" class=\"rl-gallery-link\" data-rl_caption=\"\" data-rel=\"lightbox-gallery-1\"><img loading=\"lazy\" decoding=\"async\" src=\"https:\/\/www.hofosshistorieforening.no\/wp-content\/uploads\/2019\/11\/Nabotreff-300x208.jpg\" width=\"300\" height=\"208\" alt=\"\" \/><span class=\"rl-gallery-caption\"><span class=\"rl-gallery-item-title\">Nabotreff<\/span><\/span><\/a> <\/div> <\/div> <div class=\"rl-gallery-item\" > <div class=\"rl-gallery-item-content\"> <a href=\"https:\/\/www.hofosshistorieforening.no\/wp-content\/uploads\/2019\/11\/hofoss-ved-butikken-1-704x1024.jpg\" title=\"En munter gjeng ved butikken\" data-rl_title=\"En munter gjeng ved butikken\" class=\"rl-gallery-link\" data-rl_caption=\"\" data-rel=\"lightbox-gallery-1\"><img loading=\"lazy\" decoding=\"async\" src=\"https:\/\/www.hofosshistorieforening.no\/wp-content\/uploads\/2019\/11\/hofoss-ved-butikken-1-704x1024-206x300.jpg\" width=\"206\" height=\"300\" alt=\"\" \/><span class=\"rl-gallery-caption\"><span class=\"rl-gallery-item-title\">En munter gjeng ved butikken<\/span><\/span><\/a> <\/div> <\/div> <div class=\"rl-gallery-item\" > <div class=\"rl-gallery-item-content\"> <a href=\"https:\/\/www.hofosshistorieforening.no\/wp-content\/uploads\/2019\/11\/karlahofoss-redigert-1-474x1024.jpg\" title=\"Karla Hofoss\" data-rl_title=\"Karla Hofoss\" class=\"rl-gallery-link\" data-rl_caption=\"\" data-rel=\"lightbox-gallery-1\"><img loading=\"lazy\" decoding=\"async\" src=\"https:\/\/www.hofosshistorieforening.no\/wp-content\/uploads\/2019\/11\/karlahofoss-redigert-1-474x1024-139x300.jpg\" width=\"139\" height=\"300\" alt=\"\" \/><span class=\"rl-gallery-caption\"><span class=\"rl-gallery-item-title\">Karla Hofoss<\/span><\/span><\/a> <\/div> <\/div> <div class=\"rl-gallery-item\" > <div class=\"rl-gallery-item-content\"> <a href=\"https:\/\/www.hofosshistorieforening.no\/wp-content\/uploads\/2019\/11\/olaf-hofoss-redigert-1-672x1024.jpg\" title=\"Olaf Hofoss med frue\" data-rl_title=\"Olaf Hofoss med frue\" class=\"rl-gallery-link\" data-rl_caption=\"\" data-rel=\"lightbox-gallery-1\"><img loading=\"lazy\" decoding=\"async\" src=\"https:\/\/www.hofosshistorieforening.no\/wp-content\/uploads\/2019\/11\/olaf-hofoss-redigert-1-672x1024-197x300.jpg\" width=\"197\" height=\"300\" alt=\"\" \/><span class=\"rl-gallery-caption\"><span class=\"rl-gallery-item-title\">Olaf Hofoss med frue<\/span><\/span><\/a> <\/div> <\/div> <div class=\"rl-gallery-item\" > <div class=\"rl-gallery-item-content\"> <a href=\"https:\/\/www.hofosshistorieforening.no\/wp-content\/uploads\/2019\/11\/Gutt.jpg\" title=\"Gutt - hvem?\" data-rl_title=\"Gutt - hvem?\" class=\"rl-gallery-link\" data-rl_caption=\"\" data-rel=\"lightbox-gallery-1\"><img loading=\"lazy\" decoding=\"async\" src=\"https:\/\/www.hofosshistorieforening.no\/wp-content\/uploads\/2019\/11\/Gutt-233x300.jpg\" width=\"233\" height=\"300\" alt=\"\" \/><span class=\"rl-gallery-caption\"><span class=\"rl-gallery-item-title\">Gutt - hvem?<\/span><\/span><\/a> <\/div> <\/div> <div class=\"rl-gallery-item\" > <div class=\"rl-gallery-item-content\"> <a href=\"https:\/\/www.hofosshistorieforening.no\/wp-content\/uploads\/2019\/11\/hansotto-1.jpg\" title=\"Hans Otto og et par venner\" data-rl_title=\"Hans Otto og et par venner\" class=\"rl-gallery-link\" data-rl_caption=\"\" data-rel=\"lightbox-gallery-1\"><img loading=\"lazy\" decoding=\"async\" src=\"https:\/\/www.hofosshistorieforening.no\/wp-content\/uploads\/2019\/11\/hansotto-1-300x194.jpg\" width=\"300\" height=\"194\" alt=\"\" \/><span class=\"rl-gallery-caption\"><span class=\"rl-gallery-item-title\">Hans Otto og et par venner<\/span><\/span><\/a> <\/div> <\/div> <div class=\"rl-gallery-item\" > <div class=\"rl-gallery-item-content\"> <a href=\"https:\/\/www.hofosshistorieforening.no\/wp-content\/uploads\/2019\/12\/hofoss-damhaugen-kvennhaugen300x202.jpg\" title=\"Kvennhauga Foto: Yngve Strand\" data-rl_title=\"Kvennhauga Foto: Yngve Strand\" class=\"rl-gallery-link\" data-rl_caption=\"\" data-rel=\"lightbox-gallery-1\"><img loading=\"lazy\" decoding=\"async\" src=\"https:\/\/www.hofosshistorieforening.no\/wp-content\/uploads\/2019\/12\/hofoss-damhaugen-kvennhaugen300x202.jpg\" width=\"300\" height=\"202\" alt=\"\" \/><span class=\"rl-gallery-caption\"><span class=\"rl-gallery-item-title\">Kvennhauga Foto: Yngve Strand<\/span><\/span><\/a> <\/div> <\/div> <\/div> <\/div><\/div>\n\n\n\n<p><\/p>\n","protected":false},"excerpt":{"rendered":"<p>Nedenfor ser du en oversikt over bildene som Yngve Strand har bidratt med. Trykk p\u00e5 ett av bildene, s\u00e5 kan du bla deg gjennom de i full st\u00f8rrelse.<\/p>\n<p> <a class=\"continue-reading-link\" href=\"https:\/\/www.hofosshistorieforening.no\/?page_id=333\"><span>Continue reading<\/span><i class=\"crycon-right-dir\"><\/i><\/a> <\/p>\n","protected":false},"author":2,"featured_media":0,"parent":0,"menu_order":0,"comment_status":"closed","ping_status":"closed","template":"","meta":{"footnotes":""},"class_list":["post-333","page","type-page","status-publish","hentry"],"_links":{"self":[{"href":"https:\/\/www.hofosshistorieforening.no\/index.php?rest_route=\/wp\/v2\/pages\/333","targetHints":{"allow":["GET"]}}],"collection":[{"href":"https:\/\/www.hofosshistorieforening.no\/index.php?rest_route=\/wp\/v2\/pages"}],"about":[{"href":"https:\/\/www.hofosshistorieforening.no\/index.php?rest_route=\/wp\/v2\/types\/page"}],"author":[{"embeddable":true,"href":"https:\/\/www.hofosshistorieforening.no\/index.php?rest_route=\/wp\/v2\/users\/2"}],"replies":[{"embeddable":true,"href":"https:\/\/www.hofosshistorieforening.no\/index.php?rest_route=%2Fwp%2Fv2%2Fcomments&post=333"}],"version-history":[{"count":7,"href":"https:\/\/www.hofosshistorieforening.no\/index.php?rest_route=\/wp\/v2\/pages\/333\/revisions"}],"predecessor-version":[{"id":352,"href":"https:\/\/www.hofosshistorieforening.no\/index.php?rest_route=\/wp\/v2\/pages\/333\/revisions\/352"}],"wp:attachment":[{"href":"https:\/\/www.hofosshistorieforening.no\/index.php?rest_route=%2Fwp%2Fv2%2Fmedia&parent=333"}],"curies":[{"name":"wp","href":"https:\/\/api.w.org\/{rel}","templated":true}]}}