{"id":346,"date":"2019-11-18T22:33:47","date_gmt":"2019-11-18T21:33:47","guid":{"rendered":"http:\/\/172.105.75.139\/?page_id=346"},"modified":"2019-11-18T22:53:28","modified_gmt":"2019-11-18T21:53:28","slug":"bildegalleri-ivan-bratli","status":"publish","type":"page","link":"https:\/\/www.hofosshistorieforening.no\/?page_id=346","title":{"rendered":"Bildegalleri &#8211; Ivan Bratli"},"content":{"rendered":"\n<p> Nedenfor ser du en oversikt over bildene som Ivan Bratli har bidratt med. Trykk p\u00e5 ett av bildene, s\u00e5 kan du bla deg gjennom de i full st\u00f8rrelse. <\/p>\n\n\n\n<div class=\"wp-block-responsive-lightbox-gallery\"><div class=\"rl-gallery-container rl-loading\" id=\"rl-gallery-container-1\" data-gallery_id=\"343\"> <div class=\"rl-gallery rl-basicmasonry-gallery \" id=\"rl-gallery-1\" data-gallery_no=\"1\"> <div class=\"rl-gutter-sizer\"><\/div><div class=\"rl-grid-sizer\"><\/div> <div class=\"rl-gallery-item rl-gallery-item-width-4\" > <div class=\"rl-gallery-item-content\"> <a href=\"https:\/\/www.hofosshistorieforening.no\/wp-content\/uploads\/2019\/11\/dala-ivan-bratli.jpg\" title=\"Dala\" data-rl_title=\"Dala\" class=\"rl-gallery-link\" data-rl_caption=\"Dala\" data-rel=\"lightbox-gallery-1\"><img loading=\"lazy\" decoding=\"async\" src=\"https:\/\/www.hofosshistorieforening.no\/wp-content\/uploads\/2019\/11\/dala-ivan-bratli-300x203.jpg\" width=\"300\" height=\"203\" alt=\"\" \/><span class=\"rl-gallery-caption\"><span class=\"rl-gallery-item-title\">Dala<\/span><\/span><\/a> <\/div> <\/div> <div class=\"rl-gallery-item\" > <div class=\"rl-gallery-item-content\"> <a href=\"https:\/\/www.hofosshistorieforening.no\/wp-content\/uploads\/2019\/11\/maghildhaugen-ivan-bratli.jpg\" title=\"Magnhildhaugen\" data-rl_title=\"Magnhildhaugen\" class=\"rl-gallery-link\" data-rl_caption=\"Magnhildhaugen\" data-rel=\"lightbox-gallery-1\"><img loading=\"lazy\" decoding=\"async\" src=\"https:\/\/www.hofosshistorieforening.no\/wp-content\/uploads\/2019\/11\/maghildhaugen-ivan-bratli-300x203.jpg\" width=\"300\" height=\"203\" alt=\"\" \/><span class=\"rl-gallery-caption\"><span class=\"rl-gallery-item-title\">Magnhildhaugen<\/span><\/span><\/a> <\/div> <\/div> <div class=\"rl-gallery-item\" > <div class=\"rl-gallery-item-content\"> <a href=\"https:\/\/www.hofosshistorieforening.no\/wp-content\/uploads\/2019\/11\/Thor-Digernes-ved-huset-til-fotograf-B_e2.jpg\" title=\"Thor Digernes ved Bratli\" data-rl_title=\"Thor Digernes ved Bratli\" class=\"rl-gallery-link\" data-rl_caption=\"Thor Digernes ved Bratli\" data-rel=\"lightbox-gallery-1\"><img loading=\"lazy\" decoding=\"async\" src=\"https:\/\/www.hofosshistorieforening.no\/wp-content\/uploads\/2019\/11\/Thor-Digernes-ved-huset-til-fotograf-B_e2-199x300.jpg\" width=\"199\" height=\"300\" alt=\"\" \/><span class=\"rl-gallery-caption\"><span class=\"rl-gallery-item-title\">Thor Digernes ved Bratli<\/span><\/span><\/a> <\/div> <\/div> <div class=\"rl-gallery-item\" > <div class=\"rl-gallery-item-content\"> <a href=\"https:\/\/www.hofosshistorieforening.no\/wp-content\/uploads\/2019\/11\/Nordby2.jpg\" title=\"Nordby\" data-rl_title=\"Nordby\" class=\"rl-gallery-link\" data-rl_caption=\"Nordby\" data-rel=\"lightbox-gallery-1\"><img loading=\"lazy\" decoding=\"async\" src=\"https:\/\/www.hofosshistorieforening.no\/wp-content\/uploads\/2019\/11\/Nordby2-300x190.jpg\" width=\"300\" height=\"190\" alt=\"\" \/><span class=\"rl-gallery-caption\"><span class=\"rl-gallery-item-title\">Nordby<\/span><\/span><\/a> <\/div> <\/div> <div class=\"rl-gallery-item\" > <div class=\"rl-gallery-item-content\"> <a href=\"https:\/\/www.hofosshistorieforening.no\/wp-content\/uploads\/2019\/11\/K\u00e6stved-kj_ring-001-2.jpg\" title=\"K\u00e6stved-kj\u00f8ring, pause\" data-rl_title=\"K\u00e6stved-kj\u00f8ring, pause\" class=\"rl-gallery-link\" data-rl_caption=\"K\u00e6stved-kj\u00f8ring, pause\" data-rel=\"lightbox-gallery-1\"><img loading=\"lazy\" decoding=\"async\" src=\"https:\/\/www.hofosshistorieforening.no\/wp-content\/uploads\/2019\/11\/K\u00e6stved-kj_ring-001-2-182x300.jpg\" width=\"182\" height=\"300\" alt=\"\" \/><span class=\"rl-gallery-caption\"><span class=\"rl-gallery-item-title\">K\u00e6stved-kj\u00f8ring, pause<\/span><\/span><\/a> <\/div> <\/div> <div class=\"rl-gallery-item\" > <div class=\"rl-gallery-item-content\"> <a href=\"https:\/\/www.hofosshistorieforening.no\/wp-content\/uploads\/2019\/11\/Karen-og-Sina-H_gden2.jpg\" title=\"Karen og Sina H\u00f8gda\" data-rl_title=\"Karen og Sina H\u00f8gda\" class=\"rl-gallery-link\" data-rl_caption=\"Karen og Sina H\u00f8gda\" data-rel=\"lightbox-gallery-1\"><img loading=\"lazy\" decoding=\"async\" src=\"https:\/\/www.hofosshistorieforening.no\/wp-content\/uploads\/2019\/11\/Karen-og-Sina-H_gden2-300x189.jpg\" width=\"300\" height=\"189\" alt=\"\" \/><span class=\"rl-gallery-caption\"><span class=\"rl-gallery-item-title\">Karen og Sina H\u00f8gda<\/span><\/span><\/a> <\/div> <\/div> <div class=\"rl-gallery-item\" > <div class=\"rl-gallery-item-content\"> <a href=\"https:\/\/www.hofosshistorieforening.no\/wp-content\/uploads\/2019\/11\/Thorleif-Gudrun-Terje-Inger-Lise-Hagen-2.jpg\" title=\"Torleif, Gudrun, Terje, Inger og Lise Hagen\" data-rl_title=\"Torleif, Gudrun, Terje, Inger og Lise Hagen\" class=\"rl-gallery-link\" data-rl_caption=\"Torleif, Gudrun, Terje, Inger og Lise Hagen\" data-rel=\"lightbox-gallery-1\"><img loading=\"lazy\" decoding=\"async\" src=\"https:\/\/www.hofosshistorieforening.no\/wp-content\/uploads\/2019\/11\/Thorleif-Gudrun-Terje-Inger-Lise-Hagen-2-204x300.jpg\" width=\"204\" height=\"300\" alt=\"\" \/><span class=\"rl-gallery-caption\"><span class=\"rl-gallery-item-title\">Torleif, Gudrun, Terje, Inger og Lise Hagen<\/span><\/span><\/a> <\/div> <\/div> <div class=\"rl-gallery-item\" > <div class=\"rl-gallery-item-content\"> <a href=\"https:\/\/www.hofosshistorieforening.no\/wp-content\/uploads\/2019\/11\/T_mmerkj_ring-2.jpg\" title=\"T\u00f8mmerkj\u00f8ring\" data-rl_title=\"T\u00f8mmerkj\u00f8ring\" class=\"rl-gallery-link\" data-rl_caption=\"T\u00f8mmerkj\u00f8ring\" data-rel=\"lightbox-gallery-1\"><img loading=\"lazy\" decoding=\"async\" src=\"https:\/\/www.hofosshistorieforening.no\/wp-content\/uploads\/2019\/11\/T_mmerkj_ring-2-300x203.jpg\" width=\"300\" height=\"203\" alt=\"\" \/><span class=\"rl-gallery-caption\"><span class=\"rl-gallery-item-title\">T\u00f8mmerkj\u00f8ring<\/span><\/span><\/a> <\/div> <\/div> <div class=\"rl-gallery-item\" > <div class=\"rl-gallery-item-content\"> <a href=\"https:\/\/www.hofosshistorieforening.no\/wp-content\/uploads\/2019\/11\/Nordby-001-2.jpg\" title=\"Nordby i onna\" data-rl_title=\"Nordby i onna\" class=\"rl-gallery-link\" data-rl_caption=\"Nordby i onna\" data-rel=\"lightbox-gallery-1\"><img loading=\"lazy\" decoding=\"async\" src=\"https:\/\/www.hofosshistorieforening.no\/wp-content\/uploads\/2019\/11\/Nordby-001-2-300x162.jpg\" width=\"300\" height=\"162\" alt=\"\" \/><span class=\"rl-gallery-caption\"><span class=\"rl-gallery-item-title\">Nordby i onna<\/span><\/span><\/a> <\/div> <\/div> <div class=\"rl-gallery-item\" > <div class=\"rl-gallery-item-content\"> <a href=\"https:\/\/www.hofosshistorieforening.no\/wp-content\/uploads\/2019\/11\/Nabotreff.jpg\" title=\"Nabotreff\" data-rl_title=\"Nabotreff\" class=\"rl-gallery-link\" data-rl_caption=\"Nabotreff\" data-rel=\"lightbox-gallery-1\"><img loading=\"lazy\" decoding=\"async\" src=\"https:\/\/www.hofosshistorieforening.no\/wp-content\/uploads\/2019\/11\/Nabotreff-300x208.jpg\" width=\"300\" height=\"208\" alt=\"\" \/><span class=\"rl-gallery-caption\"><span class=\"rl-gallery-item-title\">Nabotreff<\/span><\/span><\/a> <\/div> <\/div> <div class=\"rl-gallery-item\" > <div class=\"rl-gallery-item-content\"> <a href=\"https:\/\/www.hofosshistorieforening.no\/wp-content\/uploads\/2019\/11\/K\u00e6stved-kj_ring-2-1.jpg\" title=\"\" data-rl_title=\"\" class=\"rl-gallery-link\" data-rl_caption=\"\" data-rel=\"lightbox-gallery-1\"><img loading=\"lazy\" decoding=\"async\" src=\"https:\/\/www.hofosshistorieforening.no\/wp-content\/uploads\/2019\/11\/K\u00e6stved-kj_ring-2-1-300x201.jpg\" width=\"300\" height=\"201\" alt=\"\" \/><\/a> <\/div> <\/div> <div class=\"rl-gallery-item\" > <div class=\"rl-gallery-item-content\"> <a href=\"https:\/\/www.hofosshistorieforening.no\/wp-content\/uploads\/2019\/10\/Ivan-Vinterbilde-fra-H\u00e6ljeb\u00e6r2-400x312.jpg\" title=\"Vinterbilde fra H\u00e6ljeb\u00e6r\" data-rl_title=\"Vinterbilde fra H\u00e6ljeb\u00e6r\" class=\"rl-gallery-link\" data-rl_caption=\"Vinterbilde fra H\u00e6ljeb\u00e6r\" data-rel=\"lightbox-gallery-1\"><img loading=\"lazy\" decoding=\"async\" src=\"https:\/\/www.hofosshistorieforening.no\/wp-content\/uploads\/2019\/10\/Ivan-Vinterbilde-fra-H\u00e6ljeb\u00e6r2-400x312-300x234.jpg\" width=\"300\" height=\"234\" alt=\"\" \/><span class=\"rl-gallery-caption\"><span class=\"rl-gallery-item-title\">Vinterbilde fra H\u00e6ljeb\u00e6r<\/span><\/span><\/a> <\/div> <\/div> <div class=\"rl-gallery-item\" > <div class=\"rl-gallery-item-content\"> <a href=\"https:\/\/www.hofosshistorieforening.no\/wp-content\/uploads\/2019\/10\/Ivan-med-storebror-Bj_rn-1953-2.jpg\" title=\"Ivan og storebror\" data-rl_title=\"Ivan og storebror\" class=\"rl-gallery-link\" data-rl_caption=\"Ivan og storebror\" data-rel=\"lightbox-gallery-1\"><img loading=\"lazy\" decoding=\"async\" src=\"https:\/\/www.hofosshistorieforening.no\/wp-content\/uploads\/2019\/10\/Ivan-med-storebror-Bj_rn-1953-2-295x300.jpg\" width=\"295\" height=\"300\" alt=\"\" \/><span class=\"rl-gallery-caption\"><span class=\"rl-gallery-item-title\">Ivan og storebror<\/span><\/span><\/a> <\/div> <\/div> <div class=\"rl-gallery-item\" > <div class=\"rl-gallery-item-content\"> <a href=\"https:\/\/www.hofosshistorieforening.no\/wp-content\/uploads\/2019\/10\/Ivan-mater-h_nene-1953-2.jpg\" title=\"Ivan mater h\u00f8nene\" data-rl_title=\"Ivan mater h\u00f8nene\" class=\"rl-gallery-link\" data-rl_caption=\"Ivan mater h\u00f8nene\" data-rel=\"lightbox-gallery-1\"><img loading=\"lazy\" decoding=\"async\" src=\"https:\/\/www.hofosshistorieforening.no\/wp-content\/uploads\/2019\/10\/Ivan-mater-h_nene-1953-2-296x300.jpg\" width=\"296\" height=\"300\" alt=\"\" \/><span class=\"rl-gallery-caption\"><span class=\"rl-gallery-item-title\">Ivan mater h\u00f8nene<\/span><\/span><\/a> <\/div> <\/div> <\/div> <\/div><\/div>\n","protected":false},"excerpt":{"rendered":"<p>Nedenfor ser du en oversikt over bildene som Ivan Bratli har bidratt med. Trykk p\u00e5 ett av bildene, s\u00e5 kan du bla deg gjennom de i full st\u00f8rrelse.<\/p>\n<p> <a class=\"continue-reading-link\" href=\"https:\/\/www.hofosshistorieforening.no\/?page_id=346\"><span>Continue reading<\/span><i class=\"crycon-right-dir\"><\/i><\/a> <\/p>\n","protected":false},"author":2,"featured_media":0,"parent":0,"menu_order":0,"comment_status":"closed","ping_status":"closed","template":"","meta":{"footnotes":""},"class_list":["post-346","page","type-page","status-publish","hentry"],"_links":{"self":[{"href":"https:\/\/www.hofosshistorieforening.no\/index.php?rest_route=\/wp\/v2\/pages\/346","targetHints":{"allow":["GET"]}}],"collection":[{"href":"https:\/\/www.hofosshistorieforening.no\/index.php?rest_route=\/wp\/v2\/pages"}],"about":[{"href":"https:\/\/www.hofosshistorieforening.no\/index.php?rest_route=\/wp\/v2\/types\/page"}],"author":[{"embeddable":true,"href":"https:\/\/www.hofosshistorieforening.no\/index.php?rest_route=\/wp\/v2\/users\/2"}],"replies":[{"embeddable":true,"href":"https:\/\/www.hofosshistorieforening.no\/index.php?rest_route=%2Fwp%2Fv2%2Fcomments&post=346"}],"version-history":[{"count":4,"href":"https:\/\/www.hofosshistorieforening.no\/index.php?rest_route=\/wp\/v2\/pages\/346\/revisions"}],"predecessor-version":[{"id":351,"href":"https:\/\/www.hofosshistorieforening.no\/index.php?rest_route=\/wp\/v2\/pages\/346\/revisions\/351"}],"wp:attachment":[{"href":"https:\/\/www.hofosshistorieforening.no\/index.php?rest_route=%2Fwp%2Fv2%2Fmedia&parent=346"}],"curies":[{"name":"wp","href":"https:\/\/api.w.org\/{rel}","templated":true}]}}