{"id":420,"date":"2019-11-23T18:36:18","date_gmt":"2019-11-23T17:36:18","guid":{"rendered":"http:\/\/172.105.75.139\/?page_id=420"},"modified":"2026-03-15T10:47:00","modified_gmt":"2026-03-15T09:47:00","slug":"hofossdagen-2012","status":"publish","type":"page","link":"https:\/\/www.hofosshistorieforening.no\/?page_id=420","title":{"rendered":"Hofossdagen &#8211; 2012"},"content":{"rendered":"\n<p>Gamle og nye hofossinger, fastboende, utflyttede og ferierende:&nbsp;<br><\/p>\n\n\n\n<p class=\"has-text-align-center has-large-font-size\">Velkommen til<\/p>\n\n\n\n<p class=\"has-text-align-center has-large-font-size\"><strong>Hofossdagen<\/strong><\/p>\n\n\n\n<p class=\"has-text-align-center has-medium-font-size\">L\u00f8rdag 30. juni 2012, kl. 13 &#8211; 17<\/p>\n\n\n\n<p><strong>Program<\/strong><\/p>\n\n\n\n<ol class=\"wp-block-list\">\n<li> Velkommen v\/Erlend Strand <\/li>\n\n\n\n<li> Foredrag v\/Trond Nordby <\/li>\n\n\n\n<li> Vi g\u00e5r kulturstien om kvenna, \u00c5flodammen og posteringa, med Thor Olsen som guide<\/li>\n\n\n\n<li> Hofossquiz <\/li>\n\n\n\n<li> Bevertning, foreningen selger kaffe, te og vafler <\/li>\n<\/ol>\n\n\n\n<p>Husk \u00e5 ta med noe \u00e5 sitte p\u00e5, noe \u00e5 skrive med, og kl\u00e6r etter v\u00e6ret. Ta ogs\u00e5 med egne fortellinger og minner fra Hofoss. H\u00e5per vi ses! Vi m\u00f8tes p\u00e5 tunet i T\u00e6sstu\u2019n.<br><\/p>\n\n\n\n<p>Sp\u00f8rsm\u00e5l kan rettes til Erlend Strand p\u00e5 <a href=\"mailto:erlendstr@gmail.com\">erlendstr@gmail.com<\/a> eller sms 99 27 37 92.<br> <em>Trond Nordby<\/em> <\/p>\n\n\n\n<p class=\"has-medium-font-size\"><strong>Hva er Hofoss?<\/strong><\/p>\n\n\n<a href=\"https:\/\/www.hofosshistorieforening.no\/wp-content\/uploads\/2020\/01\/IHva-er-Hofoss.doc-Trond-2012-rhn.pdf\" class=\"pdfemb-viewer\" style=\"\" data-width=\"max\" data-height=\"max\" data-toolbar=\"bottom\" data-toolbar-fixed=\"on\">IHva-er-Hofoss.doc-Trond-2012-rhn<\/a>","protected":false},"excerpt":{"rendered":"<p>Gamle og nye hofossinger, fastboende, utflyttede og ferierende:&nbsp; Velkommen til Hofossdagen L\u00f8rdag 30. juni 2012, kl. 13 &#8211; 17 Program Husk \u00e5 ta med noe \u00e5 sitte p\u00e5, noe \u00e5 skrive med, og kl\u00e6r etter v\u00e6ret. Ta ogs\u00e5 med egne fortellinger og minner fra Hofoss. H\u00e5per vi ses! Vi m\u00f8tes&#8230;<\/p>\n<p> <a class=\"continue-reading-link\" href=\"https:\/\/www.hofosshistorieforening.no\/?page_id=420\"><span>Continue reading<\/span><i class=\"crycon-right-dir\"><\/i><\/a> <\/p>\n","protected":false},"author":2,"featured_media":0,"parent":0,"menu_order":0,"comment_status":"closed","ping_status":"closed","template":"templates\/template-onecolumn.php","meta":{"footnotes":""},"class_list":["post-420","page","type-page","status-publish","hentry"],"_links":{"self":[{"href":"https:\/\/www.hofosshistorieforening.no\/index.php?rest_route=\/wp\/v2\/pages\/420","targetHints":{"allow":["GET"]}}],"collection":[{"href":"https:\/\/www.hofosshistorieforening.no\/index.php?rest_route=\/wp\/v2\/pages"}],"about":[{"href":"https:\/\/www.hofosshistorieforening.no\/index.php?rest_route=\/wp\/v2\/types\/page"}],"author":[{"embeddable":true,"href":"https:\/\/www.hofosshistorieforening.no\/index.php?rest_route=\/wp\/v2\/users\/2"}],"replies":[{"embeddable":true,"href":"https:\/\/www.hofosshistorieforening.no\/index.php?rest_route=%2Fwp%2Fv2%2Fcomments&post=420"}],"version-history":[{"count":8,"href":"https:\/\/www.hofosshistorieforening.no\/index.php?rest_route=\/wp\/v2\/pages\/420\/revisions"}],"predecessor-version":[{"id":1414,"href":"https:\/\/www.hofosshistorieforening.no\/index.php?rest_route=\/wp\/v2\/pages\/420\/revisions\/1414"}],"wp:attachment":[{"href":"https:\/\/www.hofosshistorieforening.no\/index.php?rest_route=%2Fwp%2Fv2%2Fmedia&parent=420"}],"curies":[{"name":"wp","href":"https:\/\/api.w.org\/{rel}","templated":true}]}}