{"id":47,"date":"2019-10-28T19:18:42","date_gmt":"2019-10-28T18:18:42","guid":{"rendered":"http:\/\/172.105.75.139\/?page_id=47"},"modified":"2026-03-14T17:54:29","modified_gmt":"2026-03-14T16:54:29","slug":"hofossdagen-2017-2","status":"publish","type":"page","link":"https:\/\/www.hofosshistorieforening.no\/?page_id=47","title":{"rendered":"Hofossdagen &#8211; 2017"},"content":{"rendered":"\n<p class=\"has-text-align-center\">L\u00f8rdag 24. JUNI 2017, kl. 14.00<br>I HALVORSTUEN<\/p>\n\n\n\n<p class=\"has-text-align-center has-medium-font-size\"><strong>PROGRAM<\/strong><\/p>\n\n\n\n<p class=\"has-text-align-left\">1. Velkommen ved leder Dag Kjensjord<br>2. Melodier etter komponisten Anton Hofoss, spilt av\u00bb Hofossmusikken anno 1880\u00bb, vil bli presentert av musikeren Trond Aarstad m.fl. denne dagen.<br>3. Hofossing og prof. i statsvidenskap Trond Nordby, vil fortelle om musikklivet p\u00e5 Hofoss og p\u00e5 storgardene p\u00e5 \u00d8stlandet p\u00e5 slutten av 1800 tallet.<br>4. Salg av minneralvann, p\u00f8lser, kaffe og vafler.<\/p>\n\n\n\n<p><strong>Velkommen til Hofoss!<\/strong><\/p>\n\n\n\n<p>Bilder fra dagens arrangement finner du lengre ned.<\/p>\n\n\n\n<p class=\"has-pale-cyan-blue-background-color has-background\" style=\"font-size:18px\"><strong>Tema for dagen<\/strong> <strong>&#8211; Hofossmusikken<\/strong><\/p>\n\n\n\n<p>Tekst?<\/p>\n\n\n\n<p class=\"has-pale-cyan-blue-background-color has-background\"><strong>Bilder fra arrangementet<\/strong><\/p>\n\n\n\n<div class=\"wp-block-columns is-layout-flex wp-container-core-columns-is-layout-9d6595d7 wp-block-columns-is-layout-flex\">\n<div class=\"wp-block-column is-layout-flow wp-block-column-is-layout-flow\">\n<figure class=\"wp-block-image size-large\"><img loading=\"lazy\" decoding=\"async\" width=\"1024\" height=\"597\" src=\"https:\/\/www.hofosshistorieforening.no\/wp-content\/uploads\/2020\/01\/M2017-dag-1024x597.jpg\" alt=\"\" class=\"wp-image-914\" srcset=\"https:\/\/www.hofosshistorieforening.no\/wp-content\/uploads\/2020\/01\/M2017-dag-1024x597.jpg 1024w, https:\/\/www.hofosshistorieforening.no\/wp-content\/uploads\/2020\/01\/M2017-dag-300x175.jpg 300w, https:\/\/www.hofosshistorieforening.no\/wp-content\/uploads\/2020\/01\/M2017-dag-768x447.jpg 768w, https:\/\/www.hofosshistorieforening.no\/wp-content\/uploads\/2020\/01\/M2017-dag-1536x895.jpg 1536w, https:\/\/www.hofosshistorieforening.no\/wp-content\/uploads\/2020\/01\/M2017-dag-150x87.jpg 150w, https:\/\/www.hofosshistorieforening.no\/wp-content\/uploads\/2020\/01\/M2017-dag.jpg 1852w\" sizes=\"auto, (max-width: 1024px) 100vw, 1024px\" \/><figcaption class=\"wp-element-caption\">Dag Kjensjord &#8211; leder<\/figcaption><\/figure>\n\n\n\n<figure class=\"wp-block-image size-large\"><img loading=\"lazy\" decoding=\"async\" width=\"1024\" height=\"682\" src=\"https:\/\/www.hofosshistorieforening.no\/wp-content\/uploads\/2020\/01\/M2017-trio-1024x682.jpg\" alt=\"\" class=\"wp-image-917\" srcset=\"https:\/\/www.hofosshistorieforening.no\/wp-content\/uploads\/2020\/01\/M2017-trio-1024x682.jpg 1024w, https:\/\/www.hofosshistorieforening.no\/wp-content\/uploads\/2020\/01\/M2017-trio-300x200.jpg 300w, https:\/\/www.hofosshistorieforening.no\/wp-content\/uploads\/2020\/01\/M2017-trio-768x512.jpg 768w, https:\/\/www.hofosshistorieforening.no\/wp-content\/uploads\/2020\/01\/M2017-trio-1536x1023.jpg 1536w, https:\/\/www.hofosshistorieforening.no\/wp-content\/uploads\/2020\/01\/M2017-trio-150x100.jpg 150w, https:\/\/www.hofosshistorieforening.no\/wp-content\/uploads\/2020\/01\/M2017-trio.jpg 1732w\" sizes=\"auto, (max-width: 1024px) 100vw, 1024px\" \/><figcaption class=\"wp-element-caption\">Musikk av trio<\/figcaption><\/figure>\n\n\n\n<figure class=\"wp-block-image size-large\"><img loading=\"lazy\" decoding=\"async\" width=\"1024\" height=\"719\" src=\"https:\/\/www.hofosshistorieforening.no\/wp-content\/uploads\/2020\/01\/M2017-TrondNordby-1024x719.jpg\" alt=\"\" class=\"wp-image-909\" srcset=\"https:\/\/www.hofosshistorieforening.no\/wp-content\/uploads\/2020\/01\/M2017-TrondNordby-1024x719.jpg 1024w, https:\/\/www.hofosshistorieforening.no\/wp-content\/uploads\/2020\/01\/M2017-TrondNordby-300x211.jpg 300w, https:\/\/www.hofosshistorieforening.no\/wp-content\/uploads\/2020\/01\/M2017-TrondNordby-768x539.jpg 768w, https:\/\/www.hofosshistorieforening.no\/wp-content\/uploads\/2020\/01\/M2017-TrondNordby-1536x1078.jpg 1536w, https:\/\/www.hofosshistorieforening.no\/wp-content\/uploads\/2020\/01\/M2017-TrondNordby-150x105.jpg 150w, https:\/\/www.hofosshistorieforening.no\/wp-content\/uploads\/2020\/01\/M2017-TrondNordby.jpg 1687w\" sizes=\"auto, (max-width: 1024px) 100vw, 1024px\" \/><figcaption class=\"wp-element-caption\">Trond Nordby<\/figcaption><\/figure>\n\n\n\n<figure class=\"wp-block-image size-large\"><img loading=\"lazy\" decoding=\"async\" width=\"1024\" height=\"537\" src=\"https:\/\/www.hofosshistorieforening.no\/wp-content\/uploads\/2020\/01\/Mhofossdagen2017helegroppm\u00f8te-1024x537.jpg\" alt=\"\" class=\"wp-image-911\" srcset=\"https:\/\/www.hofosshistorieforening.no\/wp-content\/uploads\/2020\/01\/Mhofossdagen2017helegroppm\u00f8te-1024x537.jpg 1024w, https:\/\/www.hofosshistorieforening.no\/wp-content\/uploads\/2020\/01\/Mhofossdagen2017helegroppm\u00f8te-300x157.jpg 300w, https:\/\/www.hofosshistorieforening.no\/wp-content\/uploads\/2020\/01\/Mhofossdagen2017helegroppm\u00f8te-768x403.jpg 768w, https:\/\/www.hofosshistorieforening.no\/wp-content\/uploads\/2020\/01\/Mhofossdagen2017helegroppm\u00f8te-1536x806.jpg 1536w, https:\/\/www.hofosshistorieforening.no\/wp-content\/uploads\/2020\/01\/Mhofossdagen2017helegroppm\u00f8te-150x79.jpg 150w, https:\/\/www.hofosshistorieforening.no\/wp-content\/uploads\/2020\/01\/Mhofossdagen2017helegroppm\u00f8te.jpg 1952w\" sizes=\"auto, (max-width: 1024px) 100vw, 1024px\" \/><\/figure>\n\n\n\n<figure class=\"wp-block-image size-large\"><img loading=\"lazy\" decoding=\"async\" width=\"1024\" height=\"576\" src=\"https:\/\/www.hofosshistorieforening.no\/wp-content\/uploads\/2020\/01\/Mhofossdagen-2017-oppm\u00f8te-1024x576.jpg\" alt=\"\" class=\"wp-image-910\" srcset=\"https:\/\/www.hofosshistorieforening.no\/wp-content\/uploads\/2020\/01\/Mhofossdagen-2017-oppm\u00f8te-1024x576.jpg 1024w, https:\/\/www.hofosshistorieforening.no\/wp-content\/uploads\/2020\/01\/Mhofossdagen-2017-oppm\u00f8te-300x169.jpg 300w, https:\/\/www.hofosshistorieforening.no\/wp-content\/uploads\/2020\/01\/Mhofossdagen-2017-oppm\u00f8te-768x432.jpg 768w, https:\/\/www.hofosshistorieforening.no\/wp-content\/uploads\/2020\/01\/Mhofossdagen-2017-oppm\u00f8te-1536x864.jpg 1536w, https:\/\/www.hofosshistorieforening.no\/wp-content\/uploads\/2020\/01\/Mhofossdagen-2017-oppm\u00f8te-150x84.jpg 150w, https:\/\/www.hofosshistorieforening.no\/wp-content\/uploads\/2020\/01\/Mhofossdagen-2017-oppm\u00f8te.jpg 1885w\" sizes=\"auto, (max-width: 1024px) 100vw, 1024px\" \/><figcaption class=\"wp-element-caption\">Godt framm\u00f8te<\/figcaption><\/figure>\n<\/div>\n\n\n\n<div class=\"wp-block-column is-layout-flow wp-block-column-is-layout-flow\">\n<figure class=\"wp-block-image size-large\"><img loading=\"lazy\" decoding=\"async\" width=\"1024\" height=\"432\" src=\"https:\/\/www.hofosshistorieforening.no\/wp-content\/uploads\/2020\/01\/M2017-140a\u030argammelfele-1-1024x432.jpg\" alt=\"\" class=\"wp-image-912\" srcset=\"https:\/\/www.hofosshistorieforening.no\/wp-content\/uploads\/2020\/01\/M2017-140a\u030argammelfele-1-1024x432.jpg 1024w, https:\/\/www.hofosshistorieforening.no\/wp-content\/uploads\/2020\/01\/M2017-140a\u030argammelfele-1-300x127.jpg 300w, https:\/\/www.hofosshistorieforening.no\/wp-content\/uploads\/2020\/01\/M2017-140a\u030argammelfele-1-768x324.jpg 768w, https:\/\/www.hofosshistorieforening.no\/wp-content\/uploads\/2020\/01\/M2017-140a\u030argammelfele-1-1536x648.jpg 1536w, https:\/\/www.hofosshistorieforening.no\/wp-content\/uploads\/2020\/01\/M2017-140a\u030argammelfele-1-2048x864.jpg 2048w, https:\/\/www.hofosshistorieforening.no\/wp-content\/uploads\/2020\/01\/M2017-140a\u030argammelfele-1-150x63.jpg 150w\" sizes=\"auto, (max-width: 1024px) 100vw, 1024px\" \/><figcaption class=\"wp-element-caption\">140 \u00e5r gammel fele<\/figcaption><\/figure>\n\n\n\n<figure class=\"wp-block-image size-large\"><img loading=\"lazy\" decoding=\"async\" width=\"1024\" height=\"682\" src=\"https:\/\/www.hofosshistorieforening.no\/wp-content\/uploads\/2020\/01\/M2017-Trond-Nordby-med-publikum-1024x682.jpg\" alt=\"\" class=\"wp-image-908\" srcset=\"https:\/\/www.hofosshistorieforening.no\/wp-content\/uploads\/2020\/01\/M2017-Trond-Nordby-med-publikum-1024x682.jpg 1024w, https:\/\/www.hofosshistorieforening.no\/wp-content\/uploads\/2020\/01\/M2017-Trond-Nordby-med-publikum-300x200.jpg 300w, https:\/\/www.hofosshistorieforening.no\/wp-content\/uploads\/2020\/01\/M2017-Trond-Nordby-med-publikum-768x512.jpg 768w, https:\/\/www.hofosshistorieforening.no\/wp-content\/uploads\/2020\/01\/M2017-Trond-Nordby-med-publikum-1536x1023.jpg 1536w, https:\/\/www.hofosshistorieforening.no\/wp-content\/uploads\/2020\/01\/M2017-Trond-Nordby-med-publikum-150x100.jpg 150w, https:\/\/www.hofosshistorieforening.no\/wp-content\/uploads\/2020\/01\/M2017-Trond-Nordby-med-publikum.jpg 1732w\" sizes=\"auto, (max-width: 1024px) 100vw, 1024px\" \/><figcaption class=\"wp-element-caption\">Trond Nordbys publikum under foredraget<\/figcaption><\/figure>\n\n\n\n<figure class=\"wp-block-image size-large\"><img loading=\"lazy\" decoding=\"async\" width=\"1024\" height=\"682\" src=\"https:\/\/www.hofosshistorieforening.no\/wp-content\/uploads\/2020\/01\/2017-G-M-Strand-1024x682.jpg\" alt=\"\" class=\"wp-image-921\" srcset=\"https:\/\/www.hofosshistorieforening.no\/wp-content\/uploads\/2020\/01\/2017-G-M-Strand-1024x682.jpg 1024w, https:\/\/www.hofosshistorieforening.no\/wp-content\/uploads\/2020\/01\/2017-G-M-Strand-300x200.jpg 300w, https:\/\/www.hofosshistorieforening.no\/wp-content\/uploads\/2020\/01\/2017-G-M-Strand-768x512.jpg 768w, https:\/\/www.hofosshistorieforening.no\/wp-content\/uploads\/2020\/01\/2017-G-M-Strand-1536x1023.jpg 1536w, https:\/\/www.hofosshistorieforening.no\/wp-content\/uploads\/2020\/01\/2017-G-M-Strand-150x100.jpg 150w, https:\/\/www.hofosshistorieforening.no\/wp-content\/uploads\/2020\/01\/2017-G-M-Strand.jpg 1732w\" sizes=\"auto, (max-width: 1024px) 100vw, 1024px\" \/><figcaption class=\"wp-element-caption\">Gunnar og Marte Strand<\/figcaption><\/figure>\n\n\n\n<figure class=\"wp-block-image size-large\"><img loading=\"lazy\" decoding=\"async\" width=\"1024\" height=\"729\" src=\"https:\/\/www.hofosshistorieforening.no\/wp-content\/uploads\/2020\/01\/M2017-Stabbur-1024x729.jpg\" alt=\"\" class=\"wp-image-915\" srcset=\"https:\/\/www.hofosshistorieforening.no\/wp-content\/uploads\/2020\/01\/M2017-Stabbur-1024x729.jpg 1024w, https:\/\/www.hofosshistorieforening.no\/wp-content\/uploads\/2020\/01\/M2017-Stabbur-300x214.jpg 300w, https:\/\/www.hofosshistorieforening.no\/wp-content\/uploads\/2020\/01\/M2017-Stabbur-768x547.jpg 768w, https:\/\/www.hofosshistorieforening.no\/wp-content\/uploads\/2020\/01\/M2017-Stabbur-1536x1094.jpg 1536w, https:\/\/www.hofosshistorieforening.no\/wp-content\/uploads\/2020\/01\/M2017-Stabbur-150x107.jpg 150w, https:\/\/www.hofosshistorieforening.no\/wp-content\/uploads\/2020\/01\/M2017-Stabbur.jpg 1675w\" sizes=\"auto, (max-width: 1024px) 100vw, 1024px\" \/><figcaption class=\"wp-element-caption\">Stabbur<\/figcaption><\/figure>\n\n\n\n<figure class=\"wp-block-image size-large\"><img loading=\"lazy\" decoding=\"async\" width=\"1024\" height=\"705\" src=\"https:\/\/www.hofosshistorieforening.no\/wp-content\/uploads\/2020\/01\/M2017-Traktor-utla\u030ant-av-Ola-Skaare-1024x705.jpg\" alt=\"\" class=\"wp-image-916\" srcset=\"https:\/\/www.hofosshistorieforening.no\/wp-content\/uploads\/2020\/01\/M2017-Traktor-utla\u030ant-av-Ola-Skaare-1024x705.jpg 1024w, https:\/\/www.hofosshistorieforening.no\/wp-content\/uploads\/2020\/01\/M2017-Traktor-utla\u030ant-av-Ola-Skaare-300x207.jpg 300w, https:\/\/www.hofosshistorieforening.no\/wp-content\/uploads\/2020\/01\/M2017-Traktor-utla\u030ant-av-Ola-Skaare-768x529.jpg 768w, https:\/\/www.hofosshistorieforening.no\/wp-content\/uploads\/2020\/01\/M2017-Traktor-utla\u030ant-av-Ola-Skaare-1536x1057.jpg 1536w, https:\/\/www.hofosshistorieforening.no\/wp-content\/uploads\/2020\/01\/M2017-Traktor-utla\u030ant-av-Ola-Skaare-150x103.jpg 150w, https:\/\/www.hofosshistorieforening.no\/wp-content\/uploads\/2020\/01\/M2017-Traktor-utla\u030ant-av-Ola-Skaare.jpg 1704w\" sizes=\"auto, (max-width: 1024px) 100vw, 1024px\" \/><figcaption class=\"wp-element-caption\">Traktor &#8211; Utl\u00e5nt av Ola Skaare<\/figcaption><\/figure>\n<\/div>\n<\/div>\n\n\n\n<p class=\"has-medium-font-size\"><strong>Video fra arrangementet<\/strong><\/p>\n\n\n\n<p class=\"has-medium-font-size\"><a href=\"https:\/\/youtu.be\/yBPl-62jN_I\">Klikk her for \u00e5 se videoen<\/a><br>Foto og redigering: Erik Sl\u00e5stad<\/p>\n\n\n\n<p><\/p>\n\n\n\n<p><\/p>\n\n\n\n<p><\/p>\n","protected":false},"excerpt":{"rendered":"<p>L\u00f8rdag 24. JUNI 2017, kl. 14.00I HALVORSTUEN PROGRAM 1. Velkommen ved leder Dag Kjensjord2. Melodier etter komponisten Anton Hofoss, spilt av\u00bb Hofossmusikken anno 1880\u00bb, vil bli presentert av musikeren Trond Aarstad m.fl. denne dagen.3. Hofossing og prof. i statsvidenskap Trond Nordby, vil fortelle om musikklivet p\u00e5 Hofoss og p\u00e5 storgardene&#8230;<\/p>\n<p> <a class=\"continue-reading-link\" href=\"https:\/\/www.hofosshistorieforening.no\/?page_id=47\"><span>Continue reading<\/span><i class=\"crycon-right-dir\"><\/i><\/a> <\/p>\n","protected":false},"author":2,"featured_media":0,"parent":0,"menu_order":0,"comment_status":"closed","ping_status":"closed","template":"","meta":{"footnotes":""},"class_list":["post-47","page","type-page","status-publish","hentry"],"_links":{"self":[{"href":"https:\/\/www.hofosshistorieforening.no\/index.php?rest_route=\/wp\/v2\/pages\/47","targetHints":{"allow":["GET"]}}],"collection":[{"href":"https:\/\/www.hofosshistorieforening.no\/index.php?rest_route=\/wp\/v2\/pages"}],"about":[{"href":"https:\/\/www.hofosshistorieforening.no\/index.php?rest_route=\/wp\/v2\/types\/page"}],"author":[{"embeddable":true,"href":"https:\/\/www.hofosshistorieforening.no\/index.php?rest_route=\/wp\/v2\/users\/2"}],"replies":[{"embeddable":true,"href":"https:\/\/www.hofosshistorieforening.no\/index.php?rest_route=%2Fwp%2Fv2%2Fcomments&post=47"}],"version-history":[{"count":17,"href":"https:\/\/www.hofosshistorieforening.no\/index.php?rest_route=\/wp\/v2\/pages\/47\/revisions"}],"predecessor-version":[{"id":1406,"href":"https:\/\/www.hofosshistorieforening.no\/index.php?rest_route=\/wp\/v2\/pages\/47\/revisions\/1406"}],"wp:attachment":[{"href":"https:\/\/www.hofosshistorieforening.no\/index.php?rest_route=%2Fwp%2Fv2%2Fmedia&parent=47"}],"curies":[{"name":"wp","href":"https:\/\/api.w.org\/{rel}","templated":true}]}}