{"id":58,"date":"2019-10-29T19:36:52","date_gmt":"2019-10-29T18:36:52","guid":{"rendered":"http:\/\/172.105.75.139\/?page_id=58"},"modified":"2019-11-12T22:34:23","modified_gmt":"2019-11-12T21:34:23","slug":"hofoss-historieforening-2","status":"publish","type":"page","link":"https:\/\/www.hofosshistorieforening.no\/?page_id=58","title":{"rendered":"Hofoss Historieforening"},"content":{"rendered":"\n<div class=\"wp-block-columns has-2-columns is-layout-flex wp-container-core-columns-is-layout-9d6595d7 wp-block-columns-is-layout-flex\">\n<div class=\"wp-block-column is-layout-flow wp-block-column-is-layout-flow\">\n<p>\n\nHofoss historieforening ble stiftet h\u00f8sten 2010 etter initiativ fra Dag Kjensjord, \u00d8yvind Strand og Erlend Strand. Yngve Strand (Dags onkel og \u00d8yvinds og Erlends far) samlet over en \u00e5rrekke mye kunnskap om Hofoss\u2019 fortid. Han gjorde egne utgravninger, samlet, studerte og transkriberte gamle dokumenter og videreformidlet kunnskapen til familie, venner og historieinteresserte bekjente. Da Yngve d\u00f8de 20. mai 2010, forsvant en av de fremste muntlige kildene til kunnskap om Hofosshistorien. Andre med tilknytning til Hofoss som har jobbet med lokalhistorien er Tore Noer, Thor Olsen og Trond Nordby. De har p\u00e5 ulike m\u00e5ter bidratt til, og bidrar fortsatt til, historisk kunnskap om og kulturvern av Hofoss. Et eksempel i s\u00e5 m\u00e5te er Hofoss kultursti i regi av Hok\u00e5sen utmarkslag.\n\n<\/p>\n<\/div>\n\n\n\n<div class=\"wp-block-column is-layout-flow wp-block-column-is-layout-flow\">\n<figure class=\"wp-block-image\"><img loading=\"lazy\" decoding=\"async\" width=\"1024\" height=\"665\" src=\"http:\/\/172.105.75.139\/wp-content\/uploads\/2019\/10\/Hofoss3-til-forside-1024x665.jpg\" alt=\"\" class=\"wp-image-60\" srcset=\"https:\/\/www.hofosshistorieforening.no\/wp-content\/uploads\/2019\/10\/Hofoss3-til-forside-1024x665.jpg 1024w, https:\/\/www.hofosshistorieforening.no\/wp-content\/uploads\/2019\/10\/Hofoss3-til-forside-300x195.jpg 300w, https:\/\/www.hofosshistorieforening.no\/wp-content\/uploads\/2019\/10\/Hofoss3-til-forside-768x498.jpg 768w, https:\/\/www.hofosshistorieforening.no\/wp-content\/uploads\/2019\/10\/Hofoss3-til-forside-150x97.jpg 150w\" sizes=\"auto, (max-width: 1024px) 100vw, 1024px\" \/><figcaption>Hofoss g\u00e5rd?<\/figcaption><\/figure>\n<\/div>\n<\/div>\n\n\n\n<p>Hofoss historieforening \u00f8nsker \u00e5 samle alle lokale krefter og andre interesserte til dugnad: et dokumentasjonsprosjekt der den historiske informasjonen som kan skaffes til veie samles, digitaliseres og publiseres p\u00e5 nett. Samtidig vil prosjektet og denne nettsiden kunne bidra til styrking av lokalsamfunnet og identitetsskaping for alle med tilknytning til Hofoss.<\/p>\n\n\n\n<p><strong>Form\u00e5lsparagraf<\/strong><br>Historieforeningens hovedm\u00e5lsettinger:<\/p>\n\n\n\n<p><em>Bidra til lokalt engasjement og identitetsskaping for n\u00e5tidige og framtidige hofossinger, og andre med tilknytning til eller interesse for Hofoss<br>Bygge et digitalt arkiv med informasjon om Hofoss\u2019 historie og geografi, og publisere materialet p\u00e5 nettstedet<br>Forvalte midler til forskning p\u00e5 Hofoss\u2019 \u00f8konomiske, sosiale og kulturelle historie<br>Tilby et interaktivt forum i og med dette nettstedet, hvor alle med intere<\/em>sse <em>for Hofoss kan kommunisere og bidra med informasjon til databasen. <\/em><\/p>\n\n\n\n<p><strong>Foreningens styre og medlemmer<\/strong><br>Det ble avholdt stiftelsesm\u00f8te 10. oktober 2010 hos Inger Noer p\u00e5 Hofoss. Tilstede som stiftere var Sigmund Engdahl, Ola Skaare, Toril Aafloen Henriksen, Dag Kjensjord, Anne-Marit Nordby, Inger Noer, Gunnar Strand, Thor Olsen, Hans Otto Strand, \u00d8yvind Strand og Erlend Strand.<\/p>\n\n\n\n<p style=\"font-size:0\">Bidra til lokalt engasjement og identitetsskaping for n\u00e5tidige og framtidige hofossinger, og andre med tilknytning til eller interesse for Hofoss<br>Bygge et digitalt arkiv med informasjon om Hofoss\u2019 historie og geografi, og publisere materialet p\u00e5 nettstedet<br>Forvalte midler til forskning p\u00e5 Hofoss\u2019 \u00f8konomiske, sosiale og kulturelle historie<br>Tilby et interaktivt forum i og med dette nettstedet, hvor alle med interesse for Hofoss kan kommunisere og bidra med informasjon til databasen.<\/p>\n\n\n\n<p>Som styremedlemmer ble valgt: Erlend Strand (styreleder), Sigmund Engdahl (styremedlem), Thor Olsen (styremedlem), Dag Kjensjord (styremedlem), Inger Noer (styremedlem), Toril Aafloen Henriksen (styremedlem). \u00d8yvind Strand og Ola Skaare ble valgt til revisorer.<\/p>\n\n\n\n<p><strong>Hofoss og sosiale medier<\/strong><br>Den digitale \u00e6raen og web-revolusjonen har gjort det langt lettere \u00e5 organisere og samles om interesser, hobbyer og prosjekter enn det var f\u00f8r. P\u00e5 Facebook har gruppa Hofoss eksistert siden 2007. Facebook er uovertruffen som plattform for kommunikasjon, men ikke s\u00e6rlig egnet til systematisering av informasjon. Det er derfor \u00f8nskelig at Facebook-gruppa og foreningens nettsted supplerer hverandre og virker sammen til beste for styrking og ivaretakelse av Hofoss\u2019 identitet og kulturarv.<\/p>\n\n\n\n<p>Den digitale teknologien har gjort det mulig \u00e5 sette spor etter seg p\u00e5 en m\u00e5te som aldri tidligere i historien har v\u00e6rt mulig. Vi benytter n\u00e5 denne anledningen til \u00e5 plotte Hofoss inn p\u00e5 det digitale kartet.<\/p>\n\n\n\n<p><strong>Hofoss og framtida<\/strong><br>Hofoss er ei grend i rask forandring og blir \u00aburbanisert\u00bb p\u00e5 linje med landsbygda for\u00f8vrig i Norge. I den senere tid har Hofoss f\u00e5tt en rekke veinavn som bryter med tradisjonen i den forstand at navnene ikke er gitt av lokalbefolkningen, men av kommunen. Dette reflekteres ogs\u00e5 i stedsnavnbasen v\u00e5r. Vi vet ikke hvor Hofoss er om 200 eller 500 \u00e5r. I teorien kan ethvert lokalsamfunn lide samme skjebne som Brattfoss. Vi kan ikke fryse tida, og det er ikke mulig \u00e5 demme opp for historiens gang. Men det vi kan gj\u00f8re er \u00e5 dokumentere de ulike fasene av Hofoss\u2019 historie, lagre dokumentasjonen digitalt og p\u00e5 den m\u00e5ten gj\u00f8re den tilgjengelig for \u00abevigheten og forbi\u00bb. N\u00e5r det gjelder fortida m\u00e5 vi for en stor del rekonstruere de historiske fasene etter beste evne. Framtidas Hofoss-historikere og digitale arkeologer kan vi langt p\u00e5 vei hjelpe ved \u00e5 samle informasjonen vi sitter p\u00e5, ta bilder av bygninger og landskap N\u00c5, og skrive om v\u00e5re tanker og observasjoner og publisere dem her p\u00e5 nettstedet.<\/p>\n\n\n\n<p>Det understrekes at det er rom for personlige og subjektive s\u00e5vel som faglige bidrag.<\/p>\n\n\n\n<p>Erlend Strand, oktober 2010<\/p>\n","protected":false},"excerpt":{"rendered":"<p>Hofoss historieforening ble stiftet h\u00f8sten 2010 etter initiativ fra Dag Kjensjord, \u00d8yvind Strand og Erlend Strand. Yngve Strand (Dags onkel og \u00d8yvinds og Erlends far) samlet over en \u00e5rrekke mye kunnskap om Hofoss\u2019 fortid. Han gjorde egne utgravninger, samlet, studerte og transkriberte gamle dokumenter og videreformidlet kunnskapen til familie, venner&#8230;<\/p>\n<p> <a class=\"continue-reading-link\" href=\"https:\/\/www.hofosshistorieforening.no\/?page_id=58\"><span>Continue reading<\/span><i class=\"crycon-right-dir\"><\/i><\/a> <\/p>\n","protected":false},"author":2,"featured_media":0,"parent":0,"menu_order":0,"comment_status":"closed","ping_status":"closed","template":"","meta":{"footnotes":""},"class_list":["post-58","page","type-page","status-publish","hentry"],"_links":{"self":[{"href":"https:\/\/www.hofosshistorieforening.no\/index.php?rest_route=\/wp\/v2\/pages\/58","targetHints":{"allow":["GET"]}}],"collection":[{"href":"https:\/\/www.hofosshistorieforening.no\/index.php?rest_route=\/wp\/v2\/pages"}],"about":[{"href":"https:\/\/www.hofosshistorieforening.no\/index.php?rest_route=\/wp\/v2\/types\/page"}],"author":[{"embeddable":true,"href":"https:\/\/www.hofosshistorieforening.no\/index.php?rest_route=\/wp\/v2\/users\/2"}],"replies":[{"embeddable":true,"href":"https:\/\/www.hofosshistorieforening.no\/index.php?rest_route=%2Fwp%2Fv2%2Fcomments&post=58"}],"version-history":[{"count":5,"href":"https:\/\/www.hofosshistorieforening.no\/index.php?rest_route=\/wp\/v2\/pages\/58\/revisions"}],"predecessor-version":[{"id":294,"href":"https:\/\/www.hofosshistorieforening.no\/index.php?rest_route=\/wp\/v2\/pages\/58\/revisions\/294"}],"wp:attachment":[{"href":"https:\/\/www.hofosshistorieforening.no\/index.php?rest_route=%2Fwp%2Fv2%2Fmedia&parent=58"}],"curies":[{"name":"wp","href":"https:\/\/api.w.org\/{rel}","templated":true}]}}