{"id":806,"date":"2019-12-11T22:01:00","date_gmt":"2019-12-11T21:01:00","guid":{"rendered":"http:\/\/172.105.75.139\/?page_id=806"},"modified":"2019-12-11T22:24:01","modified_gmt":"2019-12-11T21:24:01","slug":"hva-betyr-navnet-hofoss","status":"publish","type":"page","link":"https:\/\/www.hofosshistorieforening.no\/?page_id=806","title":{"rendered":"HVA BETYR NAVNET \u2018HOFOSS\u2019?"},"content":{"rendered":"\n<p>Posted on&nbsp;7. november 2016<\/p>\n\n\n\n<p>Oluf Rygh, i Norske Gaardnavne, skriver at g\u00e5rdsnavnet \u2018Hofoss\u2019 opprinnelig betyr \u201cden h\u00f8ie Fos, af h\u00f3r (h\u00e1r), h\u00f8i\u201d (NG, 3. bind, s. 244). Norsk stadnamnleksikon, 3. opplag 2007, videref\u00f8rer Ryghs tolkning som \u201ch\u00f8gfossen\u201d (NSL, s. 217). Navnet er som vi ser et sammensatt navn, av leddene Ho- og -foss, hvor betydningen til sisteleddet ved f\u00f8rste \u00f8yekast synes noe klarere enn betydningen til f\u00f8rsteleddet. Arne Torp, professor i nordiske spr\u00e5k, skriver i en epost til meg:<\/p>\n\n\n\n<p>av Erlend Strand<\/p>\n\n\n\n<p style=\"background-color:#d2f2ff\" class=\"has-background has-medium-font-size\"><strong><a href=\"http:\/\/172.105.75.139\/?page_id=819\">Her<\/a> kan du lese mer om hva navnet Hofoss betyr.<\/strong><\/p>\n\n\n\n<p><\/p>\n","protected":false},"excerpt":{"rendered":"<p>Posted on&nbsp;7. november 2016 Oluf Rygh, i Norske Gaardnavne, skriver at g\u00e5rdsnavnet \u2018Hofoss\u2019 opprinnelig betyr \u201cden h\u00f8ie Fos, af h\u00f3r (h\u00e1r), h\u00f8i\u201d (NG, 3. bind, s. 244). Norsk stadnamnleksikon, 3. opplag 2007, videref\u00f8rer Ryghs tolkning som \u201ch\u00f8gfossen\u201d (NSL, s. 217). Navnet er som vi ser et sammensatt navn, av leddene&#8230;<\/p>\n<p> <a class=\"continue-reading-link\" href=\"https:\/\/www.hofosshistorieforening.no\/?page_id=806\"><span>Continue reading<\/span><i class=\"crycon-right-dir\"><\/i><\/a> <\/p>\n","protected":false},"author":2,"featured_media":0,"parent":0,"menu_order":0,"comment_status":"closed","ping_status":"closed","template":"","meta":{"footnotes":""},"class_list":["post-806","page","type-page","status-publish","hentry"],"_links":{"self":[{"href":"https:\/\/www.hofosshistorieforening.no\/index.php?rest_route=\/wp\/v2\/pages\/806","targetHints":{"allow":["GET"]}}],"collection":[{"href":"https:\/\/www.hofosshistorieforening.no\/index.php?rest_route=\/wp\/v2\/pages"}],"about":[{"href":"https:\/\/www.hofosshistorieforening.no\/index.php?rest_route=\/wp\/v2\/types\/page"}],"author":[{"embeddable":true,"href":"https:\/\/www.hofosshistorieforening.no\/index.php?rest_route=\/wp\/v2\/users\/2"}],"replies":[{"embeddable":true,"href":"https:\/\/www.hofosshistorieforening.no\/index.php?rest_route=%2Fwp%2Fv2%2Fcomments&post=806"}],"version-history":[{"count":8,"href":"https:\/\/www.hofosshistorieforening.no\/index.php?rest_route=\/wp\/v2\/pages\/806\/revisions"}],"predecessor-version":[{"id":822,"href":"https:\/\/www.hofosshistorieforening.no\/index.php?rest_route=\/wp\/v2\/pages\/806\/revisions\/822"}],"wp:attachment":[{"href":"https:\/\/www.hofosshistorieforening.no\/index.php?rest_route=%2Fwp%2Fv2%2Fmedia&parent=806"}],"curies":[{"name":"wp","href":"https:\/\/api.w.org\/{rel}","templated":true}]}}