{"id":928,"date":"2020-02-02T17:05:38","date_gmt":"2020-02-02T16:05:38","guid":{"rendered":"http:\/\/172.105.75.139\/?page_id=928"},"modified":"2020-02-02T18:53:54","modified_gmt":"2020-02-02T17:53:54","slug":"tekster-og-dikt","status":"publish","type":"page","link":"https:\/\/www.hofosshistorieforening.no\/?page_id=928","title":{"rendered":"Tekster og Dikt"},"content":{"rendered":"\n<p class=\"has-background has-medium-font-size has-pale-cyan-blue-background-color\"><strong>Tekster<\/strong><\/p>\n\n\n\n<p><a href=\"http:\/\/172.105.75.139\/?page_id=947\">Folkelige toner <\/a>&#8211; av Trond Nordby<\/p>\n\n\n\n<hr class=\"wp-block-separator has-text-color has-background has-vivid-cyan-blue-background-color has-vivid-cyan-blue-color is-style-wide\"\/>\n\n\n\n<p class=\"has-background has-medium-font-size has-pale-cyan-blue-background-color\"><strong>Dikt<\/strong><\/p>\n\n\n\n<p><a href=\"http:\/\/172.105.75.139\/?page_id=937\">Fjeldsj\u00f8en<\/a> &#8211; av Olaf Hofoss<br><a href=\"http:\/\/172.105.75.139\/?page_id=449\">Sanger <\/a>&#8211; Hofossguten, \u00c5flodammens brus og Hok\u00e5sens egen sang<\/p>\n\n\n\n<p><\/p>\n\n\n\n<p><\/p>\n","protected":false},"excerpt":{"rendered":"<p>Tekster Folkelige toner &#8211; av Trond Nordby Dikt Fjeldsj\u00f8en &#8211; av Olaf HofossSanger &#8211; Hofossguten, \u00c5flodammens brus og Hok\u00e5sens egen sang<\/p>\n<p> <a class=\"continue-reading-link\" href=\"https:\/\/www.hofosshistorieforening.no\/?page_id=928\"><span>Continue reading<\/span><i class=\"crycon-right-dir\"><\/i><\/a> <\/p>\n","protected":false},"author":2,"featured_media":0,"parent":0,"menu_order":0,"comment_status":"closed","ping_status":"closed","template":"","meta":{"footnotes":""},"class_list":["post-928","page","type-page","status-publish","hentry"],"_links":{"self":[{"href":"https:\/\/www.hofosshistorieforening.no\/index.php?rest_route=\/wp\/v2\/pages\/928","targetHints":{"allow":["GET"]}}],"collection":[{"href":"https:\/\/www.hofosshistorieforening.no\/index.php?rest_route=\/wp\/v2\/pages"}],"about":[{"href":"https:\/\/www.hofosshistorieforening.no\/index.php?rest_route=\/wp\/v2\/types\/page"}],"author":[{"embeddable":true,"href":"https:\/\/www.hofosshistorieforening.no\/index.php?rest_route=\/wp\/v2\/users\/2"}],"replies":[{"embeddable":true,"href":"https:\/\/www.hofosshistorieforening.no\/index.php?rest_route=%2Fwp%2Fv2%2Fcomments&post=928"}],"version-history":[{"count":4,"href":"https:\/\/www.hofosshistorieforening.no\/index.php?rest_route=\/wp\/v2\/pages\/928\/revisions"}],"predecessor-version":[{"id":949,"href":"https:\/\/www.hofosshistorieforening.no\/index.php?rest_route=\/wp\/v2\/pages\/928\/revisions\/949"}],"wp:attachment":[{"href":"https:\/\/www.hofosshistorieforening.no\/index.php?rest_route=%2Fwp%2Fv2%2Fmedia&parent=928"}],"curies":[{"name":"wp","href":"https:\/\/api.w.org\/{rel}","templated":true}]}}